{"id":6995,"date":"2024-01-18T15:00:42","date_gmt":"2024-01-18T14:00:42","guid":{"rendered":"https:\/\/legrenierdelatour.be\/brocante\/?post_type=product&#038;p=6995"},"modified":"2024-01-18T15:00:42","modified_gmt":"2024-01-18T14:00:42","slug":"bonbonniere-en-verre-boom-paul-heller","status":"publish","type":"product","link":"https:\/\/legrenierdelatour.be\/brocante\/produit\/bonbonniere-en-verre-boom-paul-heller\/","title":{"rendered":"Bonbonni\u00e8re en verre Boom, Paul Heller"},"content":{"rendered":"<p>Belle bonbonni\u00e8re en verre ros\u00e9 rehauss\u00e9e de dorures (14 cm de diam\u00e8tre). Il s\u2019agit sans doute d\u2019une production de la manufacture Rupel Boom, designer Paul Heller (1914-1995), dans les ann\u00e9es 1930-40, p\u00e9riode Art D\u00e9co. La bonbonni\u00e8re a des dorures \u00e0 l\u2019or fin. Elle est en parfait \u00e9tat.<\/p>\n<div>R\u00e9f 27.36<\/div>\n","protected":false},"excerpt":{"rendered":"<p>Belle bonbonni\u00e8re en verre ros\u00e9 rehauss\u00e9e de dorures (14 cm de diam\u00e8tre). Il s\u2019agit sans doute d\u2019une production de la manufacture Rupel Boom, designer Paul Heller (1914-1995), dans les ann\u00e9es 1930-40, p\u00e9riode Art D\u00e9co. La bonbonni\u00e8re a des dorures \u00e0 l\u2019or fin. Elle est en parfait \u00e9tat. R\u00e9f 27.36<\/p>\n","protected":false},"featured_media":6996,"comment_status":"open","ping_status":"closed","template":"","meta":{"neve_meta_sidebar":"","neve_meta_container":"","neve_meta_enable_content_width":"off","neve_meta_content_width":100,"neve_meta_title_alignment":"","neve_meta_author_avatar":"","neve_post_elements_order":"","neve_meta_disable_header":"","neve_meta_disable_footer":"","neve_meta_disable_title":""},"product_brand":[],"product_cat":[106,22],"product_tag":[21],"class_list":{"0":"post-6995","1":"product","2":"type-product","3":"status-publish","4":"has-post-thumbnail","6":"product_cat-boom","7":"product_cat-verrerie","8":"product_tag-art-deco","10":"first","11":"instock","12":"shipping-taxable","13":"purchasable","14":"product-type-simple"},"_links":{"self":[{"href":"https:\/\/legrenierdelatour.be\/brocante\/wp-json\/wp\/v2\/product\/6995","targetHints":{"allow":["GET"]}}],"collection":[{"href":"https:\/\/legrenierdelatour.be\/brocante\/wp-json\/wp\/v2\/product"}],"about":[{"href":"https:\/\/legrenierdelatour.be\/brocante\/wp-json\/wp\/v2\/types\/product"}],"replies":[{"embeddable":true,"href":"https:\/\/legrenierdelatour.be\/brocante\/wp-json\/wp\/v2\/comments?post=6995"}],"wp:featuredmedia":[{"embeddable":true,"href":"https:\/\/legrenierdelatour.be\/brocante\/wp-json\/wp\/v2\/media\/6996"}],"wp:attachment":[{"href":"https:\/\/legrenierdelatour.be\/brocante\/wp-json\/wp\/v2\/media?parent=6995"}],"wp:term":[{"taxonomy":"product_brand","embeddable":true,"href":"https:\/\/legrenierdelatour.be\/brocante\/wp-json\/wp\/v2\/product_brand?post=6995"},{"taxonomy":"product_cat","embeddable":true,"href":"https:\/\/legrenierdelatour.be\/brocante\/wp-json\/wp\/v2\/product_cat?post=6995"},{"taxonomy":"product_tag","embeddable":true,"href":"https:\/\/legrenierdelatour.be\/brocante\/wp-json\/wp\/v2\/product_tag?post=6995"}],"curies":[{"name":"wp","href":"https:\/\/api.w.org\/{rel}","templated":true}]}}