{"id":6964,"date":"2024-01-17T13:19:39","date_gmt":"2024-01-17T12:19:39","guid":{"rendered":"https:\/\/legrenierdelatour.be\/brocante\/?post_type=product&#038;p=6964"},"modified":"2024-01-17T13:19:40","modified_gmt":"2024-01-17T12:19:40","slug":"gravure-luxembourg-norbert-hastert","status":"publish","type":"product","link":"https:\/\/legrenierdelatour.be\/brocante\/produit\/gravure-luxembourg-norbert-hastert\/","title":{"rendered":"Gravure Luxembourg, Norbert Hastert"},"content":{"rendered":"<p>Belle gravure (32&#215;26 cm cadre compris) repr\u00e9sentant une vue de Luxembourg. Elle a \u00e9t\u00e9 r\u00e9alis\u00e9e par Norbert Hastert en 1977. Il s\u2019agit d\u2019une \u00e9preuve d&rsquo;artiste. Norbert Hastert, n\u00e9 Luxembourg en 1942, a appris l\u2019art \u00e0 Tr\u00e8ves et est membre du Cercle Artistique de Luxembourg.<\/p>\n<div>R\u00e9f 27.24<\/div>\n","protected":false},"excerpt":{"rendered":"<p>Belle gravure (32&#215;26 cm cadre compris) repr\u00e9sentant une vue de Luxembourg. Elle a \u00e9t\u00e9 r\u00e9alis\u00e9e par Norbert Hastert en 1977. Il s\u2019agit d\u2019une \u00e9preuve d&rsquo;artiste. Norbert Hastert, n\u00e9 Luxembourg en 1942, a appris l\u2019art \u00e0 Tr\u00e8ves et est membre du Cercle Artistique de Luxembourg. R\u00e9f 27.24<\/p>\n","protected":false},"featured_media":6957,"comment_status":"open","ping_status":"closed","template":"","meta":{"neve_meta_sidebar":"","neve_meta_container":"","neve_meta_enable_content_width":"off","neve_meta_content_width":100,"neve_meta_title_alignment":"","neve_meta_author_avatar":"","neve_post_elements_order":"","neve_meta_disable_header":"","neve_meta_disable_footer":"","neve_meta_disable_title":""},"product_brand":[],"product_cat":[30,166,167],"product_tag":[],"class_list":{"0":"post-6964","1":"product","2":"type-product","3":"status-publish","4":"has-post-thumbnail","6":"product_cat-luxemburgensia","7":"product_cat-luxemburgensia-luxemburgensia","8":"product_cat-peintures-et-sculptures","10":"first","11":"instock","12":"shipping-taxable","13":"purchasable","14":"product-type-simple"},"_links":{"self":[{"href":"https:\/\/legrenierdelatour.be\/brocante\/wp-json\/wp\/v2\/product\/6964","targetHints":{"allow":["GET"]}}],"collection":[{"href":"https:\/\/legrenierdelatour.be\/brocante\/wp-json\/wp\/v2\/product"}],"about":[{"href":"https:\/\/legrenierdelatour.be\/brocante\/wp-json\/wp\/v2\/types\/product"}],"replies":[{"embeddable":true,"href":"https:\/\/legrenierdelatour.be\/brocante\/wp-json\/wp\/v2\/comments?post=6964"}],"wp:featuredmedia":[{"embeddable":true,"href":"https:\/\/legrenierdelatour.be\/brocante\/wp-json\/wp\/v2\/media\/6957"}],"wp:attachment":[{"href":"https:\/\/legrenierdelatour.be\/brocante\/wp-json\/wp\/v2\/media?parent=6964"}],"wp:term":[{"taxonomy":"product_brand","embeddable":true,"href":"https:\/\/legrenierdelatour.be\/brocante\/wp-json\/wp\/v2\/product_brand?post=6964"},{"taxonomy":"product_cat","embeddable":true,"href":"https:\/\/legrenierdelatour.be\/brocante\/wp-json\/wp\/v2\/product_cat?post=6964"},{"taxonomy":"product_tag","embeddable":true,"href":"https:\/\/legrenierdelatour.be\/brocante\/wp-json\/wp\/v2\/product_tag?post=6964"}],"curies":[{"name":"wp","href":"https:\/\/api.w.org\/{rel}","templated":true}]}}