{"id":6956,"date":"2024-01-17T13:16:29","date_gmt":"2024-01-17T12:16:29","guid":{"rendered":"https:\/\/legrenierdelatour.be\/brocante\/?post_type=product&#038;p=6956"},"modified":"2024-01-17T13:16:30","modified_gmt":"2024-01-17T12:16:30","slug":"gravure-ansemburg-norbert-hastert","status":"publish","type":"product","link":"https:\/\/legrenierdelatour.be\/brocante\/produit\/gravure-ansemburg-norbert-hastert\/","title":{"rendered":"Gravure \u00ab\u00a0Ansemburg\u00a0\u00bb Norbert Hastert"},"content":{"rendered":"<p>Belle gravure (32&#215;26 cm cadre compris) repr\u00e9sentant le ch\u00e2teau d\u2019Ansemburg au GD Luxembourg. Elle a \u00e9t\u00e9 r\u00e9alis\u00e9e par Norbert Hastert en 1978. Elle est num\u00e9rot\u00e9e 5\/30. Norbert Hastert, n\u00e9 Luxembourg en 1942, a appris l\u2019art \u00e0 Tr\u00e8ves et est membre du Cercle Artistique de Luxembourg.<\/p>\n<div>R\u00e9f 27.23<\/div>\n","protected":false},"excerpt":{"rendered":"<p>Belle gravure (32&#215;26 cm cadre compris) repr\u00e9sentant le ch\u00e2teau d\u2019Ansemburg au GD Luxembourg. Elle a \u00e9t\u00e9 r\u00e9alis\u00e9e par Norbert Hastert en 1978. Elle est num\u00e9rot\u00e9e 5\/30. Norbert Hastert, n\u00e9 Luxembourg en 1942, a appris l\u2019art \u00e0 Tr\u00e8ves et est membre du Cercle Artistique de Luxembourg. R\u00e9f 27.23<\/p>\n","protected":false},"featured_media":6960,"comment_status":"open","ping_status":"closed","template":"","meta":{"neve_meta_sidebar":"","neve_meta_container":"","neve_meta_enable_content_width":"off","neve_meta_content_width":100,"neve_meta_title_alignment":"","neve_meta_author_avatar":"","neve_post_elements_order":"","neve_meta_disable_header":"","neve_meta_disable_footer":"","neve_meta_disable_title":""},"product_brand":[],"product_cat":[30,166,167],"product_tag":[],"class_list":{"0":"post-6956","1":"product","2":"type-product","3":"status-publish","4":"has-post-thumbnail","6":"product_cat-luxemburgensia","7":"product_cat-luxemburgensia-luxemburgensia","8":"product_cat-peintures-et-sculptures","10":"first","11":"instock","12":"shipping-taxable","13":"purchasable","14":"product-type-simple"},"_links":{"self":[{"href":"https:\/\/legrenierdelatour.be\/brocante\/wp-json\/wp\/v2\/product\/6956","targetHints":{"allow":["GET"]}}],"collection":[{"href":"https:\/\/legrenierdelatour.be\/brocante\/wp-json\/wp\/v2\/product"}],"about":[{"href":"https:\/\/legrenierdelatour.be\/brocante\/wp-json\/wp\/v2\/types\/product"}],"replies":[{"embeddable":true,"href":"https:\/\/legrenierdelatour.be\/brocante\/wp-json\/wp\/v2\/comments?post=6956"}],"wp:featuredmedia":[{"embeddable":true,"href":"https:\/\/legrenierdelatour.be\/brocante\/wp-json\/wp\/v2\/media\/6960"}],"wp:attachment":[{"href":"https:\/\/legrenierdelatour.be\/brocante\/wp-json\/wp\/v2\/media?parent=6956"}],"wp:term":[{"taxonomy":"product_brand","embeddable":true,"href":"https:\/\/legrenierdelatour.be\/brocante\/wp-json\/wp\/v2\/product_brand?post=6956"},{"taxonomy":"product_cat","embeddable":true,"href":"https:\/\/legrenierdelatour.be\/brocante\/wp-json\/wp\/v2\/product_cat?post=6956"},{"taxonomy":"product_tag","embeddable":true,"href":"https:\/\/legrenierdelatour.be\/brocante\/wp-json\/wp\/v2\/product_tag?post=6956"}],"curies":[{"name":"wp","href":"https:\/\/api.w.org\/{rel}","templated":true}]}}