{"id":6932,"date":"2024-01-14T18:39:37","date_gmt":"2024-01-14T17:39:37","guid":{"rendered":"https:\/\/legrenierdelatour.be\/brocante\/?post_type=product&#038;p=6932"},"modified":"2024-01-14T18:39:38","modified_gmt":"2024-01-14T17:39:38","slug":"pot-a-lait-ceramano","status":"publish","type":"product","link":"https:\/\/legrenierdelatour.be\/brocante\/produit\/pot-a-lait-ceramano\/","title":{"rendered":"Pot \u00e0 lait Ceramano"},"content":{"rendered":"<div>Pot \u00e0 lait (8 cm de diam\u00e8tre) issu de la manufacture Ceramano (1954-1989). Cette manufacture cr\u00e9\u00e9e en 1954 par Jakob Schwaderlapp (fondateur de Jasba \u00e9galement) pour produire de fa\u00e7on plus artistique et exp\u00e9rimentale. Hans Welling et Gerada Heuckerorth sont deux designer ayant travaill\u00e9 pour Ceramano. Il est en bon \u00e9tat.<\/div>\n<div>R\u00e9f 27.02<\/div>\n","protected":false},"excerpt":{"rendered":"<p>Pot \u00e0 lait (8 cm de diam\u00e8tre) issu de la manufacture Ceramano (1954-1989). Cette manufacture cr\u00e9\u00e9e en 1954 par Jakob Schwaderlapp (fondateur de Jasba \u00e9galement) pour produire de fa\u00e7on plus artistique et exp\u00e9rimentale. Hans Welling et Gerada Heuckerorth sont deux designer ayant travaill\u00e9 pour Ceramano. Il est en bon \u00e9tat. R\u00e9f 27.02<\/p>\n","protected":false},"featured_media":6933,"comment_status":"open","ping_status":"closed","template":"","meta":{"neve_meta_sidebar":"","neve_meta_container":"","neve_meta_enable_content_width":"off","neve_meta_content_width":100,"neve_meta_title_alignment":"","neve_meta_author_avatar":"","neve_post_elements_order":"","neve_meta_disable_header":"","neve_meta_disable_footer":"","neve_meta_disable_title":""},"product_brand":[],"product_cat":[48,172,16,47],"product_tag":[],"class_list":{"0":"post-6932","1":"product","2":"type-product","3":"status-publish","4":"has-post-thumbnail","6":"product_cat-allemagne","7":"product_cat-en-cuisine","8":"product_cat-ceramique","9":"product_cat-west-germany","11":"first","12":"instock","13":"shipping-taxable","14":"purchasable","15":"product-type-simple"},"_links":{"self":[{"href":"https:\/\/legrenierdelatour.be\/brocante\/wp-json\/wp\/v2\/product\/6932","targetHints":{"allow":["GET"]}}],"collection":[{"href":"https:\/\/legrenierdelatour.be\/brocante\/wp-json\/wp\/v2\/product"}],"about":[{"href":"https:\/\/legrenierdelatour.be\/brocante\/wp-json\/wp\/v2\/types\/product"}],"replies":[{"embeddable":true,"href":"https:\/\/legrenierdelatour.be\/brocante\/wp-json\/wp\/v2\/comments?post=6932"}],"wp:featuredmedia":[{"embeddable":true,"href":"https:\/\/legrenierdelatour.be\/brocante\/wp-json\/wp\/v2\/media\/6933"}],"wp:attachment":[{"href":"https:\/\/legrenierdelatour.be\/brocante\/wp-json\/wp\/v2\/media?parent=6932"}],"wp:term":[{"taxonomy":"product_brand","embeddable":true,"href":"https:\/\/legrenierdelatour.be\/brocante\/wp-json\/wp\/v2\/product_brand?post=6932"},{"taxonomy":"product_cat","embeddable":true,"href":"https:\/\/legrenierdelatour.be\/brocante\/wp-json\/wp\/v2\/product_cat?post=6932"},{"taxonomy":"product_tag","embeddable":true,"href":"https:\/\/legrenierdelatour.be\/brocante\/wp-json\/wp\/v2\/product_tag?post=6932"}],"curies":[{"name":"wp","href":"https:\/\/api.w.org\/{rel}","templated":true}]}}