{"id":6926,"date":"2024-01-14T18:08:10","date_gmt":"2024-01-14T17:08:10","guid":{"rendered":"https:\/\/legrenierdelatour.be\/brocante\/?post_type=product&#038;p=6926"},"modified":"2024-01-14T18:08:10","modified_gmt":"2024-01-14T17:08:10","slug":"vase-strehla-4455","status":"publish","type":"product","link":"https:\/\/legrenierdelatour.be\/brocante\/produit\/vase-strehla-4455\/","title":{"rendered":"Vase Strehla 4455"},"content":{"rendered":"<p>Beau vase (13 cm de haut) en fa\u00efence verniss\u00e9e, produit en Allemagne de l\u2019Est (GDR, German Democratic Republic 1949-1990) par la fa\u00efencerie Strehla (VEB \u2018Volkseigene Betrieb&rsquo; Steingutfabrik Strehla, 1828-1989 Dresden). Ce vase est en excellent \u00e9tat et porte le num\u00e9ro de forme 4455.<\/p>\n<div>R\u00e9f 26.100<\/div>\n","protected":false},"excerpt":{"rendered":"<p>Beau vase (13 cm de haut) en fa\u00efence verniss\u00e9e, produit en Allemagne de l\u2019Est (GDR, German Democratic Republic 1949-1990) par la fa\u00efencerie Strehla (VEB \u2018Volkseigene Betrieb&rsquo; Steingutfabrik Strehla, 1828-1989 Dresden). Ce vase est en excellent \u00e9tat et porte le num\u00e9ro de forme 4455. R\u00e9f 26.100<\/p>\n","protected":false},"featured_media":6927,"comment_status":"open","ping_status":"closed","template":"","meta":{"neve_meta_sidebar":"","neve_meta_container":"","neve_meta_enable_content_width":"off","neve_meta_content_width":100,"neve_meta_title_alignment":"","neve_meta_author_avatar":"","neve_post_elements_order":"","neve_meta_disable_header":"","neve_meta_disable_footer":"","neve_meta_disable_title":""},"product_brand":[],"product_cat":[48,16,47],"product_tag":[],"class_list":{"0":"post-6926","1":"product","2":"type-product","3":"status-publish","4":"has-post-thumbnail","6":"product_cat-allemagne","7":"product_cat-ceramique","8":"product_cat-west-germany","10":"first","11":"instock","12":"shipping-taxable","13":"purchasable","14":"product-type-simple"},"_links":{"self":[{"href":"https:\/\/legrenierdelatour.be\/brocante\/wp-json\/wp\/v2\/product\/6926","targetHints":{"allow":["GET"]}}],"collection":[{"href":"https:\/\/legrenierdelatour.be\/brocante\/wp-json\/wp\/v2\/product"}],"about":[{"href":"https:\/\/legrenierdelatour.be\/brocante\/wp-json\/wp\/v2\/types\/product"}],"replies":[{"embeddable":true,"href":"https:\/\/legrenierdelatour.be\/brocante\/wp-json\/wp\/v2\/comments?post=6926"}],"wp:featuredmedia":[{"embeddable":true,"href":"https:\/\/legrenierdelatour.be\/brocante\/wp-json\/wp\/v2\/media\/6927"}],"wp:attachment":[{"href":"https:\/\/legrenierdelatour.be\/brocante\/wp-json\/wp\/v2\/media?parent=6926"}],"wp:term":[{"taxonomy":"product_brand","embeddable":true,"href":"https:\/\/legrenierdelatour.be\/brocante\/wp-json\/wp\/v2\/product_brand?post=6926"},{"taxonomy":"product_cat","embeddable":true,"href":"https:\/\/legrenierdelatour.be\/brocante\/wp-json\/wp\/v2\/product_cat?post=6926"},{"taxonomy":"product_tag","embeddable":true,"href":"https:\/\/legrenierdelatour.be\/brocante\/wp-json\/wp\/v2\/product_tag?post=6926"}],"curies":[{"name":"wp","href":"https:\/\/api.w.org\/{rel}","templated":true}]}}