{"id":6922,"date":"2024-01-14T17:56:03","date_gmt":"2024-01-14T16:56:03","guid":{"rendered":"https:\/\/legrenierdelatour.be\/brocante\/?post_type=product&#038;p=6922"},"modified":"2024-01-14T17:56:04","modified_gmt":"2024-01-14T16:56:04","slug":"assiette-coceram-cercle-horticole-darlon","status":"publish","type":"product","link":"https:\/\/legrenierdelatour.be\/brocante\/produit\/assiette-coceram-cercle-horticole-darlon\/","title":{"rendered":"Assiette Coceram, Cercle Horticole d&rsquo;Arlon"},"content":{"rendered":"<p>Assiette triangulaire (24 cm de c\u00f4t\u00e9) \u00e9dit\u00e9e pour les 50 ans du Cercle Horticole d\u2019Arlon (cr\u00e9\u00e9 en 1911) par la manufacture Coceram, sans doute juste avant la fermeture de celle-ci en 1960. Coceram,\u00a0fond\u00e9e par les fr\u00e8res Hector et Maurice Colin en 1947 \u00e0 Quaregnon, fermait en 1960. L&rsquo;accent de la production a \u00e9t\u00e9 mis sur des pi\u00e8ces, raviers ou cendriers publicitaires, mais on produisait aussi des vases, des pichets et des pi\u00e8ces d\u00e9coratives divers.). Cette assiette est en parfait \u00e9tat.<\/p>\n<div>R\u00e9f 26.99<\/div>\n","protected":false},"excerpt":{"rendered":"<p>Assiette triangulaire (24 cm de c\u00f4t\u00e9) \u00e9dit\u00e9e pour les 50 ans du Cercle Horticole d\u2019Arlon (cr\u00e9\u00e9 en 1911) par la manufacture Coceram, sans doute juste avant la fermeture de celle-ci en 1960. Coceram,\u00a0fond\u00e9e par les fr\u00e8res Hector et Maurice Colin en 1947 \u00e0 Quaregnon, fermait en 1960. L&rsquo;accent de la production a \u00e9t\u00e9 mis sur&hellip;&nbsp;<a href=\"https:\/\/legrenierdelatour.be\/brocante\/produit\/assiette-coceram-cercle-horticole-darlon\/\" class=\"\" rel=\"bookmark\">Lire la suite &raquo;<span class=\"screen-reader-text\">Assiette Coceram, Cercle Horticole d&rsquo;Arlon<\/span><\/a><\/p>\n","protected":false},"featured_media":6923,"comment_status":"open","ping_status":"closed","template":"","meta":{"neve_meta_sidebar":"","neve_meta_container":"","neve_meta_enable_content_width":"off","neve_meta_content_width":100,"neve_meta_title_alignment":"","neve_meta_author_avatar":"","neve_post_elements_order":"","neve_meta_disable_header":"","neve_meta_disable_footer":"","neve_meta_disable_title":""},"product_brand":[],"product_cat":[174,16,30,173,31],"product_tag":[],"class_list":{"0":"post-6922","1":"product","2":"type-product","3":"status-publish","4":"has-post-thumbnail","6":"product_cat-coceram","7":"product_cat-ceramique","8":"product_cat-luxemburgensia","9":"product_cat-objets-de-publicite","10":"product_cat-pays-darlon","12":"first","13":"instock","14":"shipping-taxable","15":"purchasable","16":"product-type-simple"},"_links":{"self":[{"href":"https:\/\/legrenierdelatour.be\/brocante\/wp-json\/wp\/v2\/product\/6922","targetHints":{"allow":["GET"]}}],"collection":[{"href":"https:\/\/legrenierdelatour.be\/brocante\/wp-json\/wp\/v2\/product"}],"about":[{"href":"https:\/\/legrenierdelatour.be\/brocante\/wp-json\/wp\/v2\/types\/product"}],"replies":[{"embeddable":true,"href":"https:\/\/legrenierdelatour.be\/brocante\/wp-json\/wp\/v2\/comments?post=6922"}],"wp:featuredmedia":[{"embeddable":true,"href":"https:\/\/legrenierdelatour.be\/brocante\/wp-json\/wp\/v2\/media\/6923"}],"wp:attachment":[{"href":"https:\/\/legrenierdelatour.be\/brocante\/wp-json\/wp\/v2\/media?parent=6922"}],"wp:term":[{"taxonomy":"product_brand","embeddable":true,"href":"https:\/\/legrenierdelatour.be\/brocante\/wp-json\/wp\/v2\/product_brand?post=6922"},{"taxonomy":"product_cat","embeddable":true,"href":"https:\/\/legrenierdelatour.be\/brocante\/wp-json\/wp\/v2\/product_cat?post=6922"},{"taxonomy":"product_tag","embeddable":true,"href":"https:\/\/legrenierdelatour.be\/brocante\/wp-json\/wp\/v2\/product_tag?post=6922"}],"curies":[{"name":"wp","href":"https:\/\/api.w.org\/{rel}","templated":true}]}}