{"id":6919,"date":"2024-01-14T16:54:04","date_gmt":"2024-01-14T15:54:04","guid":{"rendered":"https:\/\/legrenierdelatour.be\/brocante\/?post_type=product&#038;p=6919"},"modified":"2024-01-14T16:54:05","modified_gmt":"2024-01-14T15:54:05","slug":"boite-a-cigares-nolra","status":"publish","type":"product","link":"https:\/\/legrenierdelatour.be\/brocante\/produit\/boite-a-cigares-nolra\/","title":{"rendered":"Bo\u00eete \u00e0 cigares Nolra"},"content":{"rendered":"<p>Bo\u00eete \u00e0 cigares Nolra (20,5&#215;9,5cm x3,5 cm de haut) de la manufacture Ernest Martha (1844-1911) \u00e0 Arlon. Cette manufacture situ\u00e9e entre le March\u00e9 aux L\u00e9gumes et la Place Didier \u00e0 Arlon \u00e9tait fort importante en tous cas en 1887, avec une expansion encore d\u00e9but du 20\u00e8 si\u00e8cle. La premi\u00e8re guerre mondiale sonna le glas pourla production. L\u2019\u00e9tat de la bo\u00eete est excellent.<\/p>\n<div>R\u00e9f 26.95<\/div>\n","protected":false},"excerpt":{"rendered":"<p>Bo\u00eete \u00e0 cigares Nolra (20,5&#215;9,5cm x3,5 cm de haut) de la manufacture Ernest Martha (1844-1911) \u00e0 Arlon. Cette manufacture situ\u00e9e entre le March\u00e9 aux L\u00e9gumes et la Place Didier \u00e0 Arlon \u00e9tait fort importante en tous cas en 1887, avec une expansion encore d\u00e9but du 20\u00e8 si\u00e8cle. La premi\u00e8re guerre mondiale sonna le glas pourla&hellip;&nbsp;<a href=\"https:\/\/legrenierdelatour.be\/brocante\/produit\/boite-a-cigares-nolra\/\" class=\"\" rel=\"bookmark\">Lire la suite &raquo;<span class=\"screen-reader-text\">Bo\u00eete \u00e0 cigares Nolra<\/span><\/a><\/p>\n","protected":false},"featured_media":6920,"comment_status":"open","ping_status":"closed","template":"","meta":{"neve_meta_sidebar":"","neve_meta_container":"","neve_meta_enable_content_width":"off","neve_meta_content_width":100,"neve_meta_title_alignment":"","neve_meta_author_avatar":"","neve_post_elements_order":"","neve_meta_disable_header":"","neve_meta_disable_footer":"","neve_meta_disable_title":""},"product_brand":[],"product_cat":[183,30,31],"product_tag":[],"class_list":{"0":"post-6919","1":"product","2":"type-product","3":"status-publish","4":"has-post-thumbnail","6":"product_cat-bureau-et-fumoir","7":"product_cat-luxemburgensia","8":"product_cat-pays-darlon","10":"first","11":"instock","12":"shipping-taxable","13":"purchasable","14":"product-type-simple"},"_links":{"self":[{"href":"https:\/\/legrenierdelatour.be\/brocante\/wp-json\/wp\/v2\/product\/6919","targetHints":{"allow":["GET"]}}],"collection":[{"href":"https:\/\/legrenierdelatour.be\/brocante\/wp-json\/wp\/v2\/product"}],"about":[{"href":"https:\/\/legrenierdelatour.be\/brocante\/wp-json\/wp\/v2\/types\/product"}],"replies":[{"embeddable":true,"href":"https:\/\/legrenierdelatour.be\/brocante\/wp-json\/wp\/v2\/comments?post=6919"}],"wp:featuredmedia":[{"embeddable":true,"href":"https:\/\/legrenierdelatour.be\/brocante\/wp-json\/wp\/v2\/media\/6920"}],"wp:attachment":[{"href":"https:\/\/legrenierdelatour.be\/brocante\/wp-json\/wp\/v2\/media?parent=6919"}],"wp:term":[{"taxonomy":"product_brand","embeddable":true,"href":"https:\/\/legrenierdelatour.be\/brocante\/wp-json\/wp\/v2\/product_brand?post=6919"},{"taxonomy":"product_cat","embeddable":true,"href":"https:\/\/legrenierdelatour.be\/brocante\/wp-json\/wp\/v2\/product_cat?post=6919"},{"taxonomy":"product_tag","embeddable":true,"href":"https:\/\/legrenierdelatour.be\/brocante\/wp-json\/wp\/v2\/product_tag?post=6919"}],"curies":[{"name":"wp","href":"https:\/\/api.w.org\/{rel}","templated":true}]}}