{"id":6915,"date":"2024-01-14T15:53:41","date_gmt":"2024-01-14T14:53:41","guid":{"rendered":"https:\/\/legrenierdelatour.be\/brocante\/?post_type=product&#038;p=6915"},"modified":"2024-02-28T15:00:50","modified_gmt":"2024-02-28T14:00:50","slug":"beurrier-iridescent-jeannette","status":"publish","type":"product","link":"https:\/\/legrenierdelatour.be\/brocante\/produit\/beurrier-iridescent-jeannette\/","title":{"rendered":"Beurrier iridescent Jeannette"},"content":{"rendered":"<p>Beurrier en verre moul\u00e9 (15 cm de\u00a0diam\u00e8tre) , en verre iris\u00e9, avec dessin \u00ab\u00a0Iris and Herringbone\u00a0\u00bb. Il a \u00e9t\u00e9 produit par la \u00ab\u00a0Jeannette Glass Company\u00a0\u00bb (1898-1983) \u00e0 Jeannette en Pennsylvanie (Etats Unis). \u00a0Cette collection a \u00e9t\u00e9 produite en verre clair de 1928 \u00e0 1932, puis une collection iridescente dans les ann\u00e9es 1950-1970.<\/p>\n<div>R\u00e9f 26.93<\/div>\n","protected":false},"excerpt":{"rendered":"<p>Beurrier en verre moul\u00e9 (15 cm de\u00a0diam\u00e8tre) , en verre iris\u00e9, avec dessin \u00ab\u00a0Iris and Herringbone\u00a0\u00bb. Il a \u00e9t\u00e9 produit par la \u00ab\u00a0Jeannette Glass Company\u00a0\u00bb (1898-1983) \u00e0 Jeannette en Pennsylvanie (Etats Unis). \u00a0Cette collection a \u00e9t\u00e9 produite en verre clair de 1928 \u00e0 1932, puis une collection iridescente dans les ann\u00e9es 1950-1970. R\u00e9f 26.93<\/p>\n","protected":false},"featured_media":6913,"comment_status":"open","ping_status":"closed","template":"","meta":{"neve_meta_sidebar":"","neve_meta_container":"","neve_meta_enable_content_width":"off","neve_meta_content_width":100,"neve_meta_title_alignment":"","neve_meta_author_avatar":"","neve_post_elements_order":"","neve_meta_disable_header":"","neve_meta_disable_footer":"","neve_meta_disable_title":""},"product_brand":[],"product_cat":[172,141,22],"product_tag":[28],"class_list":{"0":"post-6915","1":"product","2":"type-product","3":"status-publish","4":"has-post-thumbnail","6":"product_cat-en-cuisine","7":"product_cat-jeannette","8":"product_cat-verrerie","9":"product_tag-vintage","11":"first","12":"outofstock","13":"shipping-taxable","14":"purchasable","15":"product-type-simple"},"_links":{"self":[{"href":"https:\/\/legrenierdelatour.be\/brocante\/wp-json\/wp\/v2\/product\/6915","targetHints":{"allow":["GET"]}}],"collection":[{"href":"https:\/\/legrenierdelatour.be\/brocante\/wp-json\/wp\/v2\/product"}],"about":[{"href":"https:\/\/legrenierdelatour.be\/brocante\/wp-json\/wp\/v2\/types\/product"}],"replies":[{"embeddable":true,"href":"https:\/\/legrenierdelatour.be\/brocante\/wp-json\/wp\/v2\/comments?post=6915"}],"wp:featuredmedia":[{"embeddable":true,"href":"https:\/\/legrenierdelatour.be\/brocante\/wp-json\/wp\/v2\/media\/6913"}],"wp:attachment":[{"href":"https:\/\/legrenierdelatour.be\/brocante\/wp-json\/wp\/v2\/media?parent=6915"}],"wp:term":[{"taxonomy":"product_brand","embeddable":true,"href":"https:\/\/legrenierdelatour.be\/brocante\/wp-json\/wp\/v2\/product_brand?post=6915"},{"taxonomy":"product_cat","embeddable":true,"href":"https:\/\/legrenierdelatour.be\/brocante\/wp-json\/wp\/v2\/product_cat?post=6915"},{"taxonomy":"product_tag","embeddable":true,"href":"https:\/\/legrenierdelatour.be\/brocante\/wp-json\/wp\/v2\/product_tag?post=6915"}],"curies":[{"name":"wp","href":"https:\/\/api.w.org\/{rel}","templated":true}]}}