{"id":6904,"date":"2024-01-14T14:24:37","date_gmt":"2024-01-14T13:24:37","guid":{"rendered":"https:\/\/legrenierdelatour.be\/brocante\/?post_type=product&#038;p=6904"},"modified":"2024-01-14T14:24:38","modified_gmt":"2024-01-14T13:24:38","slug":"sous-plat-fruits-sphinx-maastricht-1950","status":"publish","type":"product","link":"https:\/\/legrenierdelatour.be\/brocante\/produit\/sous-plat-fruits-sphinx-maastricht-1950\/","title":{"rendered":"Sous-plat Fruits, Sphinx Maastricht, 1950"},"content":{"rendered":"<p>Sous-plat en carrelage de fa\u00efence (15 cm de c\u00f4t\u00e9) sur un support en m\u00e9tal. Le carrelage porte un motif de fruits et a \u00e9t\u00e9 produit par Royal Sphinx \u00e0 Maastricht aux Pays-Bas. Il date sans doute des ann\u00e9es 1950.<\/p>\n<div>R\u00e9f 26.89<\/div>\n","protected":false},"excerpt":{"rendered":"<p>Sous-plat en carrelage de fa\u00efence (15 cm de c\u00f4t\u00e9) sur un support en m\u00e9tal. Le carrelage porte un motif de fruits et a \u00e9t\u00e9 produit par Royal Sphinx \u00e0 Maastricht aux Pays-Bas. Il date sans doute des ann\u00e9es 1950. R\u00e9f 26.89<\/p>\n","protected":false},"featured_media":6905,"comment_status":"open","ping_status":"closed","template":"","meta":{"neve_meta_sidebar":"","neve_meta_container":"","neve_meta_enable_content_width":"off","neve_meta_content_width":100,"neve_meta_title_alignment":"","neve_meta_author_avatar":"","neve_post_elements_order":"","neve_meta_disable_header":"","neve_meta_disable_footer":"","neve_meta_disable_title":""},"product_brand":[],"product_cat":[172,16,157],"product_tag":[],"class_list":{"0":"post-6904","1":"product","2":"type-product","3":"status-publish","4":"has-post-thumbnail","6":"product_cat-en-cuisine","7":"product_cat-ceramique","8":"product_cat-sphinx","10":"first","11":"instock","12":"shipping-taxable","13":"purchasable","14":"product-type-simple"},"_links":{"self":[{"href":"https:\/\/legrenierdelatour.be\/brocante\/wp-json\/wp\/v2\/product\/6904","targetHints":{"allow":["GET"]}}],"collection":[{"href":"https:\/\/legrenierdelatour.be\/brocante\/wp-json\/wp\/v2\/product"}],"about":[{"href":"https:\/\/legrenierdelatour.be\/brocante\/wp-json\/wp\/v2\/types\/product"}],"replies":[{"embeddable":true,"href":"https:\/\/legrenierdelatour.be\/brocante\/wp-json\/wp\/v2\/comments?post=6904"}],"wp:featuredmedia":[{"embeddable":true,"href":"https:\/\/legrenierdelatour.be\/brocante\/wp-json\/wp\/v2\/media\/6905"}],"wp:attachment":[{"href":"https:\/\/legrenierdelatour.be\/brocante\/wp-json\/wp\/v2\/media?parent=6904"}],"wp:term":[{"taxonomy":"product_brand","embeddable":true,"href":"https:\/\/legrenierdelatour.be\/brocante\/wp-json\/wp\/v2\/product_brand?post=6904"},{"taxonomy":"product_cat","embeddable":true,"href":"https:\/\/legrenierdelatour.be\/brocante\/wp-json\/wp\/v2\/product_cat?post=6904"},{"taxonomy":"product_tag","embeddable":true,"href":"https:\/\/legrenierdelatour.be\/brocante\/wp-json\/wp\/v2\/product_tag?post=6904"}],"curies":[{"name":"wp","href":"https:\/\/api.w.org\/{rel}","templated":true}]}}