{"id":689,"date":"2022-03-12T16:36:18","date_gmt":"2022-03-12T15:36:18","guid":{"rendered":"https:\/\/legrenierdelatour.be\/brocante\/?post_type=product&#038;p=689"},"modified":"2022-05-19T17:02:02","modified_gmt":"2022-05-19T15:02:02","slug":"oeuf-contemporain-val-saint-lambert","status":"publish","type":"product","link":"https:\/\/legrenierdelatour.be\/brocante\/produit\/oeuf-contemporain-val-saint-lambert\/","title":{"rendered":"Oeuf contemporain Val Saint Lambert"},"content":{"rendered":"<p>Petit oeuf (10 cm haut) avec d\u00e9cor contemporain, produit par Val Saint Lambert dans la collection \u00ab\u00a0Guylian\u00a0\u00bb et de couleur prune. En parfait \u00e9tat, il est sign\u00e9 de la manufacture sous sa base.<\/p>\n<div>R\u00e9f 9.26<\/div>\n","protected":false},"excerpt":{"rendered":"<p>Petit oeuf (10 cm haut) avec d\u00e9cor contemporain, produit par Val Saint Lambert dans la collection \u00ab\u00a0Guylian\u00a0\u00bb et de couleur prune. En parfait \u00e9tat, il est sign\u00e9 de la manufacture sous sa base. R\u00e9f 9.26<\/p>\n","protected":false},"featured_media":684,"comment_status":"open","ping_status":"closed","template":"","meta":{"neve_meta_sidebar":"","neve_meta_container":"","neve_meta_enable_content_width":"off","neve_meta_content_width":100,"neve_meta_title_alignment":"","neve_meta_author_avatar":"","neve_post_elements_order":"","neve_meta_disable_header":"","neve_meta_disable_footer":"","neve_meta_disable_title":""},"product_brand":[],"product_cat":[167,162,63,22],"product_tag":[57],"class_list":{"0":"post-689","1":"product","2":"type-product","3":"status-publish","4":"has-post-thumbnail","6":"product_cat-peintures-et-sculptures","7":"product_cat-productions-belges","8":"product_cat-val-saint-lambert","9":"product_cat-verrerie","10":"product_tag-cristal","12":"first","13":"instock","14":"shipping-taxable","15":"purchasable","16":"product-type-simple"},"_links":{"self":[{"href":"https:\/\/legrenierdelatour.be\/brocante\/wp-json\/wp\/v2\/product\/689","targetHints":{"allow":["GET"]}}],"collection":[{"href":"https:\/\/legrenierdelatour.be\/brocante\/wp-json\/wp\/v2\/product"}],"about":[{"href":"https:\/\/legrenierdelatour.be\/brocante\/wp-json\/wp\/v2\/types\/product"}],"replies":[{"embeddable":true,"href":"https:\/\/legrenierdelatour.be\/brocante\/wp-json\/wp\/v2\/comments?post=689"}],"wp:featuredmedia":[{"embeddable":true,"href":"https:\/\/legrenierdelatour.be\/brocante\/wp-json\/wp\/v2\/media\/684"}],"wp:attachment":[{"href":"https:\/\/legrenierdelatour.be\/brocante\/wp-json\/wp\/v2\/media?parent=689"}],"wp:term":[{"taxonomy":"product_brand","embeddable":true,"href":"https:\/\/legrenierdelatour.be\/brocante\/wp-json\/wp\/v2\/product_brand?post=689"},{"taxonomy":"product_cat","embeddable":true,"href":"https:\/\/legrenierdelatour.be\/brocante\/wp-json\/wp\/v2\/product_cat?post=689"},{"taxonomy":"product_tag","embeddable":true,"href":"https:\/\/legrenierdelatour.be\/brocante\/wp-json\/wp\/v2\/product_tag?post=689"}],"curies":[{"name":"wp","href":"https:\/\/api.w.org\/{rel}","templated":true}]}}