{"id":6889,"date":"2024-01-10T21:34:33","date_gmt":"2024-01-10T20:34:33","guid":{"rendered":"https:\/\/legrenierdelatour.be\/brocante\/?post_type=product&#038;p=6889"},"modified":"2024-01-10T21:34:33","modified_gmt":"2024-01-10T20:34:33","slug":"assiettes-en-barbotine-fruits-sarreguemines","status":"publish","type":"product","link":"https:\/\/legrenierdelatour.be\/brocante\/produit\/assiettes-en-barbotine-fruits-sarreguemines\/","title":{"rendered":"Assiettes en barbotine, Fruits, Sarreguemines"},"content":{"rendered":"<p>1 grande assiette de pr\u00e9sentation (30 cm de diam\u00e8tre) et 4 assiettes \u00e0 dessert (19 cm de diam\u00e8tre) avec motifs de fruits, issues de la manufacture de Sarreguemines (1790-2007). Elles ont une forme et un d\u00e9cor qui laissent supposer une datation des ann\u00e9es 1960. Elles sont en parfait \u00e9tat.<\/p>\n<div>R\u00e9f 26.83<\/div>\n","protected":false},"excerpt":{"rendered":"<p>1 grande assiette de pr\u00e9sentation (30 cm de diam\u00e8tre) et 4 assiettes \u00e0 dessert (19 cm de diam\u00e8tre) avec motifs de fruits, issues de la manufacture de Sarreguemines (1790-2007). Elles ont une forme et un d\u00e9cor qui laissent supposer une datation des ann\u00e9es 1960. Elles sont en parfait \u00e9tat. R\u00e9f 26.83<\/p>\n","protected":false},"featured_media":6890,"comment_status":"open","ping_status":"closed","template":"","meta":{"neve_meta_sidebar":"","neve_meta_container":"","neve_meta_enable_content_width":"off","neve_meta_content_width":100,"neve_meta_title_alignment":"","neve_meta_author_avatar":"","neve_post_elements_order":"","neve_meta_disable_header":"","neve_meta_disable_footer":"","neve_meta_disable_title":""},"product_brand":[],"product_cat":[172,16,59,198],"product_tag":[28],"class_list":{"0":"post-6889","1":"product","2":"type-product","3":"status-publish","4":"has-post-thumbnail","6":"product_cat-en-cuisine","7":"product_cat-ceramique","8":"product_cat-france","9":"product_cat-sarreguemines","10":"product_tag-vintage","12":"first","13":"instock","14":"shipping-taxable","15":"purchasable","16":"product-type-simple"},"_links":{"self":[{"href":"https:\/\/legrenierdelatour.be\/brocante\/wp-json\/wp\/v2\/product\/6889","targetHints":{"allow":["GET"]}}],"collection":[{"href":"https:\/\/legrenierdelatour.be\/brocante\/wp-json\/wp\/v2\/product"}],"about":[{"href":"https:\/\/legrenierdelatour.be\/brocante\/wp-json\/wp\/v2\/types\/product"}],"replies":[{"embeddable":true,"href":"https:\/\/legrenierdelatour.be\/brocante\/wp-json\/wp\/v2\/comments?post=6889"}],"wp:featuredmedia":[{"embeddable":true,"href":"https:\/\/legrenierdelatour.be\/brocante\/wp-json\/wp\/v2\/media\/6890"}],"wp:attachment":[{"href":"https:\/\/legrenierdelatour.be\/brocante\/wp-json\/wp\/v2\/media?parent=6889"}],"wp:term":[{"taxonomy":"product_brand","embeddable":true,"href":"https:\/\/legrenierdelatour.be\/brocante\/wp-json\/wp\/v2\/product_brand?post=6889"},{"taxonomy":"product_cat","embeddable":true,"href":"https:\/\/legrenierdelatour.be\/brocante\/wp-json\/wp\/v2\/product_cat?post=6889"},{"taxonomy":"product_tag","embeddable":true,"href":"https:\/\/legrenierdelatour.be\/brocante\/wp-json\/wp\/v2\/product_tag?post=6889"}],"curies":[{"name":"wp","href":"https:\/\/api.w.org\/{rel}","templated":true}]}}