{"id":6881,"date":"2024-01-10T20:50:38","date_gmt":"2024-01-10T19:50:38","guid":{"rendered":"https:\/\/legrenierdelatour.be\/brocante\/?post_type=product&#038;p=6881"},"modified":"2024-01-10T20:50:39","modified_gmt":"2024-01-10T19:50:39","slug":"gravure-interieur-ardennais-de-alfred-martin","status":"publish","type":"product","link":"https:\/\/legrenierdelatour.be\/brocante\/produit\/gravure-interieur-ardennais-de-alfred-martin\/","title":{"rendered":"Gravure \u00ab\u00a0Int\u00e9rieur ardennais\u00a0\u00bb de Alfred Martin"},"content":{"rendered":"<p>Belle gravure (36&#215;25 cm) intitul\u00e9e \u00ab\u00a0Int\u00e9rieur Ardennais\u00a0\u00bb, num\u00e9rot\u00e9e 28\/60. Elle est sign\u00e9e Alfred Martin. C\u2019est un artiste belge n\u00e9 \u00e0 Li\u00e8ge en 1888 et mort \u00e0 Stavelot en 1950. Il \u00e9tait peintre, illustrateur, graveur sur bois et concepteur d\u2019affiches. Cette gravure est \u00e9galement sign\u00e9e dans la planche.<\/p>\n<div>R\u00e9f 26.81<\/div>\n","protected":false},"excerpt":{"rendered":"<p>Belle gravure (36&#215;25 cm) intitul\u00e9e \u00ab\u00a0Int\u00e9rieur Ardennais\u00a0\u00bb, num\u00e9rot\u00e9e 28\/60. Elle est sign\u00e9e Alfred Martin. C\u2019est un artiste belge n\u00e9 \u00e0 Li\u00e8ge en 1888 et mort \u00e0 Stavelot en 1950. Il \u00e9tait peintre, illustrateur, graveur sur bois et concepteur d\u2019affiches. Cette gravure est \u00e9galement sign\u00e9e dans la planche. R\u00e9f 26.81<\/p>\n","protected":false},"featured_media":6882,"comment_status":"open","ping_status":"closed","template":"","meta":{"neve_meta_sidebar":"","neve_meta_container":"","neve_meta_enable_content_width":"off","neve_meta_content_width":100,"neve_meta_title_alignment":"","neve_meta_author_avatar":"","neve_post_elements_order":"","neve_meta_disable_header":"","neve_meta_disable_footer":"","neve_meta_disable_title":""},"product_brand":[],"product_cat":[167],"product_tag":[],"class_list":{"0":"post-6881","1":"product","2":"type-product","3":"status-publish","4":"has-post-thumbnail","6":"product_cat-peintures-et-sculptures","8":"first","9":"instock","10":"shipping-taxable","11":"purchasable","12":"product-type-simple"},"_links":{"self":[{"href":"https:\/\/legrenierdelatour.be\/brocante\/wp-json\/wp\/v2\/product\/6881","targetHints":{"allow":["GET"]}}],"collection":[{"href":"https:\/\/legrenierdelatour.be\/brocante\/wp-json\/wp\/v2\/product"}],"about":[{"href":"https:\/\/legrenierdelatour.be\/brocante\/wp-json\/wp\/v2\/types\/product"}],"replies":[{"embeddable":true,"href":"https:\/\/legrenierdelatour.be\/brocante\/wp-json\/wp\/v2\/comments?post=6881"}],"wp:featuredmedia":[{"embeddable":true,"href":"https:\/\/legrenierdelatour.be\/brocante\/wp-json\/wp\/v2\/media\/6882"}],"wp:attachment":[{"href":"https:\/\/legrenierdelatour.be\/brocante\/wp-json\/wp\/v2\/media?parent=6881"}],"wp:term":[{"taxonomy":"product_brand","embeddable":true,"href":"https:\/\/legrenierdelatour.be\/brocante\/wp-json\/wp\/v2\/product_brand?post=6881"},{"taxonomy":"product_cat","embeddable":true,"href":"https:\/\/legrenierdelatour.be\/brocante\/wp-json\/wp\/v2\/product_cat?post=6881"},{"taxonomy":"product_tag","embeddable":true,"href":"https:\/\/legrenierdelatour.be\/brocante\/wp-json\/wp\/v2\/product_tag?post=6881"}],"curies":[{"name":"wp","href":"https:\/\/api.w.org\/{rel}","templated":true}]}}