{"id":6877,"date":"2024-01-10T20:32:59","date_gmt":"2024-01-10T19:32:59","guid":{"rendered":"https:\/\/legrenierdelatour.be\/brocante\/?post_type=product&#038;p=6877"},"modified":"2024-01-10T20:33:00","modified_gmt":"2024-01-10T19:33:00","slug":"briquet-de-tranchee","status":"publish","type":"product","link":"https:\/\/legrenierdelatour.be\/brocante\/produit\/briquet-de-tranchee\/","title":{"rendered":"Briquet de tranch\u00e9e"},"content":{"rendered":"<p>Petit briquet (2,5 cm de diam\u00e8tre) dit de tranch\u00e9e (guerre 1914-18). C\u2019est l&rsquo;indispensable compagnon du poilu, que ce soit pour allumer une pipe, qu\u2019il qoit \u00e0 l\u2019essence ou \u00e0 l\u2019amadou. Il a des formes multiples et est soit offert par la famille comme porte-bonheur, soit manufactu\u00e9 dans les tranch\u00e9es elles-m\u00eames, \u00e0 partir de mat\u00e9riaux et d\u2019objets r\u00e9cup\u00e9r\u00e9s. Ce briquet-ci est circulaire et comporte au recto et au verso, une m\u00e9daille portant un motif d\u2019armure. Il ne semble pas tout \u00e0fait complet.<\/p>\n<div>R\u00e9f 26.80<\/div>\n","protected":false},"excerpt":{"rendered":"<p>Petit briquet (2,5 cm de diam\u00e8tre) dit de tranch\u00e9e (guerre 1914-18). C\u2019est l&rsquo;indispensable compagnon du poilu, que ce soit pour allumer une pipe, qu\u2019il qoit \u00e0 l\u2019essence ou \u00e0 l\u2019amadou. Il a des formes multiples et est soit offert par la famille comme porte-bonheur, soit manufactu\u00e9 dans les tranch\u00e9es elles-m\u00eames, \u00e0 partir de mat\u00e9riaux et&hellip;&nbsp;<a href=\"https:\/\/legrenierdelatour.be\/brocante\/produit\/briquet-de-tranchee\/\" class=\"\" rel=\"bookmark\">Lire la suite &raquo;<span class=\"screen-reader-text\">Briquet de tranch\u00e9e<\/span><\/a><\/p>\n","protected":false},"featured_media":6879,"comment_status":"open","ping_status":"closed","template":"","meta":{"neve_meta_sidebar":"","neve_meta_container":"","neve_meta_enable_content_width":"off","neve_meta_content_width":100,"neve_meta_title_alignment":"","neve_meta_author_avatar":"","neve_post_elements_order":"","neve_meta_disable_header":"","neve_meta_disable_footer":"","neve_meta_disable_title":""},"product_brand":[],"product_cat":[183,109,161,69],"product_tag":[],"class_list":{"0":"post-6877","1":"product","2":"type-product","3":"status-publish","4":"has-post-thumbnail","6":"product_cat-bureau-et-fumoir","7":"product_cat-metal","8":"product_cat-les-collections","9":"product_cat-numismatique","11":"first","12":"instock","13":"shipping-taxable","14":"purchasable","15":"product-type-simple"},"_links":{"self":[{"href":"https:\/\/legrenierdelatour.be\/brocante\/wp-json\/wp\/v2\/product\/6877","targetHints":{"allow":["GET"]}}],"collection":[{"href":"https:\/\/legrenierdelatour.be\/brocante\/wp-json\/wp\/v2\/product"}],"about":[{"href":"https:\/\/legrenierdelatour.be\/brocante\/wp-json\/wp\/v2\/types\/product"}],"replies":[{"embeddable":true,"href":"https:\/\/legrenierdelatour.be\/brocante\/wp-json\/wp\/v2\/comments?post=6877"}],"wp:featuredmedia":[{"embeddable":true,"href":"https:\/\/legrenierdelatour.be\/brocante\/wp-json\/wp\/v2\/media\/6879"}],"wp:attachment":[{"href":"https:\/\/legrenierdelatour.be\/brocante\/wp-json\/wp\/v2\/media?parent=6877"}],"wp:term":[{"taxonomy":"product_brand","embeddable":true,"href":"https:\/\/legrenierdelatour.be\/brocante\/wp-json\/wp\/v2\/product_brand?post=6877"},{"taxonomy":"product_cat","embeddable":true,"href":"https:\/\/legrenierdelatour.be\/brocante\/wp-json\/wp\/v2\/product_cat?post=6877"},{"taxonomy":"product_tag","embeddable":true,"href":"https:\/\/legrenierdelatour.be\/brocante\/wp-json\/wp\/v2\/product_tag?post=6877"}],"curies":[{"name":"wp","href":"https:\/\/api.w.org\/{rel}","templated":true}]}}