{"id":6863,"date":"2024-01-10T15:23:24","date_gmt":"2024-01-10T14:23:24","guid":{"rendered":"https:\/\/legrenierdelatour.be\/brocante\/?post_type=product&#038;p=6863"},"modified":"2024-01-10T15:23:24","modified_gmt":"2024-01-10T14:23:24","slug":"flacon-a-cognac-et-verres","status":"publish","type":"product","link":"https:\/\/legrenierdelatour.be\/brocante\/produit\/flacon-a-cognac-et-verres\/","title":{"rendered":"Flacon \u00e0 cognac et verres"},"content":{"rendered":"<p>Beau flacon \u00e0 cognac (21 cm de haut) accompagn\u00e9 de ses 4 verres (6 cm de haut), en verre dor\u00e9, avec appliques et peintures dor\u00e9es.<\/p>\n<div>L\u2019ensemble est en parfait \u00e9tat.<\/div>\n<div>R\u00e9f 26.75<\/div>\n","protected":false},"excerpt":{"rendered":"<p>Beau flacon \u00e0 cognac (21 cm de haut) accompagn\u00e9 de ses 4 verres (6 cm de haut), en verre dor\u00e9, avec appliques et peintures dor\u00e9es. L\u2019ensemble est en parfait \u00e9tat. R\u00e9f 26.75<\/p>\n","protected":false},"featured_media":6864,"comment_status":"open","ping_status":"closed","template":"","meta":{"neve_meta_sidebar":"","neve_meta_container":"","neve_meta_enable_content_width":"off","neve_meta_content_width":100,"neve_meta_title_alignment":"","neve_meta_author_avatar":"","neve_post_elements_order":"","neve_meta_disable_header":"","neve_meta_disable_footer":"","neve_meta_disable_title":""},"product_brand":[],"product_cat":[22],"product_tag":[],"class_list":{"0":"post-6863","1":"product","2":"type-product","3":"status-publish","4":"has-post-thumbnail","6":"product_cat-verrerie","8":"first","9":"instock","10":"shipping-taxable","11":"purchasable","12":"product-type-simple"},"_links":{"self":[{"href":"https:\/\/legrenierdelatour.be\/brocante\/wp-json\/wp\/v2\/product\/6863","targetHints":{"allow":["GET"]}}],"collection":[{"href":"https:\/\/legrenierdelatour.be\/brocante\/wp-json\/wp\/v2\/product"}],"about":[{"href":"https:\/\/legrenierdelatour.be\/brocante\/wp-json\/wp\/v2\/types\/product"}],"replies":[{"embeddable":true,"href":"https:\/\/legrenierdelatour.be\/brocante\/wp-json\/wp\/v2\/comments?post=6863"}],"wp:featuredmedia":[{"embeddable":true,"href":"https:\/\/legrenierdelatour.be\/brocante\/wp-json\/wp\/v2\/media\/6864"}],"wp:attachment":[{"href":"https:\/\/legrenierdelatour.be\/brocante\/wp-json\/wp\/v2\/media?parent=6863"}],"wp:term":[{"taxonomy":"product_brand","embeddable":true,"href":"https:\/\/legrenierdelatour.be\/brocante\/wp-json\/wp\/v2\/product_brand?post=6863"},{"taxonomy":"product_cat","embeddable":true,"href":"https:\/\/legrenierdelatour.be\/brocante\/wp-json\/wp\/v2\/product_cat?post=6863"},{"taxonomy":"product_tag","embeddable":true,"href":"https:\/\/legrenierdelatour.be\/brocante\/wp-json\/wp\/v2\/product_tag?post=6863"}],"curies":[{"name":"wp","href":"https:\/\/api.w.org\/{rel}","templated":true}]}}