{"id":6859,"date":"2024-01-10T15:16:06","date_gmt":"2024-01-10T14:16:06","guid":{"rendered":"https:\/\/legrenierdelatour.be\/brocante\/?post_type=product&#038;p=6859"},"modified":"2024-01-10T15:16:07","modified_gmt":"2024-01-10T14:16:07","slug":"vase-en-verre-hyalite-boom","status":"publish","type":"product","link":"https:\/\/legrenierdelatour.be\/brocante\/produit\/vase-en-verre-hyalite-boom\/","title":{"rendered":"Vase en verre hyalite, Boom"},"content":{"rendered":"<p>Vase en verre (25 cm de haut) en hyalite, noir et dor\u00e9, issu sans doute de la manufacture De Rupel Booms (1925), dans les ann\u00e9es 1930. Il a sans doute \u00e9t\u00e9 cr\u00e9\u00e9 par le designer Paul Heller, et il est en parfait \u00e9tat.<\/p>\n<div>R\u00e9f 26.74<\/div>\n","protected":false},"excerpt":{"rendered":"<p>Vase en verre (25 cm de haut) en hyalite, noir et dor\u00e9, issu sans doute de la manufacture De Rupel Booms (1925), dans les ann\u00e9es 1930. Il a sans doute \u00e9t\u00e9 cr\u00e9\u00e9 par le designer Paul Heller, et il est en parfait \u00e9tat. R\u00e9f 26.74<\/p>\n","protected":false},"featured_media":6860,"comment_status":"open","ping_status":"closed","template":"","meta":{"neve_meta_sidebar":"","neve_meta_container":"","neve_meta_enable_content_width":"off","neve_meta_content_width":100,"neve_meta_title_alignment":"","neve_meta_author_avatar":"","neve_post_elements_order":"","neve_meta_disable_header":"","neve_meta_disable_footer":"","neve_meta_disable_title":""},"product_brand":[],"product_cat":[106,162,22],"product_tag":[],"class_list":{"0":"post-6859","1":"product","2":"type-product","3":"status-publish","4":"has-post-thumbnail","6":"product_cat-boom","7":"product_cat-productions-belges","8":"product_cat-verrerie","10":"first","11":"instock","12":"shipping-taxable","13":"purchasable","14":"product-type-simple"},"_links":{"self":[{"href":"https:\/\/legrenierdelatour.be\/brocante\/wp-json\/wp\/v2\/product\/6859","targetHints":{"allow":["GET"]}}],"collection":[{"href":"https:\/\/legrenierdelatour.be\/brocante\/wp-json\/wp\/v2\/product"}],"about":[{"href":"https:\/\/legrenierdelatour.be\/brocante\/wp-json\/wp\/v2\/types\/product"}],"replies":[{"embeddable":true,"href":"https:\/\/legrenierdelatour.be\/brocante\/wp-json\/wp\/v2\/comments?post=6859"}],"wp:featuredmedia":[{"embeddable":true,"href":"https:\/\/legrenierdelatour.be\/brocante\/wp-json\/wp\/v2\/media\/6860"}],"wp:attachment":[{"href":"https:\/\/legrenierdelatour.be\/brocante\/wp-json\/wp\/v2\/media?parent=6859"}],"wp:term":[{"taxonomy":"product_brand","embeddable":true,"href":"https:\/\/legrenierdelatour.be\/brocante\/wp-json\/wp\/v2\/product_brand?post=6859"},{"taxonomy":"product_cat","embeddable":true,"href":"https:\/\/legrenierdelatour.be\/brocante\/wp-json\/wp\/v2\/product_cat?post=6859"},{"taxonomy":"product_tag","embeddable":true,"href":"https:\/\/legrenierdelatour.be\/brocante\/wp-json\/wp\/v2\/product_tag?post=6859"}],"curies":[{"name":"wp","href":"https:\/\/api.w.org\/{rel}","templated":true}]}}