{"id":6856,"date":"2024-01-08T09:08:24","date_gmt":"2024-01-08T08:08:24","guid":{"rendered":"https:\/\/legrenierdelatour.be\/brocante\/?post_type=product&#038;p=6856"},"modified":"2024-01-08T09:08:24","modified_gmt":"2024-01-08T08:08:24","slug":"bonbonniere-en-verre-rose-boom","status":"publish","type":"product","link":"https:\/\/legrenierdelatour.be\/brocante\/produit\/bonbonniere-en-verre-rose-boom\/","title":{"rendered":"Bonbonni\u00e8re en verre rose, Boom"},"content":{"rendered":"<p>Belle bonbonni\u00e8re en verre ros\u00e9 rehauss\u00e9e de dorures (16 cm de diam\u00e8tre). Il s\u2019agit sans doute d\u2019une production de la manufacture Rupel Boom, designer Paul Heller (1914-1995, dans les ann\u00e9es 1930-40, p\u00e9riode Art D\u00e9co. La bonbonni\u00e8re est compl\u00e8te, le pompom orne le fr\u00e9tel du couvercle. Dorure \u00e0 l\u2019or fin. Elle est en parfait \u00e9tat.<\/p>\n<div>R\u00e9f 26.71<\/div>\n","protected":false},"excerpt":{"rendered":"<p>Belle bonbonni\u00e8re en verre ros\u00e9 rehauss\u00e9e de dorures (16 cm de diam\u00e8tre). Il s\u2019agit sans doute d\u2019une production de la manufacture Rupel Boom, designer Paul Heller (1914-1995, dans les ann\u00e9es 1930-40, p\u00e9riode Art D\u00e9co. La bonbonni\u00e8re est compl\u00e8te, le pompom orne le fr\u00e9tel du couvercle. Dorure \u00e0 l\u2019or fin. Elle est en parfait \u00e9tat. R\u00e9f&hellip;&nbsp;<a href=\"https:\/\/legrenierdelatour.be\/brocante\/produit\/bonbonniere-en-verre-rose-boom\/\" class=\"\" rel=\"bookmark\">Lire la suite &raquo;<span class=\"screen-reader-text\">Bonbonni\u00e8re en verre rose, Boom<\/span><\/a><\/p>\n","protected":false},"featured_media":6849,"comment_status":"open","ping_status":"closed","template":"","meta":{"neve_meta_sidebar":"","neve_meta_container":"","neve_meta_enable_content_width":"off","neve_meta_content_width":100,"neve_meta_title_alignment":"","neve_meta_author_avatar":"","neve_post_elements_order":"","neve_meta_disable_header":"","neve_meta_disable_footer":"","neve_meta_disable_title":""},"product_brand":[],"product_cat":[106,162,22],"product_tag":[],"class_list":{"0":"post-6856","1":"product","2":"type-product","3":"status-publish","4":"has-post-thumbnail","6":"product_cat-boom","7":"product_cat-productions-belges","8":"product_cat-verrerie","10":"first","11":"instock","12":"shipping-taxable","13":"purchasable","14":"product-type-simple"},"_links":{"self":[{"href":"https:\/\/legrenierdelatour.be\/brocante\/wp-json\/wp\/v2\/product\/6856","targetHints":{"allow":["GET"]}}],"collection":[{"href":"https:\/\/legrenierdelatour.be\/brocante\/wp-json\/wp\/v2\/product"}],"about":[{"href":"https:\/\/legrenierdelatour.be\/brocante\/wp-json\/wp\/v2\/types\/product"}],"replies":[{"embeddable":true,"href":"https:\/\/legrenierdelatour.be\/brocante\/wp-json\/wp\/v2\/comments?post=6856"}],"wp:featuredmedia":[{"embeddable":true,"href":"https:\/\/legrenierdelatour.be\/brocante\/wp-json\/wp\/v2\/media\/6849"}],"wp:attachment":[{"href":"https:\/\/legrenierdelatour.be\/brocante\/wp-json\/wp\/v2\/media?parent=6856"}],"wp:term":[{"taxonomy":"product_brand","embeddable":true,"href":"https:\/\/legrenierdelatour.be\/brocante\/wp-json\/wp\/v2\/product_brand?post=6856"},{"taxonomy":"product_cat","embeddable":true,"href":"https:\/\/legrenierdelatour.be\/brocante\/wp-json\/wp\/v2\/product_cat?post=6856"},{"taxonomy":"product_tag","embeddable":true,"href":"https:\/\/legrenierdelatour.be\/brocante\/wp-json\/wp\/v2\/product_tag?post=6856"}],"curies":[{"name":"wp","href":"https:\/\/api.w.org\/{rel}","templated":true}]}}