{"id":6852,"date":"2024-01-08T08:59:02","date_gmt":"2024-01-08T07:59:02","guid":{"rendered":"https:\/\/legrenierdelatour.be\/brocante\/?post_type=product&#038;p=6852"},"modified":"2024-01-08T08:59:02","modified_gmt":"2024-01-08T07:59:02","slug":"bergere-au-mouton-janbo-espagne","status":"publish","type":"product","link":"https:\/\/legrenierdelatour.be\/brocante\/produit\/bergere-au-mouton-janbo-espagne\/","title":{"rendered":"Berg\u00e8re au mouton, Janbo Espagne"},"content":{"rendered":"<p>Jolie petite figurine en porcelaine (20 cm de haut) repr\u00e9sentant une berg\u00e8re avec son mouton. Elle a \u00e9t\u00e9 produite par la manufacture Porcelanas Janbo en espagne, sans doute dans les ann\u00e9es 1970. Elle est en parfait \u00e9tat.<\/p>\n<div>R\u00e9f 26.70<\/div>\n","protected":false},"excerpt":{"rendered":"<p>Jolie petite figurine en porcelaine (20 cm de haut) repr\u00e9sentant une berg\u00e8re avec son mouton. Elle a \u00e9t\u00e9 produite par la manufacture Porcelanas Janbo en espagne, sans doute dans les ann\u00e9es 1970. Elle est en parfait \u00e9tat. R\u00e9f 26.70<\/p>\n","protected":false},"featured_media":6853,"comment_status":"open","ping_status":"closed","template":"","meta":{"neve_meta_sidebar":"full-width","neve_meta_container":"","neve_meta_enable_content_width":"off","neve_meta_content_width":100,"neve_meta_title_alignment":"","neve_meta_author_avatar":"","neve_post_elements_order":"","neve_meta_disable_header":"","neve_meta_disable_footer":"","neve_meta_disable_title":""},"product_brand":[],"product_cat":[16,167],"product_tag":[],"class_list":{"0":"post-6852","1":"product","2":"type-product","3":"status-publish","4":"has-post-thumbnail","6":"product_cat-ceramique","7":"product_cat-peintures-et-sculptures","9":"first","10":"instock","11":"shipping-taxable","12":"purchasable","13":"product-type-simple"},"_links":{"self":[{"href":"https:\/\/legrenierdelatour.be\/brocante\/wp-json\/wp\/v2\/product\/6852","targetHints":{"allow":["GET"]}}],"collection":[{"href":"https:\/\/legrenierdelatour.be\/brocante\/wp-json\/wp\/v2\/product"}],"about":[{"href":"https:\/\/legrenierdelatour.be\/brocante\/wp-json\/wp\/v2\/types\/product"}],"replies":[{"embeddable":true,"href":"https:\/\/legrenierdelatour.be\/brocante\/wp-json\/wp\/v2\/comments?post=6852"}],"wp:featuredmedia":[{"embeddable":true,"href":"https:\/\/legrenierdelatour.be\/brocante\/wp-json\/wp\/v2\/media\/6853"}],"wp:attachment":[{"href":"https:\/\/legrenierdelatour.be\/brocante\/wp-json\/wp\/v2\/media?parent=6852"}],"wp:term":[{"taxonomy":"product_brand","embeddable":true,"href":"https:\/\/legrenierdelatour.be\/brocante\/wp-json\/wp\/v2\/product_brand?post=6852"},{"taxonomy":"product_cat","embeddable":true,"href":"https:\/\/legrenierdelatour.be\/brocante\/wp-json\/wp\/v2\/product_cat?post=6852"},{"taxonomy":"product_tag","embeddable":true,"href":"https:\/\/legrenierdelatour.be\/brocante\/wp-json\/wp\/v2\/product_tag?post=6852"}],"curies":[{"name":"wp","href":"https:\/\/api.w.org\/{rel}","templated":true}]}}