{"id":6844,"date":"2024-01-07T20:29:57","date_gmt":"2024-01-07T19:29:57","guid":{"rendered":"https:\/\/legrenierdelatour.be\/brocante\/?post_type=product&#038;p=6844"},"modified":"2024-05-27T12:17:42","modified_gmt":"2024-05-27T10:17:42","slug":"12-verres-a-vin-colores","status":"publish","type":"product","link":"https:\/\/legrenierdelatour.be\/brocante\/produit\/12-verres-a-vin-colores\/","title":{"rendered":"12 verres \u00e0 vin color\u00e9s"},"content":{"rendered":"<p>17 verres \u00e0 vin (9 cm de haut) de 6 couleurs diff\u00e9rentes, datant sans doute des ann\u00e9es 1970. Ils sont en parfait \u00e9tat.<\/p>\n<p>Ils sont vendus \u00e0 la pi\u00e8ce au prix de 4\u20ac.<\/p>\n<div>R\u00e9f 26.68<\/div>\n","protected":false},"excerpt":{"rendered":"<p>17 verres \u00e0 vin (9 cm de haut) de 6 couleurs diff\u00e9rentes, datant sans doute des ann\u00e9es 1970. Ils sont en parfait \u00e9tat. Ils sont vendus \u00e0 la pi\u00e8ce au prix de 4\u20ac. R\u00e9f 26.68<\/p>\n","protected":false},"featured_media":6846,"comment_status":"open","ping_status":"closed","template":"","meta":{"neve_meta_sidebar":"","neve_meta_container":"","neve_meta_enable_content_width":"off","neve_meta_content_width":100,"neve_meta_title_alignment":"","neve_meta_author_avatar":"","neve_post_elements_order":"","neve_meta_disable_header":"","neve_meta_disable_footer":"","neve_meta_disable_title":""},"product_brand":[],"product_cat":[172,22],"product_tag":[28],"class_list":{"0":"post-6844","1":"product","2":"type-product","3":"status-publish","4":"has-post-thumbnail","6":"product_cat-en-cuisine","7":"product_cat-verrerie","8":"product_tag-vintage","10":"first","11":"instock","12":"shipping-taxable","13":"purchasable","14":"product-type-simple"},"_links":{"self":[{"href":"https:\/\/legrenierdelatour.be\/brocante\/wp-json\/wp\/v2\/product\/6844","targetHints":{"allow":["GET"]}}],"collection":[{"href":"https:\/\/legrenierdelatour.be\/brocante\/wp-json\/wp\/v2\/product"}],"about":[{"href":"https:\/\/legrenierdelatour.be\/brocante\/wp-json\/wp\/v2\/types\/product"}],"replies":[{"embeddable":true,"href":"https:\/\/legrenierdelatour.be\/brocante\/wp-json\/wp\/v2\/comments?post=6844"}],"wp:featuredmedia":[{"embeddable":true,"href":"https:\/\/legrenierdelatour.be\/brocante\/wp-json\/wp\/v2\/media\/6846"}],"wp:attachment":[{"href":"https:\/\/legrenierdelatour.be\/brocante\/wp-json\/wp\/v2\/media?parent=6844"}],"wp:term":[{"taxonomy":"product_brand","embeddable":true,"href":"https:\/\/legrenierdelatour.be\/brocante\/wp-json\/wp\/v2\/product_brand?post=6844"},{"taxonomy":"product_cat","embeddable":true,"href":"https:\/\/legrenierdelatour.be\/brocante\/wp-json\/wp\/v2\/product_cat?post=6844"},{"taxonomy":"product_tag","embeddable":true,"href":"https:\/\/legrenierdelatour.be\/brocante\/wp-json\/wp\/v2\/product_tag?post=6844"}],"curies":[{"name":"wp","href":"https:\/\/api.w.org\/{rel}","templated":true}]}}