{"id":6821,"date":"2023-11-08T18:29:19","date_gmt":"2023-11-08T17:29:19","guid":{"rendered":"https:\/\/legrenierdelatour.be\/brocante\/?post_type=product&#038;p=6821"},"modified":"2023-11-08T18:29:20","modified_gmt":"2023-11-08T17:29:20","slug":"assiette-du-millenaire-de-luxembourg-villeroy-boch","status":"publish","type":"product","link":"https:\/\/legrenierdelatour.be\/brocante\/produit\/assiette-du-millenaire-de-luxembourg-villeroy-boch\/","title":{"rendered":"Assiette du Mill\u00e9naire de Luxembourg, Villeroy &#038; Boch"},"content":{"rendered":"<p>Grande assiette (32 cm de diam\u00e8tre) avec une repr\u00e9sentation d\u2019une vue de Luxembourg d\u2019apr\u00e8s une gravure de Braun et Hogenburg en 1588. Elle a \u00e9t\u00e9 \u00e9dit\u00e9e \u00e0 l\u2019occasion du mill\u00e9naire de la Ville de Luxembourg en 1963, et produite par Villeroy et Boch. Elle est en parfait \u00e9tat et peut \u00eatre suspendue.<\/p>\n<div>R\u00e9f 26.56<\/div>\n","protected":false},"excerpt":{"rendered":"<p>Grande assiette (32 cm de diam\u00e8tre) avec une repr\u00e9sentation d\u2019une vue de Luxembourg d\u2019apr\u00e8s une gravure de Braun et Hogenburg en 1588. Elle a \u00e9t\u00e9 \u00e9dit\u00e9e \u00e0 l\u2019occasion du mill\u00e9naire de la Ville de Luxembourg en 1963, et produite par Villeroy et Boch. Elle est en parfait \u00e9tat et peut \u00eatre suspendue. R\u00e9f 26.56<\/p>\n","protected":false},"featured_media":6822,"comment_status":"open","ping_status":"closed","template":"","meta":{"neve_meta_sidebar":"","neve_meta_container":"","neve_meta_enable_content_width":"off","neve_meta_content_width":100,"neve_meta_title_alignment":"","neve_meta_author_avatar":"","neve_post_elements_order":"","neve_meta_disable_header":"","neve_meta_disable_footer":"","neve_meta_disable_title":""},"product_brand":[],"product_cat":[16,165,30,166,29],"product_tag":[83,32],"class_list":{"0":"post-6821","1":"product","2":"type-product","3":"status-publish","4":"has-post-thumbnail","6":"product_cat-ceramique","7":"product_cat-luxembourg","8":"product_cat-luxemburgensia","9":"product_cat-luxemburgensia-luxemburgensia","10":"product_cat-villeroy-boch","11":"product_tag-luxemburgensia","12":"product_tag-villeroy-et-boch","14":"first","15":"instock","16":"shipping-taxable","17":"purchasable","18":"product-type-simple"},"_links":{"self":[{"href":"https:\/\/legrenierdelatour.be\/brocante\/wp-json\/wp\/v2\/product\/6821","targetHints":{"allow":["GET"]}}],"collection":[{"href":"https:\/\/legrenierdelatour.be\/brocante\/wp-json\/wp\/v2\/product"}],"about":[{"href":"https:\/\/legrenierdelatour.be\/brocante\/wp-json\/wp\/v2\/types\/product"}],"replies":[{"embeddable":true,"href":"https:\/\/legrenierdelatour.be\/brocante\/wp-json\/wp\/v2\/comments?post=6821"}],"wp:featuredmedia":[{"embeddable":true,"href":"https:\/\/legrenierdelatour.be\/brocante\/wp-json\/wp\/v2\/media\/6822"}],"wp:attachment":[{"href":"https:\/\/legrenierdelatour.be\/brocante\/wp-json\/wp\/v2\/media?parent=6821"}],"wp:term":[{"taxonomy":"product_brand","embeddable":true,"href":"https:\/\/legrenierdelatour.be\/brocante\/wp-json\/wp\/v2\/product_brand?post=6821"},{"taxonomy":"product_cat","embeddable":true,"href":"https:\/\/legrenierdelatour.be\/brocante\/wp-json\/wp\/v2\/product_cat?post=6821"},{"taxonomy":"product_tag","embeddable":true,"href":"https:\/\/legrenierdelatour.be\/brocante\/wp-json\/wp\/v2\/product_tag?post=6821"}],"curies":[{"name":"wp","href":"https:\/\/api.w.org\/{rel}","templated":true}]}}