{"id":6802,"date":"2023-11-04T19:02:41","date_gmt":"2023-11-04T18:02:41","guid":{"rendered":"https:\/\/legrenierdelatour.be\/brocante\/?post_type=product&#038;p=6802"},"modified":"2023-11-04T19:02:41","modified_gmt":"2023-11-04T18:02:41","slug":"affiche-serigraphie-jacques-jauniaux-1985","status":"publish","type":"product","link":"https:\/\/legrenierdelatour.be\/brocante\/produit\/affiche-serigraphie-jacques-jauniaux-1985\/","title":{"rendered":"Affiche s\u00e9rigraphie Jacques Jauniaux 1985"},"content":{"rendered":"<p>Belle affiche (65&#215;45,5cm hors cadre) d\u2019une exposition de gravures de Noelle Auquier (n\u00e9e en 1959) en 1985. Il s\u2019agit d\u2019une s\u00e9rigraphie originale de Jacques Jauniaux. Cet artiste est n\u00e9 en 1934 \u00e0 Bruxelles. Dessinateur, peintre, sculpteur et s\u00e9rigraphe, il fait des \u00e9tudes de\u2019illustration et de gravure \u00e0 la Cambre en 1952, de photogravure en 1953. Il imprime des s\u00e9rigraphie pour Roger Dewint, Corneille, Pierre Caille.<\/p>\n<div>R\u00e9f 26.12<\/div>\n","protected":false},"excerpt":{"rendered":"<p>Belle affiche (65&#215;45,5cm hors cadre) d\u2019une exposition de gravures de Noelle Auquier (n\u00e9e en 1959) en 1985. Il s\u2019agit d\u2019une s\u00e9rigraphie originale de Jacques Jauniaux. Cet artiste est n\u00e9 en 1934 \u00e0 Bruxelles. Dessinateur, peintre, sculpteur et s\u00e9rigraphe, il fait des \u00e9tudes de\u2019illustration et de gravure \u00e0 la Cambre en 1952, de photogravure en 1953.&hellip;&nbsp;<a href=\"https:\/\/legrenierdelatour.be\/brocante\/produit\/affiche-serigraphie-jacques-jauniaux-1985\/\" class=\"\" rel=\"bookmark\">Lire la suite &raquo;<span class=\"screen-reader-text\">Affiche s\u00e9rigraphie Jacques Jauniaux 1985<\/span><\/a><\/p>\n","protected":false},"featured_media":6789,"comment_status":"open","ping_status":"closed","template":"","meta":{"neve_meta_sidebar":"","neve_meta_container":"","neve_meta_enable_content_width":"off","neve_meta_content_width":100,"neve_meta_title_alignment":"","neve_meta_author_avatar":"","neve_post_elements_order":"","neve_meta_disable_header":"","neve_meta_disable_footer":"","neve_meta_disable_title":""},"product_brand":[],"product_cat":[173,167],"product_tag":[79,68],"class_list":{"0":"post-6802","1":"product","2":"type-product","3":"status-publish","4":"has-post-thumbnail","6":"product_cat-objets-de-publicite","7":"product_cat-peintures-et-sculptures","8":"product_tag-art","9":"product_tag-publicite","11":"first","12":"instock","13":"shipping-taxable","14":"purchasable","15":"product-type-simple"},"_links":{"self":[{"href":"https:\/\/legrenierdelatour.be\/brocante\/wp-json\/wp\/v2\/product\/6802","targetHints":{"allow":["GET"]}}],"collection":[{"href":"https:\/\/legrenierdelatour.be\/brocante\/wp-json\/wp\/v2\/product"}],"about":[{"href":"https:\/\/legrenierdelatour.be\/brocante\/wp-json\/wp\/v2\/types\/product"}],"replies":[{"embeddable":true,"href":"https:\/\/legrenierdelatour.be\/brocante\/wp-json\/wp\/v2\/comments?post=6802"}],"wp:featuredmedia":[{"embeddable":true,"href":"https:\/\/legrenierdelatour.be\/brocante\/wp-json\/wp\/v2\/media\/6789"}],"wp:attachment":[{"href":"https:\/\/legrenierdelatour.be\/brocante\/wp-json\/wp\/v2\/media?parent=6802"}],"wp:term":[{"taxonomy":"product_brand","embeddable":true,"href":"https:\/\/legrenierdelatour.be\/brocante\/wp-json\/wp\/v2\/product_brand?post=6802"},{"taxonomy":"product_cat","embeddable":true,"href":"https:\/\/legrenierdelatour.be\/brocante\/wp-json\/wp\/v2\/product_cat?post=6802"},{"taxonomy":"product_tag","embeddable":true,"href":"https:\/\/legrenierdelatour.be\/brocante\/wp-json\/wp\/v2\/product_tag?post=6802"}],"curies":[{"name":"wp","href":"https:\/\/api.w.org\/{rel}","templated":true}]}}