{"id":6788,"date":"2023-11-04T18:03:01","date_gmt":"2023-11-04T17:03:01","guid":{"rendered":"https:\/\/legrenierdelatour.be\/brocante\/?post_type=product&#038;p=6788"},"modified":"2023-11-04T18:03:01","modified_gmt":"2023-11-04T17:03:01","slug":"aquarelle-hiver-a-benonchamps-angele-huart-cenne-1996","status":"publish","type":"product","link":"https:\/\/legrenierdelatour.be\/brocante\/produit\/aquarelle-hiver-a-benonchamps-angele-huart-cenne-1996\/","title":{"rendered":"Aquarelle \u00ab\u00a0Hiver \u00e0 Benonchamps\u00a0\u00bb, Ang\u00e8le Huart-Cenn\u00e9 1996"},"content":{"rendered":"<p>Aquarelle sur papier (31&#215;41 cm cadre compris) repr\u00e9sentant le village de Benonchamps sous la neige. Elle est sign\u00e9e et dat\u00e9e de f\u00e9vrier 1996. Elle a \u00e9t\u00e9 r\u00e9alis\u00e9e par Ang\u00e8le Huart-Cenn\u00e9. Cette artiste est n\u00e9e \u00e0 Wardin en 1931 et d\u00e9c\u00e9d\u00e9e en 2020 \u00e0 Bastogne. Tr\u00e8s bien ex\u00e9cut\u00e9e, cette aquarelle est en parfait \u00e9tat.<\/p>\n<div>R\u00e9f 26.10<\/div>\n","protected":false},"excerpt":{"rendered":"<p>Aquarelle sur papier (31&#215;41 cm cadre compris) repr\u00e9sentant le village de Benonchamps sous la neige. Elle est sign\u00e9e et dat\u00e9e de f\u00e9vrier 1996. Elle a \u00e9t\u00e9 r\u00e9alis\u00e9e par Ang\u00e8le Huart-Cenn\u00e9. Cette artiste est n\u00e9e \u00e0 Wardin en 1931 et d\u00e9c\u00e9d\u00e9e en 2020 \u00e0 Bastogne. Tr\u00e8s bien ex\u00e9cut\u00e9e, cette aquarelle est en parfait \u00e9tat. R\u00e9f 26.10<\/p>\n","protected":false},"featured_media":6797,"comment_status":"open","ping_status":"closed","template":"","meta":{"neve_meta_sidebar":"","neve_meta_container":"","neve_meta_enable_content_width":"off","neve_meta_content_width":100,"neve_meta_title_alignment":"","neve_meta_author_avatar":"","neve_post_elements_order":"","neve_meta_disable_header":"","neve_meta_disable_footer":"","neve_meta_disable_title":""},"product_brand":[],"product_cat":[31,167],"product_tag":[79,112],"class_list":{"0":"post-6788","1":"product","2":"type-product","3":"status-publish","4":"has-post-thumbnail","6":"product_cat-pays-darlon","7":"product_cat-peintures-et-sculptures","8":"product_tag-art","9":"product_tag-pays-darlon","11":"first","12":"instock","13":"shipping-taxable","14":"purchasable","15":"product-type-simple"},"_links":{"self":[{"href":"https:\/\/legrenierdelatour.be\/brocante\/wp-json\/wp\/v2\/product\/6788","targetHints":{"allow":["GET"]}}],"collection":[{"href":"https:\/\/legrenierdelatour.be\/brocante\/wp-json\/wp\/v2\/product"}],"about":[{"href":"https:\/\/legrenierdelatour.be\/brocante\/wp-json\/wp\/v2\/types\/product"}],"replies":[{"embeddable":true,"href":"https:\/\/legrenierdelatour.be\/brocante\/wp-json\/wp\/v2\/comments?post=6788"}],"wp:featuredmedia":[{"embeddable":true,"href":"https:\/\/legrenierdelatour.be\/brocante\/wp-json\/wp\/v2\/media\/6797"}],"wp:attachment":[{"href":"https:\/\/legrenierdelatour.be\/brocante\/wp-json\/wp\/v2\/media?parent=6788"}],"wp:term":[{"taxonomy":"product_brand","embeddable":true,"href":"https:\/\/legrenierdelatour.be\/brocante\/wp-json\/wp\/v2\/product_brand?post=6788"},{"taxonomy":"product_cat","embeddable":true,"href":"https:\/\/legrenierdelatour.be\/brocante\/wp-json\/wp\/v2\/product_cat?post=6788"},{"taxonomy":"product_tag","embeddable":true,"href":"https:\/\/legrenierdelatour.be\/brocante\/wp-json\/wp\/v2\/product_tag?post=6788"}],"curies":[{"name":"wp","href":"https:\/\/api.w.org\/{rel}","templated":true}]}}