{"id":6783,"date":"2023-11-04T10:29:59","date_gmt":"2023-11-04T09:29:59","guid":{"rendered":"https:\/\/legrenierdelatour.be\/brocante\/?post_type=product&#038;p=6783"},"modified":"2023-11-04T10:29:59","modified_gmt":"2023-11-04T09:29:59","slug":"assiette-hkl-trois-vierges-gemengemusik-munzen","status":"publish","type":"product","link":"https:\/\/legrenierdelatour.be\/brocante\/produit\/assiette-hkl-trois-vierges-gemengemusik-munzen\/","title":{"rendered":"Assiette HKL Trois-Vierges, Gemengemusik Munzen"},"content":{"rendered":"<p>Assiette d\u00e9corative (25 cm de diam\u00e8tre) \u00e9dit\u00e9e par la fanfare Munzen en 1997. Elle a \u00e9t\u00e9 produite par HKL \u00e0 Trois Vierges<\/p>\n<div>R\u00e9f 26.08<\/div>\n","protected":false},"excerpt":{"rendered":"<p>Assiette d\u00e9corative (25 cm de diam\u00e8tre) \u00e9dit\u00e9e par la fanfare Munzen en 1997. Elle a \u00e9t\u00e9 produite par HKL \u00e0 Trois Vierges R\u00e9f 26.08<\/p>\n","protected":false},"featured_media":6784,"comment_status":"open","ping_status":"closed","template":"","meta":{"neve_meta_sidebar":"","neve_meta_container":"","neve_meta_enable_content_width":"off","neve_meta_content_width":100,"neve_meta_title_alignment":"","neve_meta_author_avatar":"","neve_post_elements_order":"","neve_meta_disable_header":"","neve_meta_disable_footer":"","neve_meta_disable_title":""},"product_brand":[],"product_cat":[16,165,30,166],"product_tag":[83],"class_list":{"0":"post-6783","1":"product","2":"type-product","3":"status-publish","4":"has-post-thumbnail","6":"product_cat-ceramique","7":"product_cat-luxembourg","8":"product_cat-luxemburgensia","9":"product_cat-luxemburgensia-luxemburgensia","10":"product_tag-luxemburgensia","12":"first","13":"instock","14":"shipping-taxable","15":"purchasable","16":"product-type-simple"},"_links":{"self":[{"href":"https:\/\/legrenierdelatour.be\/brocante\/wp-json\/wp\/v2\/product\/6783","targetHints":{"allow":["GET"]}}],"collection":[{"href":"https:\/\/legrenierdelatour.be\/brocante\/wp-json\/wp\/v2\/product"}],"about":[{"href":"https:\/\/legrenierdelatour.be\/brocante\/wp-json\/wp\/v2\/types\/product"}],"replies":[{"embeddable":true,"href":"https:\/\/legrenierdelatour.be\/brocante\/wp-json\/wp\/v2\/comments?post=6783"}],"wp:featuredmedia":[{"embeddable":true,"href":"https:\/\/legrenierdelatour.be\/brocante\/wp-json\/wp\/v2\/media\/6784"}],"wp:attachment":[{"href":"https:\/\/legrenierdelatour.be\/brocante\/wp-json\/wp\/v2\/media?parent=6783"}],"wp:term":[{"taxonomy":"product_brand","embeddable":true,"href":"https:\/\/legrenierdelatour.be\/brocante\/wp-json\/wp\/v2\/product_brand?post=6783"},{"taxonomy":"product_cat","embeddable":true,"href":"https:\/\/legrenierdelatour.be\/brocante\/wp-json\/wp\/v2\/product_cat?post=6783"},{"taxonomy":"product_tag","embeddable":true,"href":"https:\/\/legrenierdelatour.be\/brocante\/wp-json\/wp\/v2\/product_tag?post=6783"}],"curies":[{"name":"wp","href":"https:\/\/api.w.org\/{rel}","templated":true}]}}