{"id":6758,"date":"2023-11-04T09:40:12","date_gmt":"2023-11-04T08:40:12","guid":{"rendered":"https:\/\/legrenierdelatour.be\/brocante\/?post_type=product&#038;p=6758"},"modified":"2023-11-04T09:40:13","modified_gmt":"2023-11-04T08:40:13","slug":"vase-kmk-platin-1990","status":"publish","type":"product","link":"https:\/\/legrenierdelatour.be\/brocante\/produit\/vase-kmk-platin-1990\/","title":{"rendered":"Vase KMK \u00ab\u00a0Platin\u00a0\u00bb 1990"},"content":{"rendered":"<p>Beau vase (20 cm de haut) issu de la manufacture KMK (Keramik Manufacture Kupferm\u00fchle) en Allemagne de l\u2019Ouest. Cette manufacture d\u00e9buta en 1949, en 1990 d\u00e9buta la production de la collection \u00ab\u00a0Platin\u00a0\u00bb , d\u00e9cor avec peinture de m\u00e9taux pr\u00e9cieux. Elle cessa ses activit\u00e9s en 1997. Ce vase est pr\u00e9sent dans le catalogue de juin 1990 et est peint avec des peintures en or et platine v\u00e9ritables. Il est en parfait \u00e9tat.<\/p>\n<div>R\u00e9f 26.02<\/div>\n","protected":false},"excerpt":{"rendered":"<p>Beau vase (20 cm de haut) issu de la manufacture KMK (Keramik Manufacture Kupferm\u00fchle) en Allemagne de l\u2019Ouest. Cette manufacture d\u00e9buta en 1949, en 1990 d\u00e9buta la production de la collection \u00ab\u00a0Platin\u00a0\u00bb , d\u00e9cor avec peinture de m\u00e9taux pr\u00e9cieux. Elle cessa ses activit\u00e9s en 1997. Ce vase est pr\u00e9sent dans le catalogue de juin 1990&hellip;&nbsp;<a href=\"https:\/\/legrenierdelatour.be\/brocante\/produit\/vase-kmk-platin-1990\/\" class=\"\" rel=\"bookmark\">Lire la suite &raquo;<span class=\"screen-reader-text\">Vase KMK \u00ab\u00a0Platin\u00a0\u00bb 1990<\/span><\/a><\/p>\n","protected":false},"featured_media":6763,"comment_status":"open","ping_status":"closed","template":"","meta":{"neve_meta_sidebar":"","neve_meta_container":"","neve_meta_enable_content_width":"off","neve_meta_content_width":100,"neve_meta_title_alignment":"","neve_meta_author_avatar":"","neve_post_elements_order":"","neve_meta_disable_header":"","neve_meta_disable_footer":"","neve_meta_disable_title":""},"product_brand":[],"product_cat":[48,16],"product_tag":[19],"class_list":{"0":"post-6758","1":"product","2":"type-product","3":"status-publish","4":"has-post-thumbnail","6":"product_cat-allemagne","7":"product_cat-ceramique","8":"product_tag-faience","10":"first","11":"instock","12":"shipping-taxable","13":"purchasable","14":"product-type-simple"},"_links":{"self":[{"href":"https:\/\/legrenierdelatour.be\/brocante\/wp-json\/wp\/v2\/product\/6758","targetHints":{"allow":["GET"]}}],"collection":[{"href":"https:\/\/legrenierdelatour.be\/brocante\/wp-json\/wp\/v2\/product"}],"about":[{"href":"https:\/\/legrenierdelatour.be\/brocante\/wp-json\/wp\/v2\/types\/product"}],"replies":[{"embeddable":true,"href":"https:\/\/legrenierdelatour.be\/brocante\/wp-json\/wp\/v2\/comments?post=6758"}],"wp:featuredmedia":[{"embeddable":true,"href":"https:\/\/legrenierdelatour.be\/brocante\/wp-json\/wp\/v2\/media\/6763"}],"wp:attachment":[{"href":"https:\/\/legrenierdelatour.be\/brocante\/wp-json\/wp\/v2\/media?parent=6758"}],"wp:term":[{"taxonomy":"product_brand","embeddable":true,"href":"https:\/\/legrenierdelatour.be\/brocante\/wp-json\/wp\/v2\/product_brand?post=6758"},{"taxonomy":"product_cat","embeddable":true,"href":"https:\/\/legrenierdelatour.be\/brocante\/wp-json\/wp\/v2\/product_cat?post=6758"},{"taxonomy":"product_tag","embeddable":true,"href":"https:\/\/legrenierdelatour.be\/brocante\/wp-json\/wp\/v2\/product_tag?post=6758"}],"curies":[{"name":"wp","href":"https:\/\/api.w.org\/{rel}","templated":true}]}}