{"id":6754,"date":"2023-11-04T09:22:41","date_gmt":"2023-11-04T08:22:41","guid":{"rendered":"https:\/\/legrenierdelatour.be\/brocante\/?post_type=product&#038;p=6754"},"modified":"2023-11-04T09:22:41","modified_gmt":"2023-11-04T08:22:41","slug":"grand-clown-murano","status":"publish","type":"product","link":"https:\/\/legrenierdelatour.be\/brocante\/produit\/grand-clown-murano\/","title":{"rendered":"Grand clown Murano"},"content":{"rendered":"<p>Grand clown jouant de la guitare (31,5 cm de haut) en verre souffl\u00e9. Il a sans doute \u00e9t\u00e9 produit sur l\u2019\u00eele de Murano en Italie. L\u2019art de la fabrication de ces clown se transmet de g\u00e9n\u00e9ration en g\u00e9n\u00e9ration au sein des familles des souffleurs de verre. Chaque clown est un oeuvre unique. Ce grand clown est en parfait \u00e9tat; il est difficile \u00e0 dater.<\/p>\n<div>R\u00e9f 26.01<\/div>\n","protected":false},"excerpt":{"rendered":"<p>Grand clown jouant de la guitare (31,5 cm de haut) en verre souffl\u00e9. Il a sans doute \u00e9t\u00e9 produit sur l\u2019\u00eele de Murano en Italie. L\u2019art de la fabrication de ces clown se transmet de g\u00e9n\u00e9ration en g\u00e9n\u00e9ration au sein des familles des souffleurs de verre. Chaque clown est un oeuvre unique. Ce grand clown&hellip;&nbsp;<a href=\"https:\/\/legrenierdelatour.be\/brocante\/produit\/grand-clown-murano\/\" class=\"\" rel=\"bookmark\">Lire la suite &raquo;<span class=\"screen-reader-text\">Grand clown Murano<\/span><\/a><\/p>\n","protected":false},"featured_media":6755,"comment_status":"open","ping_status":"closed","template":"","meta":{"neve_meta_sidebar":"","neve_meta_container":"","neve_meta_enable_content_width":"off","neve_meta_content_width":100,"neve_meta_title_alignment":"","neve_meta_author_avatar":"","neve_post_elements_order":"","neve_meta_disable_header":"","neve_meta_disable_footer":"","neve_meta_disable_title":""},"product_brand":[],"product_cat":[60,22],"product_tag":[61,28],"class_list":{"0":"post-6754","1":"product","2":"type-product","3":"status-publish","4":"has-post-thumbnail","6":"product_cat-murano","7":"product_cat-verrerie","8":"product_tag-murano","9":"product_tag-vintage","11":"first","12":"instock","13":"shipping-taxable","14":"purchasable","15":"product-type-simple"},"_links":{"self":[{"href":"https:\/\/legrenierdelatour.be\/brocante\/wp-json\/wp\/v2\/product\/6754","targetHints":{"allow":["GET"]}}],"collection":[{"href":"https:\/\/legrenierdelatour.be\/brocante\/wp-json\/wp\/v2\/product"}],"about":[{"href":"https:\/\/legrenierdelatour.be\/brocante\/wp-json\/wp\/v2\/types\/product"}],"replies":[{"embeddable":true,"href":"https:\/\/legrenierdelatour.be\/brocante\/wp-json\/wp\/v2\/comments?post=6754"}],"wp:featuredmedia":[{"embeddable":true,"href":"https:\/\/legrenierdelatour.be\/brocante\/wp-json\/wp\/v2\/media\/6755"}],"wp:attachment":[{"href":"https:\/\/legrenierdelatour.be\/brocante\/wp-json\/wp\/v2\/media?parent=6754"}],"wp:term":[{"taxonomy":"product_brand","embeddable":true,"href":"https:\/\/legrenierdelatour.be\/brocante\/wp-json\/wp\/v2\/product_brand?post=6754"},{"taxonomy":"product_cat","embeddable":true,"href":"https:\/\/legrenierdelatour.be\/brocante\/wp-json\/wp\/v2\/product_cat?post=6754"},{"taxonomy":"product_tag","embeddable":true,"href":"https:\/\/legrenierdelatour.be\/brocante\/wp-json\/wp\/v2\/product_tag?post=6754"}],"curies":[{"name":"wp","href":"https:\/\/api.w.org\/{rel}","templated":true}]}}