{"id":6750,"date":"2023-11-03T15:40:56","date_gmt":"2023-11-03T14:40:56","guid":{"rendered":"https:\/\/legrenierdelatour.be\/brocante\/?post_type=product&#038;p=6750"},"modified":"2023-11-03T15:40:57","modified_gmt":"2023-11-03T14:40:57","slug":"saleron-et-moutardier-en-metal-argente-comte","status":"publish","type":"product","link":"https:\/\/legrenierdelatour.be\/brocante\/produit\/saleron-et-moutardier-en-metal-argente-comte\/","title":{"rendered":"Saleron et moutardier en m\u00e9tal argent\u00e9, Comte"},"content":{"rendered":"<p>Double porte saleron en m\u00e9tal argent\u00e9, avec r\u00e9cipients en verre. Il est marqu\u00e9 \u00ab\u00a0Comte\u00a0\u00bb et de deux poissons carr\u00e9s non identifi\u00e9s. Il est accompagn\u00e9 du moutardier \u00e9galement en m\u00e9tal argent\u00e9. L&rsquo;ensemble date sans doute du d\u00e9but du 20\u00e8 si\u00e8cle.<\/p>\n<div>R\u00e9f 25.101<\/div>\n","protected":false},"excerpt":{"rendered":"<p>Double porte saleron en m\u00e9tal argent\u00e9, avec r\u00e9cipients en verre. Il est marqu\u00e9 \u00ab\u00a0Comte\u00a0\u00bb et de deux poissons carr\u00e9s non identifi\u00e9s. Il est accompagn\u00e9 du moutardier \u00e9galement en m\u00e9tal argent\u00e9. L&rsquo;ensemble date sans doute du d\u00e9but du 20\u00e8 si\u00e8cle. R\u00e9f 25.101<\/p>\n","protected":false},"featured_media":6751,"comment_status":"open","ping_status":"closed","template":"","meta":{"neve_meta_sidebar":"","neve_meta_container":"","neve_meta_enable_content_width":"off","neve_meta_content_width":100,"neve_meta_title_alignment":"","neve_meta_author_avatar":"","neve_post_elements_order":"","neve_meta_disable_header":"","neve_meta_disable_footer":"","neve_meta_disable_title":""},"product_brand":[],"product_cat":[172,109],"product_tag":[],"class_list":{"0":"post-6750","1":"product","2":"type-product","3":"status-publish","4":"has-post-thumbnail","6":"product_cat-en-cuisine","7":"product_cat-metal","9":"first","10":"instock","11":"shipping-taxable","12":"purchasable","13":"product-type-simple"},"_links":{"self":[{"href":"https:\/\/legrenierdelatour.be\/brocante\/wp-json\/wp\/v2\/product\/6750","targetHints":{"allow":["GET"]}}],"collection":[{"href":"https:\/\/legrenierdelatour.be\/brocante\/wp-json\/wp\/v2\/product"}],"about":[{"href":"https:\/\/legrenierdelatour.be\/brocante\/wp-json\/wp\/v2\/types\/product"}],"replies":[{"embeddable":true,"href":"https:\/\/legrenierdelatour.be\/brocante\/wp-json\/wp\/v2\/comments?post=6750"}],"wp:featuredmedia":[{"embeddable":true,"href":"https:\/\/legrenierdelatour.be\/brocante\/wp-json\/wp\/v2\/media\/6751"}],"wp:attachment":[{"href":"https:\/\/legrenierdelatour.be\/brocante\/wp-json\/wp\/v2\/media?parent=6750"}],"wp:term":[{"taxonomy":"product_brand","embeddable":true,"href":"https:\/\/legrenierdelatour.be\/brocante\/wp-json\/wp\/v2\/product_brand?post=6750"},{"taxonomy":"product_cat","embeddable":true,"href":"https:\/\/legrenierdelatour.be\/brocante\/wp-json\/wp\/v2\/product_cat?post=6750"},{"taxonomy":"product_tag","embeddable":true,"href":"https:\/\/legrenierdelatour.be\/brocante\/wp-json\/wp\/v2\/product_tag?post=6750"}],"curies":[{"name":"wp","href":"https:\/\/api.w.org\/{rel}","templated":true}]}}