{"id":675,"date":"2022-03-10T12:51:50","date_gmt":"2022-03-10T11:51:50","guid":{"rendered":"https:\/\/legrenierdelatour.be\/brocante\/?post_type=product&#038;p=675"},"modified":"2022-05-19T17:13:53","modified_gmt":"2022-05-19T15:13:53","slug":"plat-avec-couvercle-fleurs-stylisees-villeroy-boch","status":"publish","type":"product","link":"https:\/\/legrenierdelatour.be\/brocante\/produit\/plat-avec-couvercle-fleurs-stylisees-villeroy-boch\/","title":{"rendered":"Plat avec couvercle \u00ab\u00a0Fleurs stylis\u00e9es\u00a0\u00bb Villeroy &#038; Boch"},"content":{"rendered":"<p>Petit plat (11 cm de diam\u00e8tre) avec couvercle d\u00e9cor\u00e9 de fleurs stylis\u00e9es, produit par Villeroy &amp; Boch Septfontaines, sans doute dans les ann\u00e9es 1960-70. Il a le m\u00eame dessin que le sucrier de la r\u00e9f\u00e9rence 8.30. Voir aussi les R\u00e9f 11.55 et 11.56.<\/p>\n<div>R\u00e9f 9.19<\/div>\n","protected":false},"excerpt":{"rendered":"<p>Petit plat (11 cm de diam\u00e8tre) avec couvercle d\u00e9cor\u00e9 de fleurs stylis\u00e9es, produit par Villeroy &amp; Boch Septfontaines, sans doute dans les ann\u00e9es 1960-70. Il a le m\u00eame dessin que le sucrier de la r\u00e9f\u00e9rence 8.30. Voir aussi les R\u00e9f 11.55 et 11.56. R\u00e9f 9.19<\/p>\n","protected":false},"featured_media":672,"comment_status":"open","ping_status":"closed","template":"","meta":{"neve_meta_sidebar":"","neve_meta_container":"","neve_meta_enable_content_width":"off","neve_meta_content_width":100,"neve_meta_title_alignment":"","neve_meta_author_avatar":"","neve_post_elements_order":"","neve_meta_disable_header":"","neve_meta_disable_footer":"","neve_meta_disable_title":""},"product_brand":[],"product_cat":[172,16,165,29],"product_tag":[19,32,28],"class_list":{"0":"post-675","1":"product","2":"type-product","3":"status-publish","4":"has-post-thumbnail","6":"product_cat-en-cuisine","7":"product_cat-ceramique","8":"product_cat-luxembourg","9":"product_cat-villeroy-boch","10":"product_tag-faience","11":"product_tag-villeroy-et-boch","12":"product_tag-vintage","14":"first","15":"instock","16":"shipping-taxable","17":"purchasable","18":"product-type-simple"},"_links":{"self":[{"href":"https:\/\/legrenierdelatour.be\/brocante\/wp-json\/wp\/v2\/product\/675","targetHints":{"allow":["GET"]}}],"collection":[{"href":"https:\/\/legrenierdelatour.be\/brocante\/wp-json\/wp\/v2\/product"}],"about":[{"href":"https:\/\/legrenierdelatour.be\/brocante\/wp-json\/wp\/v2\/types\/product"}],"replies":[{"embeddable":true,"href":"https:\/\/legrenierdelatour.be\/brocante\/wp-json\/wp\/v2\/comments?post=675"}],"wp:featuredmedia":[{"embeddable":true,"href":"https:\/\/legrenierdelatour.be\/brocante\/wp-json\/wp\/v2\/media\/672"}],"wp:attachment":[{"href":"https:\/\/legrenierdelatour.be\/brocante\/wp-json\/wp\/v2\/media?parent=675"}],"wp:term":[{"taxonomy":"product_brand","embeddable":true,"href":"https:\/\/legrenierdelatour.be\/brocante\/wp-json\/wp\/v2\/product_brand?post=675"},{"taxonomy":"product_cat","embeddable":true,"href":"https:\/\/legrenierdelatour.be\/brocante\/wp-json\/wp\/v2\/product_cat?post=675"},{"taxonomy":"product_tag","embeddable":true,"href":"https:\/\/legrenierdelatour.be\/brocante\/wp-json\/wp\/v2\/product_tag?post=675"}],"curies":[{"name":"wp","href":"https:\/\/api.w.org\/{rel}","templated":true}]}}