{"id":6747,"date":"2023-11-03T15:30:10","date_gmt":"2023-11-03T14:30:10","guid":{"rendered":"https:\/\/legrenierdelatour.be\/brocante\/?post_type=product&#038;p=6747"},"modified":"2023-11-03T15:30:10","modified_gmt":"2023-11-03T14:30:10","slug":"assiette-althea-boch-freres","status":"publish","type":"product","link":"https:\/\/legrenierdelatour.be\/brocante\/produit\/assiette-althea-boch-freres\/","title":{"rendered":"Assiette \u00ab\u00a0Althea\u00a0\u00bb Boch Fr\u00e8res"},"content":{"rendered":"<p>Belle assiette (25 cm de diam\u00e8tre) en fa\u00efence, portant le d\u00e9cor Althea, bouquet de fleurs bleues \u00ab\u00a0floues\u00a0\u00bb. Elle a \u00e9t\u00e9 produite par la manufacture Boch Fr\u00e8res et date, d\u2019apr\u00e8s son cachet en bleu dessous, de la fin du 19\u00e8-d\u00e9but du 20\u00e8 si\u00e8cle (avant 1920).<\/p>\n<div>Deux exemplaires disponibles, toutes deux en tr\u00e8s bon \u00e9tat.<\/div>\n<div>R\u00e9f 25.100<\/div>\n","protected":false},"excerpt":{"rendered":"<p>Belle assiette (25 cm de diam\u00e8tre) en fa\u00efence, portant le d\u00e9cor Althea, bouquet de fleurs bleues \u00ab\u00a0floues\u00a0\u00bb. Elle a \u00e9t\u00e9 produite par la manufacture Boch Fr\u00e8res et date, d\u2019apr\u00e8s son cachet en bleu dessous, de la fin du 19\u00e8-d\u00e9but du 20\u00e8 si\u00e8cle (avant 1920). Deux exemplaires disponibles, toutes deux en tr\u00e8s bon \u00e9tat. R\u00e9f 25.100<\/p>\n","protected":false},"featured_media":6748,"comment_status":"open","ping_status":"closed","template":"","meta":{"neve_meta_sidebar":"","neve_meta_container":"","neve_meta_enable_content_width":"off","neve_meta_content_width":100,"neve_meta_title_alignment":"","neve_meta_author_avatar":"","neve_post_elements_order":"","neve_meta_disable_header":"","neve_meta_disable_footer":"","neve_meta_disable_title":""},"product_brand":[],"product_cat":[37,175,16],"product_tag":[20],"class_list":{"0":"post-6747","1":"product","2":"type-product","3":"status-publish","4":"has-post-thumbnail","6":"product_cat-belgique","7":"product_cat-boch","8":"product_cat-ceramique","9":"product_tag-boch","11":"first","12":"instock","13":"shipping-taxable","14":"purchasable","15":"product-type-simple"},"_links":{"self":[{"href":"https:\/\/legrenierdelatour.be\/brocante\/wp-json\/wp\/v2\/product\/6747","targetHints":{"allow":["GET"]}}],"collection":[{"href":"https:\/\/legrenierdelatour.be\/brocante\/wp-json\/wp\/v2\/product"}],"about":[{"href":"https:\/\/legrenierdelatour.be\/brocante\/wp-json\/wp\/v2\/types\/product"}],"replies":[{"embeddable":true,"href":"https:\/\/legrenierdelatour.be\/brocante\/wp-json\/wp\/v2\/comments?post=6747"}],"wp:featuredmedia":[{"embeddable":true,"href":"https:\/\/legrenierdelatour.be\/brocante\/wp-json\/wp\/v2\/media\/6748"}],"wp:attachment":[{"href":"https:\/\/legrenierdelatour.be\/brocante\/wp-json\/wp\/v2\/media?parent=6747"}],"wp:term":[{"taxonomy":"product_brand","embeddable":true,"href":"https:\/\/legrenierdelatour.be\/brocante\/wp-json\/wp\/v2\/product_brand?post=6747"},{"taxonomy":"product_cat","embeddable":true,"href":"https:\/\/legrenierdelatour.be\/brocante\/wp-json\/wp\/v2\/product_cat?post=6747"},{"taxonomy":"product_tag","embeddable":true,"href":"https:\/\/legrenierdelatour.be\/brocante\/wp-json\/wp\/v2\/product_tag?post=6747"}],"curies":[{"name":"wp","href":"https:\/\/api.w.org\/{rel}","templated":true}]}}