{"id":6744,"date":"2023-11-03T15:18:30","date_gmt":"2023-11-03T14:18:30","guid":{"rendered":"https:\/\/legrenierdelatour.be\/brocante\/?post_type=product&#038;p=6744"},"modified":"2023-11-03T15:18:30","modified_gmt":"2023-11-03T14:18:30","slug":"assiette-institut-nd-de-bastogne-rouge-fontaine-baudour","status":"publish","type":"product","link":"https:\/\/legrenierdelatour.be\/brocante\/produit\/assiette-institut-nd-de-bastogne-rouge-fontaine-baudour\/","title":{"rendered":"Assiette Institut ND de Bastogne, Rouge Fontaine Baudour"},"content":{"rendered":"<p>Assiette en fa\u00efence (24 cm de diam\u00e8tre) repr\u00e9sentant Bastogne vers 1850. Elle a \u00e9t\u00e9 \u00e9dit\u00e9e pour les 150 ans de l\u2019Institut Notre Dame de Bastogne en 1986. Elle est issue de la manufacture Rouge Fontaine (1955-2005) \u00e0 Baudour.\u00a0L&rsquo;immigrant italien Sciannella travaillait \u00e0 la fa\u00efencerie de St-Ghislain avant de cr\u00e9\u00e9r une propre entreprise en 1955.\u00a0La \u00ab\u00a0C\u00e9ramique Rouge Fontaine\u00a0\u00bb tenait son nom d&rsquo;une source d&rsquo;eau ferrugineuse \u00e0 Baudour.\u00a0Scianella produisait des objets d\u00e9coratifs et des objets publicitaires comme des cendriers pour les marques de bi\u00e8re ou de champagne etc. L&rsquo;entreprise a ferm\u00e9 ses portes \u00e0 la fin 2005.<\/p>\n<div>R\u00e9f 25.99<\/div>\n","protected":false},"excerpt":{"rendered":"<p>Assiette en fa\u00efence (24 cm de diam\u00e8tre) repr\u00e9sentant Bastogne vers 1850. Elle a \u00e9t\u00e9 \u00e9dit\u00e9e pour les 150 ans de l\u2019Institut Notre Dame de Bastogne en 1986. Elle est issue de la manufacture Rouge Fontaine (1955-2005) \u00e0 Baudour.\u00a0L&rsquo;immigrant italien Sciannella travaillait \u00e0 la fa\u00efencerie de St-Ghislain avant de cr\u00e9\u00e9r une propre entreprise en 1955.\u00a0La \u00ab\u00a0C\u00e9ramique&hellip;&nbsp;<a href=\"https:\/\/legrenierdelatour.be\/brocante\/produit\/assiette-institut-nd-de-bastogne-rouge-fontaine-baudour\/\" class=\"\" rel=\"bookmark\">Lire la suite &raquo;<span class=\"screen-reader-text\">Assiette Institut ND de Bastogne, Rouge Fontaine Baudour<\/span><\/a><\/p>\n","protected":false},"featured_media":6745,"comment_status":"open","ping_status":"closed","template":"","meta":{"neve_meta_sidebar":"","neve_meta_container":"","neve_meta_enable_content_width":"off","neve_meta_content_width":100,"neve_meta_title_alignment":"","neve_meta_author_avatar":"","neve_post_elements_order":"","neve_meta_disable_header":"","neve_meta_disable_footer":"","neve_meta_disable_title":""},"product_brand":[],"product_cat":[37,16,31],"product_tag":[40,112],"class_list":{"0":"post-6744","1":"product","2":"type-product","3":"status-publish","4":"has-post-thumbnail","6":"product_cat-belgique","7":"product_cat-ceramique","8":"product_cat-pays-darlon","9":"product_tag-belgique","10":"product_tag-pays-darlon","12":"first","13":"instock","14":"shipping-taxable","15":"purchasable","16":"product-type-simple"},"_links":{"self":[{"href":"https:\/\/legrenierdelatour.be\/brocante\/wp-json\/wp\/v2\/product\/6744","targetHints":{"allow":["GET"]}}],"collection":[{"href":"https:\/\/legrenierdelatour.be\/brocante\/wp-json\/wp\/v2\/product"}],"about":[{"href":"https:\/\/legrenierdelatour.be\/brocante\/wp-json\/wp\/v2\/types\/product"}],"replies":[{"embeddable":true,"href":"https:\/\/legrenierdelatour.be\/brocante\/wp-json\/wp\/v2\/comments?post=6744"}],"wp:featuredmedia":[{"embeddable":true,"href":"https:\/\/legrenierdelatour.be\/brocante\/wp-json\/wp\/v2\/media\/6745"}],"wp:attachment":[{"href":"https:\/\/legrenierdelatour.be\/brocante\/wp-json\/wp\/v2\/media?parent=6744"}],"wp:term":[{"taxonomy":"product_brand","embeddable":true,"href":"https:\/\/legrenierdelatour.be\/brocante\/wp-json\/wp\/v2\/product_brand?post=6744"},{"taxonomy":"product_cat","embeddable":true,"href":"https:\/\/legrenierdelatour.be\/brocante\/wp-json\/wp\/v2\/product_cat?post=6744"},{"taxonomy":"product_tag","embeddable":true,"href":"https:\/\/legrenierdelatour.be\/brocante\/wp-json\/wp\/v2\/product_tag?post=6744"}],"curies":[{"name":"wp","href":"https:\/\/api.w.org\/{rel}","templated":true}]}}