{"id":6738,"date":"2023-11-03T13:22:32","date_gmt":"2023-11-03T12:22:32","guid":{"rendered":"https:\/\/legrenierdelatour.be\/brocante\/?post_type=product&#038;p=6738"},"modified":"2023-11-03T13:22:32","modified_gmt":"2023-11-03T12:22:32","slug":"assiette-a-dessert-paysage-en-noir-et-blanc-boch-la-louviere","status":"publish","type":"product","link":"https:\/\/legrenierdelatour.be\/brocante\/produit\/assiette-a-dessert-paysage-en-noir-et-blanc-boch-la-louviere\/","title":{"rendered":"Assiette \u00e0 dessert \u00ab\u00a0Paysage en noir et blanc\u00a0\u00bb, Boch La Louvi\u00e8re"},"content":{"rendered":"<p>Belle assiette \u00e0 dessert (17 cm de diam\u00e8tre) au d\u00e9cor Paysage en noir et blanc, issue de la manufacture Boch La Louvi\u00e8re. Le cachet sous l\u2019assiette atteste d\u2019une production des ann\u00e9es 1920-40. Elle est en parfait \u00e9tat.<\/p>\n<div>R\u00e9f 25.97<\/div>\n","protected":false},"excerpt":{"rendered":"<p>Belle assiette \u00e0 dessert (17 cm de diam\u00e8tre) au d\u00e9cor Paysage en noir et blanc, issue de la manufacture Boch La Louvi\u00e8re. Le cachet sous l\u2019assiette atteste d\u2019une production des ann\u00e9es 1920-40. Elle est en parfait \u00e9tat. R\u00e9f 25.97<\/p>\n","protected":false},"featured_media":6739,"comment_status":"open","ping_status":"closed","template":"","meta":{"neve_meta_sidebar":"","neve_meta_container":"","neve_meta_enable_content_width":"off","neve_meta_content_width":100,"neve_meta_title_alignment":"","neve_meta_author_avatar":"","neve_post_elements_order":"","neve_meta_disable_header":"","neve_meta_disable_footer":"","neve_meta_disable_title":""},"product_brand":[],"product_cat":[37,175,16],"product_tag":[20,28],"class_list":{"0":"post-6738","1":"product","2":"type-product","3":"status-publish","4":"has-post-thumbnail","6":"product_cat-belgique","7":"product_cat-boch","8":"product_cat-ceramique","9":"product_tag-boch","10":"product_tag-vintage","12":"first","13":"instock","14":"shipping-taxable","15":"purchasable","16":"product-type-simple"},"_links":{"self":[{"href":"https:\/\/legrenierdelatour.be\/brocante\/wp-json\/wp\/v2\/product\/6738","targetHints":{"allow":["GET"]}}],"collection":[{"href":"https:\/\/legrenierdelatour.be\/brocante\/wp-json\/wp\/v2\/product"}],"about":[{"href":"https:\/\/legrenierdelatour.be\/brocante\/wp-json\/wp\/v2\/types\/product"}],"replies":[{"embeddable":true,"href":"https:\/\/legrenierdelatour.be\/brocante\/wp-json\/wp\/v2\/comments?post=6738"}],"wp:featuredmedia":[{"embeddable":true,"href":"https:\/\/legrenierdelatour.be\/brocante\/wp-json\/wp\/v2\/media\/6739"}],"wp:attachment":[{"href":"https:\/\/legrenierdelatour.be\/brocante\/wp-json\/wp\/v2\/media?parent=6738"}],"wp:term":[{"taxonomy":"product_brand","embeddable":true,"href":"https:\/\/legrenierdelatour.be\/brocante\/wp-json\/wp\/v2\/product_brand?post=6738"},{"taxonomy":"product_cat","embeddable":true,"href":"https:\/\/legrenierdelatour.be\/brocante\/wp-json\/wp\/v2\/product_cat?post=6738"},{"taxonomy":"product_tag","embeddable":true,"href":"https:\/\/legrenierdelatour.be\/brocante\/wp-json\/wp\/v2\/product_tag?post=6738"}],"curies":[{"name":"wp","href":"https:\/\/api.w.org\/{rel}","templated":true}]}}