{"id":6728,"date":"2023-11-03T12:30:14","date_gmt":"2023-11-03T11:30:14","guid":{"rendered":"https:\/\/legrenierdelatour.be\/brocante\/?post_type=product&#038;p=6728"},"modified":"2023-11-03T12:30:14","modified_gmt":"2023-11-03T11:30:14","slug":"plaque-en-argent-cisele-18e-19e-siecles","status":"publish","type":"product","link":"https:\/\/legrenierdelatour.be\/brocante\/produit\/plaque-en-argent-cisele-18e-19e-siecles\/","title":{"rendered":"Plaque en argent cisel\u00e9, 18\u00e8-19\u00e8 si\u00e8cles"},"content":{"rendered":"<p>Belle plaque (16&#215;10 cm) en argent cisel\u00e9, repr\u00e9sentant une Verge \u00e0 l\u2019Enfant. Le fond ainsi que la Verge sont finement cisel\u00e9s. Cette plaque est pr\u00e9vue pour \u00eatre pos\u00e9e. Cette plaque pourrait dater des 18\u00e8-19\u00e8 si\u00e8cles.<\/p>\n<div>R\u00e9f 25.95<\/div>\n","protected":false},"excerpt":{"rendered":"<p>Belle plaque (16&#215;10 cm) en argent cisel\u00e9, repr\u00e9sentant une Verge \u00e0 l\u2019Enfant. Le fond ainsi que la Verge sont finement cisel\u00e9s. Cette plaque est pr\u00e9vue pour \u00eatre pos\u00e9e. Cette plaque pourrait dater des 18\u00e8-19\u00e8 si\u00e8cles. R\u00e9f 25.95<\/p>\n","protected":false},"featured_media":6731,"comment_status":"open","ping_status":"closed","template":"","meta":{"neve_meta_sidebar":"","neve_meta_container":"","neve_meta_enable_content_width":"off","neve_meta_content_width":100,"neve_meta_title_alignment":"","neve_meta_author_avatar":"","neve_post_elements_order":"","neve_meta_disable_header":"","neve_meta_disable_footer":"","neve_meta_disable_title":""},"product_brand":[],"product_cat":[109,167,34],"product_tag":[35],"class_list":{"0":"post-6728","1":"product","2":"type-product","3":"status-publish","4":"has-post-thumbnail","6":"product_cat-metal","7":"product_cat-peintures-et-sculptures","8":"product_cat-religiosa","9":"product_tag-religion","11":"first","12":"instock","13":"shipping-taxable","14":"purchasable","15":"product-type-simple"},"_links":{"self":[{"href":"https:\/\/legrenierdelatour.be\/brocante\/wp-json\/wp\/v2\/product\/6728","targetHints":{"allow":["GET"]}}],"collection":[{"href":"https:\/\/legrenierdelatour.be\/brocante\/wp-json\/wp\/v2\/product"}],"about":[{"href":"https:\/\/legrenierdelatour.be\/brocante\/wp-json\/wp\/v2\/types\/product"}],"replies":[{"embeddable":true,"href":"https:\/\/legrenierdelatour.be\/brocante\/wp-json\/wp\/v2\/comments?post=6728"}],"wp:featuredmedia":[{"embeddable":true,"href":"https:\/\/legrenierdelatour.be\/brocante\/wp-json\/wp\/v2\/media\/6731"}],"wp:attachment":[{"href":"https:\/\/legrenierdelatour.be\/brocante\/wp-json\/wp\/v2\/media?parent=6728"}],"wp:term":[{"taxonomy":"product_brand","embeddable":true,"href":"https:\/\/legrenierdelatour.be\/brocante\/wp-json\/wp\/v2\/product_brand?post=6728"},{"taxonomy":"product_cat","embeddable":true,"href":"https:\/\/legrenierdelatour.be\/brocante\/wp-json\/wp\/v2\/product_cat?post=6728"},{"taxonomy":"product_tag","embeddable":true,"href":"https:\/\/legrenierdelatour.be\/brocante\/wp-json\/wp\/v2\/product_tag?post=6728"}],"curies":[{"name":"wp","href":"https:\/\/api.w.org\/{rel}","templated":true}]}}