{"id":6721,"date":"2023-11-03T11:53:20","date_gmt":"2023-11-03T10:53:20","guid":{"rendered":"https:\/\/legrenierdelatour.be\/brocante\/?post_type=product&#038;p=6721"},"modified":"2023-11-03T11:53:21","modified_gmt":"2023-11-03T10:53:21","slug":"vase-en-hyalite-et-applique-detain-doyen","status":"publish","type":"product","link":"https:\/\/legrenierdelatour.be\/brocante\/produit\/vase-en-hyalite-et-applique-detain-doyen\/","title":{"rendered":"Vase en hyalite et applique d&rsquo;\u00e9tain, Doyen"},"content":{"rendered":"<p>Tr\u00e8s beau vase en hyalite (30 cm de diam\u00e8tre) avec applique en \u00e9tain. Le verre hyalite est une sorte de verre noir obtenu en m\u00ealant \u00e0 la composition du verre blanc des scories de forge pulv\u00e9ris\u00e9es, du poussier de charbon ou du soufre en nature (comme en Boh\u00eame); il est opaque et tr\u00e8s brillant. Ce vase est souffl\u00e9 et est en parfait \u00e9tat. Il est sans doute issu de la manufacture Doyen en Belgique (1906-1986), pr\u00e8s de Mons. De style Art d\u00e9co, il date sans doute des ann\u00e9es 1930.<\/p>\n<div>R\u00e9f 25.92<\/div>\n","protected":false},"excerpt":{"rendered":"<p>Tr\u00e8s beau vase en hyalite (30 cm de diam\u00e8tre) avec applique en \u00e9tain. Le verre hyalite est une sorte de verre noir obtenu en m\u00ealant \u00e0 la composition du verre blanc des scories de forge pulv\u00e9ris\u00e9es, du poussier de charbon ou du soufre en nature (comme en Boh\u00eame); il est opaque et tr\u00e8s brillant. Ce&hellip;&nbsp;<a href=\"https:\/\/legrenierdelatour.be\/brocante\/produit\/vase-en-hyalite-et-applique-detain-doyen\/\" class=\"\" rel=\"bookmark\">Lire la suite &raquo;<span class=\"screen-reader-text\">Vase en hyalite et applique d&rsquo;\u00e9tain, Doyen<\/span><\/a><\/p>\n","protected":false},"featured_media":6722,"comment_status":"open","ping_status":"closed","template":"","meta":{"neve_meta_sidebar":"","neve_meta_container":"","neve_meta_enable_content_width":"off","neve_meta_content_width":100,"neve_meta_title_alignment":"","neve_meta_author_avatar":"","neve_post_elements_order":"","neve_meta_disable_header":"","neve_meta_disable_footer":"","neve_meta_disable_title":""},"product_brand":[],"product_cat":[107,162,22],"product_tag":[21,40],"class_list":{"0":"post-6721","1":"product","2":"type-product","3":"status-publish","4":"has-post-thumbnail","6":"product_cat-doyen","7":"product_cat-productions-belges","8":"product_cat-verrerie","9":"product_tag-art-deco","10":"product_tag-belgique","12":"first","13":"instock","14":"shipping-taxable","15":"purchasable","16":"product-type-simple"},"_links":{"self":[{"href":"https:\/\/legrenierdelatour.be\/brocante\/wp-json\/wp\/v2\/product\/6721","targetHints":{"allow":["GET"]}}],"collection":[{"href":"https:\/\/legrenierdelatour.be\/brocante\/wp-json\/wp\/v2\/product"}],"about":[{"href":"https:\/\/legrenierdelatour.be\/brocante\/wp-json\/wp\/v2\/types\/product"}],"replies":[{"embeddable":true,"href":"https:\/\/legrenierdelatour.be\/brocante\/wp-json\/wp\/v2\/comments?post=6721"}],"wp:featuredmedia":[{"embeddable":true,"href":"https:\/\/legrenierdelatour.be\/brocante\/wp-json\/wp\/v2\/media\/6722"}],"wp:attachment":[{"href":"https:\/\/legrenierdelatour.be\/brocante\/wp-json\/wp\/v2\/media?parent=6721"}],"wp:term":[{"taxonomy":"product_brand","embeddable":true,"href":"https:\/\/legrenierdelatour.be\/brocante\/wp-json\/wp\/v2\/product_brand?post=6721"},{"taxonomy":"product_cat","embeddable":true,"href":"https:\/\/legrenierdelatour.be\/brocante\/wp-json\/wp\/v2\/product_cat?post=6721"},{"taxonomy":"product_tag","embeddable":true,"href":"https:\/\/legrenierdelatour.be\/brocante\/wp-json\/wp\/v2\/product_tag?post=6721"}],"curies":[{"name":"wp","href":"https:\/\/api.w.org\/{rel}","templated":true}]}}