{"id":6716,"date":"2023-11-03T11:35:49","date_gmt":"2023-11-03T10:35:49","guid":{"rendered":"https:\/\/legrenierdelatour.be\/brocante\/?post_type=product&#038;p=6716"},"modified":"2024-01-15T11:18:39","modified_gmt":"2024-01-15T10:18:39","slug":"caquelons-jean-austruy-1970","status":"publish","type":"product","link":"https:\/\/legrenierdelatour.be\/brocante\/produit\/caquelons-jean-austruy-1970\/","title":{"rendered":"Caquelons Jean Austruy, 1970"},"content":{"rendered":"<p>Petit caquelon (11cm de diam\u00e8tre) et petit po\u00ealon (16 cm de diam\u00e8tre) en gr\u00e8s, issus de Vallauris. Ils sont sign\u00e9s dessous \u00ab\u00a0Austruy\u00a0\u00bb. Jean Austruy (Castres 1910-2012) \u00e9tait \u00e9l\u00e8ve \u00e0 l\u2019Ecole des Arts d\u00e9coratifs de Paris \u00e0 partir de 1936, ainsi qu\u2019aux \u00e9coles de Grenoble et Saint-Marcellin. Il poursuivit son travail dans son propre atelier d\u00e8s 1947 avec son \u00e9pouse Jaqueline et son fils Yves d\u00e8s 1966. Il cessa ses activit\u00e9s en 1990 pour se consacrer \u00e0 la sculpture d\u2019animaux en bronze distribu\u00e9s par la soci\u00e9t\u00e9 Le Dauphin. La production de gr\u00e8s commence dans les ann\u00e9es 1970. Ces deux objets datent des ann\u00e9es 1970 et sont en parfait \u00e9tat.<\/p>\n<p>Ils sont vendus \u00e0 la pi\u00e8ce au prix de 20\u20ac pi\u00e8ce.<\/p>\n<div>R\u00e9f 25.90<\/div>\n","protected":false},"excerpt":{"rendered":"<p>Petit caquelon (11cm de diam\u00e8tre) et petit po\u00ealon (16 cm de diam\u00e8tre) en gr\u00e8s, issus de Vallauris. Ils sont sign\u00e9s dessous \u00ab\u00a0Austruy\u00a0\u00bb. Jean Austruy (Castres 1910-2012) \u00e9tait \u00e9l\u00e8ve \u00e0 l\u2019Ecole des Arts d\u00e9coratifs de Paris \u00e0 partir de 1936, ainsi qu\u2019aux \u00e9coles de Grenoble et Saint-Marcellin. Il poursuivit son travail dans son propre atelier d\u00e8s&hellip;&nbsp;<a href=\"https:\/\/legrenierdelatour.be\/brocante\/produit\/caquelons-jean-austruy-1970\/\" class=\"\" rel=\"bookmark\">Lire la suite &raquo;<span class=\"screen-reader-text\">Caquelons Jean Austruy, 1970<\/span><\/a><\/p>\n","protected":false},"featured_media":6717,"comment_status":"open","ping_status":"closed","template":"","meta":{"neve_meta_sidebar":"","neve_meta_container":"","neve_meta_enable_content_width":"off","neve_meta_content_width":100,"neve_meta_title_alignment":"","neve_meta_author_avatar":"","neve_post_elements_order":"","neve_meta_disable_header":"","neve_meta_disable_footer":"","neve_meta_disable_title":""},"product_brand":[],"product_cat":[172,16,59,94],"product_tag":[95,28],"class_list":{"0":"post-6716","1":"product","2":"type-product","3":"status-publish","4":"has-post-thumbnail","6":"product_cat-en-cuisine","7":"product_cat-ceramique","8":"product_cat-france","9":"product_cat-vallauris","10":"product_tag-vallauris","11":"product_tag-vintage","13":"first","14":"instock","15":"shipping-taxable","16":"purchasable","17":"product-type-simple"},"_links":{"self":[{"href":"https:\/\/legrenierdelatour.be\/brocante\/wp-json\/wp\/v2\/product\/6716","targetHints":{"allow":["GET"]}}],"collection":[{"href":"https:\/\/legrenierdelatour.be\/brocante\/wp-json\/wp\/v2\/product"}],"about":[{"href":"https:\/\/legrenierdelatour.be\/brocante\/wp-json\/wp\/v2\/types\/product"}],"replies":[{"embeddable":true,"href":"https:\/\/legrenierdelatour.be\/brocante\/wp-json\/wp\/v2\/comments?post=6716"}],"wp:featuredmedia":[{"embeddable":true,"href":"https:\/\/legrenierdelatour.be\/brocante\/wp-json\/wp\/v2\/media\/6717"}],"wp:attachment":[{"href":"https:\/\/legrenierdelatour.be\/brocante\/wp-json\/wp\/v2\/media?parent=6716"}],"wp:term":[{"taxonomy":"product_brand","embeddable":true,"href":"https:\/\/legrenierdelatour.be\/brocante\/wp-json\/wp\/v2\/product_brand?post=6716"},{"taxonomy":"product_cat","embeddable":true,"href":"https:\/\/legrenierdelatour.be\/brocante\/wp-json\/wp\/v2\/product_cat?post=6716"},{"taxonomy":"product_tag","embeddable":true,"href":"https:\/\/legrenierdelatour.be\/brocante\/wp-json\/wp\/v2\/product_tag?post=6716"}],"curies":[{"name":"wp","href":"https:\/\/api.w.org\/{rel}","templated":true}]}}