{"id":6710,"date":"2023-11-03T10:49:11","date_gmt":"2023-11-03T09:49:11","guid":{"rendered":"https:\/\/legrenierdelatour.be\/brocante\/?post_type=product&#038;p=6710"},"modified":"2023-11-03T10:49:11","modified_gmt":"2023-11-03T09:49:11","slug":"petit-plateau-bois-et-miroir-art-deco","status":"publish","type":"product","link":"https:\/\/legrenierdelatour.be\/brocante\/produit\/petit-plateau-bois-et-miroir-art-deco\/","title":{"rendered":"Petit plateau bois et miroir, Art d\u00e9co"},"content":{"rendered":"<p>Beau plateau (34,5 cm de long) en bois dont la partie sup\u00e9rieure est une alternance stylis\u00e9e de bois et miroir. Il est en tr\u00e8s bon \u00e9tat et date sans doute de la premi\u00e8re moiti\u00e9 du XX\u00e8 si\u00e8cle. Son style est tr\u00e8s Art D\u00e9co.<\/p>\n<div>R\u00e9f 25.88<\/div>\n","protected":false},"excerpt":{"rendered":"<p>Beau plateau (34,5 cm de long) en bois dont la partie sup\u00e9rieure est une alternance stylis\u00e9e de bois et miroir. Il est en tr\u00e8s bon \u00e9tat et date sans doute de la premi\u00e8re moiti\u00e9 du XX\u00e8 si\u00e8cle. Son style est tr\u00e8s Art D\u00e9co. R\u00e9f 25.88<\/p>\n","protected":false},"featured_media":6711,"comment_status":"open","ping_status":"closed","template":"","meta":{"neve_meta_sidebar":"","neve_meta_container":"","neve_meta_enable_content_width":"off","neve_meta_content_width":100,"neve_meta_title_alignment":"","neve_meta_author_avatar":"","neve_post_elements_order":"","neve_meta_disable_header":"","neve_meta_disable_footer":"","neve_meta_disable_title":""},"product_brand":[],"product_cat":[172],"product_tag":[21],"class_list":{"0":"post-6710","1":"product","2":"type-product","3":"status-publish","4":"has-post-thumbnail","6":"product_cat-en-cuisine","7":"product_tag-art-deco","9":"first","10":"instock","11":"shipping-taxable","12":"purchasable","13":"product-type-simple"},"_links":{"self":[{"href":"https:\/\/legrenierdelatour.be\/brocante\/wp-json\/wp\/v2\/product\/6710","targetHints":{"allow":["GET"]}}],"collection":[{"href":"https:\/\/legrenierdelatour.be\/brocante\/wp-json\/wp\/v2\/product"}],"about":[{"href":"https:\/\/legrenierdelatour.be\/brocante\/wp-json\/wp\/v2\/types\/product"}],"replies":[{"embeddable":true,"href":"https:\/\/legrenierdelatour.be\/brocante\/wp-json\/wp\/v2\/comments?post=6710"}],"wp:featuredmedia":[{"embeddable":true,"href":"https:\/\/legrenierdelatour.be\/brocante\/wp-json\/wp\/v2\/media\/6711"}],"wp:attachment":[{"href":"https:\/\/legrenierdelatour.be\/brocante\/wp-json\/wp\/v2\/media?parent=6710"}],"wp:term":[{"taxonomy":"product_brand","embeddable":true,"href":"https:\/\/legrenierdelatour.be\/brocante\/wp-json\/wp\/v2\/product_brand?post=6710"},{"taxonomy":"product_cat","embeddable":true,"href":"https:\/\/legrenierdelatour.be\/brocante\/wp-json\/wp\/v2\/product_cat?post=6710"},{"taxonomy":"product_tag","embeddable":true,"href":"https:\/\/legrenierdelatour.be\/brocante\/wp-json\/wp\/v2\/product_tag?post=6710"}],"curies":[{"name":"wp","href":"https:\/\/api.w.org\/{rel}","templated":true}]}}