{"id":6707,"date":"2023-11-03T10:38:42","date_gmt":"2023-11-03T09:38:42","guid":{"rendered":"https:\/\/legrenierdelatour.be\/brocante\/?post_type=product&#038;p=6707"},"modified":"2023-11-03T10:38:42","modified_gmt":"2023-11-03T09:38:42","slug":"sous-plat-mitridate-amc-art-deco","status":"publish","type":"product","link":"https:\/\/legrenierdelatour.be\/brocante\/produit\/sous-plat-mitridate-amc-art-deco\/","title":{"rendered":"Sous-plat Mitridate, AMC Art d\u00e9co"},"content":{"rendered":"<p>Sous-plat (18 cm de diam\u00e8tre) en fa\u00efence \u00e9maill\u00e9e, repr\u00e9sentant un bouquet de fleurs. Ce sous-plat est issu de la manufacture AMC en Belgique. Il s\u2019agit\u00a0de l\u2019atelier Auguste Mouzin et Cie (AMC \u00e0 partir de 1886) de la Faiencerie Mouzin \u00e0 Wasmu\u00ebl (1840-1951). D&rsquo;\u00e9poque Art D\u00e9co, il porte le d\u00e9cor Mitridate et date des ann\u00e9es 1920. Il est en parfait \u00e9tat.<\/p>\n<div>R\u00e9f 25.85<\/div>\n","protected":false},"excerpt":{"rendered":"<p>Sous-plat (18 cm de diam\u00e8tre) en fa\u00efence \u00e9maill\u00e9e, repr\u00e9sentant un bouquet de fleurs. Ce sous-plat est issu de la manufacture AMC en Belgique. Il s\u2019agit\u00a0de l\u2019atelier Auguste Mouzin et Cie (AMC \u00e0 partir de 1886) de la Faiencerie Mouzin \u00e0 Wasmu\u00ebl (1840-1951). D&rsquo;\u00e9poque Art D\u00e9co, il porte le d\u00e9cor Mitridate et date des ann\u00e9es 1920.&hellip;&nbsp;<a href=\"https:\/\/legrenierdelatour.be\/brocante\/produit\/sous-plat-mitridate-amc-art-deco\/\" class=\"\" rel=\"bookmark\">Lire la suite &raquo;<span class=\"screen-reader-text\">Sous-plat Mitridate, AMC Art d\u00e9co<\/span><\/a><\/p>\n","protected":false},"featured_media":6708,"comment_status":"open","ping_status":"closed","template":"","meta":{"neve_meta_sidebar":"","neve_meta_container":"","neve_meta_enable_content_width":"off","neve_meta_content_width":100,"neve_meta_title_alignment":"","neve_meta_author_avatar":"","neve_post_elements_order":"","neve_meta_disable_header":"","neve_meta_disable_footer":"","neve_meta_disable_title":""},"product_brand":[],"product_cat":[37,16,178],"product_tag":[21,40],"class_list":{"0":"post-6707","1":"product","2":"type-product","3":"status-publish","4":"has-post-thumbnail","6":"product_cat-belgique","7":"product_cat-ceramique","8":"product_cat-waesmuel","9":"product_tag-art-deco","10":"product_tag-belgique","12":"first","13":"instock","14":"shipping-taxable","15":"purchasable","16":"product-type-simple"},"_links":{"self":[{"href":"https:\/\/legrenierdelatour.be\/brocante\/wp-json\/wp\/v2\/product\/6707","targetHints":{"allow":["GET"]}}],"collection":[{"href":"https:\/\/legrenierdelatour.be\/brocante\/wp-json\/wp\/v2\/product"}],"about":[{"href":"https:\/\/legrenierdelatour.be\/brocante\/wp-json\/wp\/v2\/types\/product"}],"replies":[{"embeddable":true,"href":"https:\/\/legrenierdelatour.be\/brocante\/wp-json\/wp\/v2\/comments?post=6707"}],"wp:featuredmedia":[{"embeddable":true,"href":"https:\/\/legrenierdelatour.be\/brocante\/wp-json\/wp\/v2\/media\/6708"}],"wp:attachment":[{"href":"https:\/\/legrenierdelatour.be\/brocante\/wp-json\/wp\/v2\/media?parent=6707"}],"wp:term":[{"taxonomy":"product_brand","embeddable":true,"href":"https:\/\/legrenierdelatour.be\/brocante\/wp-json\/wp\/v2\/product_brand?post=6707"},{"taxonomy":"product_cat","embeddable":true,"href":"https:\/\/legrenierdelatour.be\/brocante\/wp-json\/wp\/v2\/product_cat?post=6707"},{"taxonomy":"product_tag","embeddable":true,"href":"https:\/\/legrenierdelatour.be\/brocante\/wp-json\/wp\/v2\/product_tag?post=6707"}],"curies":[{"name":"wp","href":"https:\/\/api.w.org\/{rel}","templated":true}]}}