{"id":6671,"date":"2023-10-30T15:53:01","date_gmt":"2023-10-30T14:53:01","guid":{"rendered":"https:\/\/legrenierdelatour.be\/brocante\/?post_type=product&#038;p=6671"},"modified":"2023-10-30T15:53:01","modified_gmt":"2023-10-30T14:53:01","slug":"peinture-jules-pirotte-chassepierre-2","status":"publish","type":"product","link":"https:\/\/legrenierdelatour.be\/brocante\/produit\/peinture-jules-pirotte-chassepierre-2\/","title":{"rendered":"Peinture Jules Pirotte, Chassepierre"},"content":{"rendered":"<p>Belle peinture (40x50cm hors cadre) de Chassepierre, r\u00e9alis\u00e9e par Jules Pirotte (Sainte-C\u00e9cile 1922 &#8211; Attert 2009) qui vivait et travaillait \u00e0 Arlon. La peinture est sign\u00e9een bas \u00e0 gauche.<\/p>\n<div>R\u00e9f 25.75<\/div>\n","protected":false},"excerpt":{"rendered":"<p>Belle peinture (40x50cm hors cadre) de Chassepierre, r\u00e9alis\u00e9e par Jules Pirotte (Sainte-C\u00e9cile 1922 &#8211; Attert 2009) qui vivait et travaillait \u00e0 Arlon. La peinture est sign\u00e9een bas \u00e0 gauche. R\u00e9f 25.75<\/p>\n","protected":false},"featured_media":6672,"comment_status":"open","ping_status":"closed","template":"","meta":{"neve_meta_sidebar":"","neve_meta_container":"","neve_meta_enable_content_width":"off","neve_meta_content_width":100,"neve_meta_title_alignment":"","neve_meta_author_avatar":"","neve_post_elements_order":"","neve_meta_disable_header":"","neve_meta_disable_footer":"","neve_meta_disable_title":""},"product_brand":[],"product_cat":[31,167],"product_tag":[79,112],"class_list":{"0":"post-6671","1":"product","2":"type-product","3":"status-publish","4":"has-post-thumbnail","6":"product_cat-pays-darlon","7":"product_cat-peintures-et-sculptures","8":"product_tag-art","9":"product_tag-pays-darlon","11":"first","12":"instock","13":"shipping-taxable","14":"purchasable","15":"product-type-simple"},"_links":{"self":[{"href":"https:\/\/legrenierdelatour.be\/brocante\/wp-json\/wp\/v2\/product\/6671","targetHints":{"allow":["GET"]}}],"collection":[{"href":"https:\/\/legrenierdelatour.be\/brocante\/wp-json\/wp\/v2\/product"}],"about":[{"href":"https:\/\/legrenierdelatour.be\/brocante\/wp-json\/wp\/v2\/types\/product"}],"replies":[{"embeddable":true,"href":"https:\/\/legrenierdelatour.be\/brocante\/wp-json\/wp\/v2\/comments?post=6671"}],"wp:featuredmedia":[{"embeddable":true,"href":"https:\/\/legrenierdelatour.be\/brocante\/wp-json\/wp\/v2\/media\/6672"}],"wp:attachment":[{"href":"https:\/\/legrenierdelatour.be\/brocante\/wp-json\/wp\/v2\/media?parent=6671"}],"wp:term":[{"taxonomy":"product_brand","embeddable":true,"href":"https:\/\/legrenierdelatour.be\/brocante\/wp-json\/wp\/v2\/product_brand?post=6671"},{"taxonomy":"product_cat","embeddable":true,"href":"https:\/\/legrenierdelatour.be\/brocante\/wp-json\/wp\/v2\/product_cat?post=6671"},{"taxonomy":"product_tag","embeddable":true,"href":"https:\/\/legrenierdelatour.be\/brocante\/wp-json\/wp\/v2\/product_tag?post=6671"}],"curies":[{"name":"wp","href":"https:\/\/api.w.org\/{rel}","templated":true}]}}