{"id":667,"date":"2022-03-10T10:07:47","date_gmt":"2022-03-10T09:07:47","guid":{"rendered":"https:\/\/legrenierdelatour.be\/brocante\/?post_type=product&#038;p=667"},"modified":"2022-07-03T18:12:05","modified_gmt":"2022-07-03T16:12:05","slug":"cafetiere-marguerites-boch-la-louviere","status":"publish","type":"product","link":"https:\/\/legrenierdelatour.be\/brocante\/produit\/cafetiere-marguerites-boch-la-louviere\/","title":{"rendered":"Cafeti\u00e8re \u00ab\u00a0Marguerites\u00a0\u00bb Boch La Louvi\u00e8re"},"content":{"rendered":"<p>Jolie cafeti\u00e8re (22 cm avec couvercle) avec d\u00e9cor en d\u00e9calcomanie \u00ab\u00a0Marguerites\u00a0\u00bb produit par la manufacture Boch La Louvi\u00e8re, sans doute dans les ann\u00e9es 1960. En tr\u00e8s bon \u00e9tat, elle est dans un style vintage. Elle n&rsquo;a malheureusement plus son couvercle jaune.<\/p>\n<p>El\u00e9ments d cela m\u00eame collection en 5.8 et 11.2, 11.3, 11.4<\/p>\n<div>R\u00e9f 9.16<\/div>\n","protected":false},"excerpt":{"rendered":"<p>Jolie cafeti\u00e8re (22 cm avec couvercle) avec d\u00e9cor en d\u00e9calcomanie \u00ab\u00a0Marguerites\u00a0\u00bb produit par la manufacture Boch La Louvi\u00e8re, sans doute dans les ann\u00e9es 1960. En tr\u00e8s bon \u00e9tat, elle est dans un style vintage. Elle n&rsquo;a malheureusement plus son couvercle jaune. El\u00e9ments d cela m\u00eame collection en 5.8 et 11.2, 11.3, 11.4 R\u00e9f 9.16<\/p>\n","protected":false},"featured_media":662,"comment_status":"open","ping_status":"closed","template":"","meta":{"neve_meta_sidebar":"","neve_meta_container":"","neve_meta_enable_content_width":"off","neve_meta_content_width":100,"neve_meta_title_alignment":"","neve_meta_author_avatar":"","neve_post_elements_order":"","neve_meta_disable_header":"","neve_meta_disable_footer":"","neve_meta_disable_title":""},"product_brand":[],"product_cat":[37,175,172,16],"product_tag":[40,20,19,28],"class_list":{"0":"post-667","1":"product","2":"type-product","3":"status-publish","4":"has-post-thumbnail","6":"product_cat-belgique","7":"product_cat-boch","8":"product_cat-en-cuisine","9":"product_cat-ceramique","10":"product_tag-belgique","11":"product_tag-boch","12":"product_tag-faience","13":"product_tag-vintage","15":"first","16":"instock","17":"shipping-taxable","18":"purchasable","19":"product-type-simple"},"_links":{"self":[{"href":"https:\/\/legrenierdelatour.be\/brocante\/wp-json\/wp\/v2\/product\/667","targetHints":{"allow":["GET"]}}],"collection":[{"href":"https:\/\/legrenierdelatour.be\/brocante\/wp-json\/wp\/v2\/product"}],"about":[{"href":"https:\/\/legrenierdelatour.be\/brocante\/wp-json\/wp\/v2\/types\/product"}],"replies":[{"embeddable":true,"href":"https:\/\/legrenierdelatour.be\/brocante\/wp-json\/wp\/v2\/comments?post=667"}],"wp:featuredmedia":[{"embeddable":true,"href":"https:\/\/legrenierdelatour.be\/brocante\/wp-json\/wp\/v2\/media\/662"}],"wp:attachment":[{"href":"https:\/\/legrenierdelatour.be\/brocante\/wp-json\/wp\/v2\/media?parent=667"}],"wp:term":[{"taxonomy":"product_brand","embeddable":true,"href":"https:\/\/legrenierdelatour.be\/brocante\/wp-json\/wp\/v2\/product_brand?post=667"},{"taxonomy":"product_cat","embeddable":true,"href":"https:\/\/legrenierdelatour.be\/brocante\/wp-json\/wp\/v2\/product_cat?post=667"},{"taxonomy":"product_tag","embeddable":true,"href":"https:\/\/legrenierdelatour.be\/brocante\/wp-json\/wp\/v2\/product_tag?post=667"}],"curies":[{"name":"wp","href":"https:\/\/api.w.org\/{rel}","templated":true}]}}