{"id":6660,"date":"2023-10-30T14:05:05","date_gmt":"2023-10-30T13:05:05","guid":{"rendered":"https:\/\/legrenierdelatour.be\/brocante\/?post_type=product&#038;p=6660"},"modified":"2023-10-30T14:05:05","modified_gmt":"2023-10-30T13:05:05","slug":"peinture-paul-roettgers-1985","status":"publish","type":"product","link":"https:\/\/legrenierdelatour.be\/brocante\/produit\/peinture-paul-roettgers-1985\/","title":{"rendered":"Peinture Paul Roettgers 1985"},"content":{"rendered":"<p>Belle peinture sur toile (50&#215;60 cm hors cadre) repr\u00e9sentant un village non identifi\u00e9. Elle est de tr\u00e8s belle facture et sign\u00e9e en bas \u00e0 droite. elle est \u00e9galement contre-sign\u00e9e et dat\u00e9e de 1985. La signature est difficilement lisible. Il pourrait s\u2019agir de Paul Roettgers. Paul Roettgers, artiste luxembourgeois n\u00e9 en 1937 \u00e0 Vianden, est un autodidacte amn\u00e9 \u00e0 la peinture par Mett Hofmann. Il vit \u00e0 Helmsange. Titulaire de diff\u00e9rents prix au cours de sa carri\u00e8re (Biennale des jeunes d\u2019Esch sur Alzette en 1961, Prix Grand Duc Adolphe en 1984, Kaiser-Lothar-Prein de Pr\u00fcm en 1985, Rheinlandtaler en 1992), il est pr\u00e9sent dans diff\u00e9rentes collections du Luxembourg.<\/p>\n<div>R\u00e9f 25.69<\/div>\n","protected":false},"excerpt":{"rendered":"<p>Belle peinture sur toile (50&#215;60 cm hors cadre) repr\u00e9sentant un village non identifi\u00e9. Elle est de tr\u00e8s belle facture et sign\u00e9e en bas \u00e0 droite. elle est \u00e9galement contre-sign\u00e9e et dat\u00e9e de 1985. La signature est difficilement lisible. Il pourrait s\u2019agir de Paul Roettgers. Paul Roettgers, artiste luxembourgeois n\u00e9 en 1937 \u00e0 Vianden, est un&hellip;&nbsp;<a href=\"https:\/\/legrenierdelatour.be\/brocante\/produit\/peinture-paul-roettgers-1985\/\" class=\"\" rel=\"bookmark\">Lire la suite &raquo;<span class=\"screen-reader-text\">Peinture Paul Roettgers 1985<\/span><\/a><\/p>\n","protected":false},"featured_media":6661,"comment_status":"open","ping_status":"closed","template":"","meta":{"neve_meta_sidebar":"","neve_meta_container":"","neve_meta_enable_content_width":"off","neve_meta_content_width":100,"neve_meta_title_alignment":"","neve_meta_author_avatar":"","neve_post_elements_order":"","neve_meta_disable_header":"","neve_meta_disable_footer":"","neve_meta_disable_title":""},"product_brand":[],"product_cat":[30,166,167],"product_tag":[79,83],"class_list":{"0":"post-6660","1":"product","2":"type-product","3":"status-publish","4":"has-post-thumbnail","6":"product_cat-luxemburgensia","7":"product_cat-luxemburgensia-luxemburgensia","8":"product_cat-peintures-et-sculptures","9":"product_tag-art","10":"product_tag-luxemburgensia","12":"first","13":"instock","14":"shipping-taxable","15":"purchasable","16":"product-type-simple"},"_links":{"self":[{"href":"https:\/\/legrenierdelatour.be\/brocante\/wp-json\/wp\/v2\/product\/6660","targetHints":{"allow":["GET"]}}],"collection":[{"href":"https:\/\/legrenierdelatour.be\/brocante\/wp-json\/wp\/v2\/product"}],"about":[{"href":"https:\/\/legrenierdelatour.be\/brocante\/wp-json\/wp\/v2\/types\/product"}],"replies":[{"embeddable":true,"href":"https:\/\/legrenierdelatour.be\/brocante\/wp-json\/wp\/v2\/comments?post=6660"}],"wp:featuredmedia":[{"embeddable":true,"href":"https:\/\/legrenierdelatour.be\/brocante\/wp-json\/wp\/v2\/media\/6661"}],"wp:attachment":[{"href":"https:\/\/legrenierdelatour.be\/brocante\/wp-json\/wp\/v2\/media?parent=6660"}],"wp:term":[{"taxonomy":"product_brand","embeddable":true,"href":"https:\/\/legrenierdelatour.be\/brocante\/wp-json\/wp\/v2\/product_brand?post=6660"},{"taxonomy":"product_cat","embeddable":true,"href":"https:\/\/legrenierdelatour.be\/brocante\/wp-json\/wp\/v2\/product_cat?post=6660"},{"taxonomy":"product_tag","embeddable":true,"href":"https:\/\/legrenierdelatour.be\/brocante\/wp-json\/wp\/v2\/product_tag?post=6660"}],"curies":[{"name":"wp","href":"https:\/\/api.w.org\/{rel}","templated":true}]}}