{"id":6656,"date":"2023-10-30T13:19:48","date_gmt":"2023-10-30T12:19:48","guid":{"rendered":"https:\/\/legrenierdelatour.be\/brocante\/?post_type=product&#038;p=6656"},"modified":"2023-10-30T13:24:00","modified_gmt":"2023-10-30T12:24:00","slug":"peinture-a-lhuile-sur-toile-yvonne-tellier","status":"publish","type":"product","link":"https:\/\/legrenierdelatour.be\/brocante\/produit\/peinture-a-lhuile-sur-toile-yvonne-tellier\/","title":{"rendered":"Peinture \u00e0 l&rsquo;huile sur toile, Yvonne Tellier"},"content":{"rendered":"<p>Belle peinture sur toile (50&#215;60 cm hors cadre) repr\u00e9sentant une \u00e9glise de la r\u00e9gion de la Semois (peut-\u00eatre l\u2019\u00e9glise de Laf\u00f4ret). Elle a \u00e9t\u00e9 r\u00e9alis\u00e9e par Yvonne Tellier.\u00a0Yvonne Tellier (1919 Oisy-2007) est une artiste peintre de l\u2019\u00e9cole de Vresse. Habitante de Membre, elle b\u00e9n\u00e9ficie de ce courant artistique de la vall\u00e9e de la Vresse et de la Semois. De 1945 \u00e0 1953, elle suit des cours de peinture par correspondance \u00e0 l\u2019\u00e9cole ABC de Paris. Autodidacte, elle devient par la suite \u00e9l\u00e8ve d\u2019Albert Raty. Tr\u00e8s souvent ils partent ensemble se promener le long de la Semois et, plusieurs fois par semaine, les deux peintres peignent en situation, dans la nature. \u00a0Elle s\u2019est beaucoup inspir\u00e9e de l\u2019Ardenne. Elle fit une s\u00e9rie sur les vieux moulins ardennais qu\u2019elle exposa en 1978, suivie d\u2019autres expositions. Yvonne Tellier s\u2019essaya \u00e0 de nombreux styles. C\u2019est une femme impulsive qui peut br\u00fbler ses tableaux en rentrant d\u2019une mauvaise journ\u00e9e. Spontan\u00e9e, sensible et dynamique, elle cultive la joie de vivre et le transmet au travers de sa peinture. Ses \u0153uvres \u00a0sont tant\u00f4t dures et fortes en mati\u00e8re, tant\u00f4t douces et d\u00e9pouill\u00e9es de tout relief. Son dynamisme se ressent dans sa gestuelle. Le couteau, la brosse, le pinceau ou encore l\u2019\u00e9ponge sont des outils qu\u2019elle utilise.<\/p>\n<div>\u00a0(Sources \u00ab\u00a0Peintres en for\u00eat, Omer Marchal \u00bb et Fondation Chaudron)<\/div>\n<div>R\u00e9f 25.67<\/div>\n","protected":false},"excerpt":{"rendered":"<p>Belle peinture sur toile (50&#215;60 cm hors cadre) repr\u00e9sentant une \u00e9glise de la r\u00e9gion de la Semois (peut-\u00eatre l\u2019\u00e9glise de Laf\u00f4ret). Elle a \u00e9t\u00e9 r\u00e9alis\u00e9e par Yvonne Tellier.\u00a0Yvonne Tellier (1919 Oisy-2007) est une artiste peintre de l\u2019\u00e9cole de Vresse. Habitante de Membre, elle b\u00e9n\u00e9ficie de ce courant artistique de la vall\u00e9e de la Vresse et&hellip;&nbsp;<a href=\"https:\/\/legrenierdelatour.be\/brocante\/produit\/peinture-a-lhuile-sur-toile-yvonne-tellier\/\" class=\"\" rel=\"bookmark\">Lire la suite &raquo;<span class=\"screen-reader-text\">Peinture \u00e0 l&rsquo;huile sur toile, Yvonne Tellier<\/span><\/a><\/p>\n","protected":false},"featured_media":6657,"comment_status":"open","ping_status":"closed","template":"","meta":{"neve_meta_sidebar":"","neve_meta_container":"","neve_meta_enable_content_width":"off","neve_meta_content_width":100,"neve_meta_title_alignment":"","neve_meta_author_avatar":"","neve_post_elements_order":"","neve_meta_disable_header":"","neve_meta_disable_footer":"","neve_meta_disable_title":""},"product_brand":[],"product_cat":[30,31,167],"product_tag":[79,112],"class_list":{"0":"post-6656","1":"product","2":"type-product","3":"status-publish","4":"has-post-thumbnail","6":"product_cat-luxemburgensia","7":"product_cat-pays-darlon","8":"product_cat-peintures-et-sculptures","9":"product_tag-art","10":"product_tag-pays-darlon","12":"first","13":"instock","14":"shipping-taxable","15":"purchasable","16":"product-type-simple"},"_links":{"self":[{"href":"https:\/\/legrenierdelatour.be\/brocante\/wp-json\/wp\/v2\/product\/6656","targetHints":{"allow":["GET"]}}],"collection":[{"href":"https:\/\/legrenierdelatour.be\/brocante\/wp-json\/wp\/v2\/product"}],"about":[{"href":"https:\/\/legrenierdelatour.be\/brocante\/wp-json\/wp\/v2\/types\/product"}],"replies":[{"embeddable":true,"href":"https:\/\/legrenierdelatour.be\/brocante\/wp-json\/wp\/v2\/comments?post=6656"}],"wp:featuredmedia":[{"embeddable":true,"href":"https:\/\/legrenierdelatour.be\/brocante\/wp-json\/wp\/v2\/media\/6657"}],"wp:attachment":[{"href":"https:\/\/legrenierdelatour.be\/brocante\/wp-json\/wp\/v2\/media?parent=6656"}],"wp:term":[{"taxonomy":"product_brand","embeddable":true,"href":"https:\/\/legrenierdelatour.be\/brocante\/wp-json\/wp\/v2\/product_brand?post=6656"},{"taxonomy":"product_cat","embeddable":true,"href":"https:\/\/legrenierdelatour.be\/brocante\/wp-json\/wp\/v2\/product_cat?post=6656"},{"taxonomy":"product_tag","embeddable":true,"href":"https:\/\/legrenierdelatour.be\/brocante\/wp-json\/wp\/v2\/product_tag?post=6656"}],"curies":[{"name":"wp","href":"https:\/\/api.w.org\/{rel}","templated":true}]}}