{"id":665,"date":"2022-03-10T09:53:51","date_gmt":"2022-03-10T08:53:51","guid":{"rendered":"https:\/\/legrenierdelatour.be\/brocante\/?post_type=product&#038;p=665"},"modified":"2022-05-19T17:15:15","modified_gmt":"2022-05-19T15:15:15","slug":"beurrier-beige-boch-la-louviere","status":"publish","type":"product","link":"https:\/\/legrenierdelatour.be\/brocante\/produit\/beurrier-beige-boch-la-louviere\/","title":{"rendered":"Beurrier beige Boch La Louvi\u00e8re"},"content":{"rendered":"<p>Beurrier en faience \u00e9paisse, beige, produit dans une collection utilitaire par Boch La Louvi\u00e8re, sans doute dans les ann\u00e9es 1950. De 18 cm de diam\u00e8tre, le beurrier est en bon \u00e9tat, si ce n\u2019est de l\u00e9g\u00e8res microfissures de vieillesse.<\/p>\n<div>R\u00e9f 9.13<\/div>\n","protected":false},"excerpt":{"rendered":"<p>Beurrier en faience \u00e9paisse, beige, produit dans une collection utilitaire par Boch La Louvi\u00e8re, sans doute dans les ann\u00e9es 1950. De 18 cm de diam\u00e8tre, le beurrier est en bon \u00e9tat, si ce n\u2019est de l\u00e9g\u00e8res microfissures de vieillesse. R\u00e9f 9.13<\/p>\n","protected":false},"featured_media":655,"comment_status":"open","ping_status":"closed","template":"","meta":{"neve_meta_sidebar":"","neve_meta_container":"","neve_meta_enable_content_width":"off","neve_meta_content_width":100,"neve_meta_title_alignment":"","neve_meta_author_avatar":"","neve_post_elements_order":"","neve_meta_disable_header":"","neve_meta_disable_footer":"","neve_meta_disable_title":""},"product_brand":[],"product_cat":[37,175,172,16],"product_tag":[40,20,19,28],"class_list":{"0":"post-665","1":"product","2":"type-product","3":"status-publish","4":"has-post-thumbnail","6":"product_cat-belgique","7":"product_cat-boch","8":"product_cat-en-cuisine","9":"product_cat-ceramique","10":"product_tag-belgique","11":"product_tag-boch","12":"product_tag-faience","13":"product_tag-vintage","15":"first","16":"instock","17":"shipping-taxable","18":"purchasable","19":"product-type-simple"},"_links":{"self":[{"href":"https:\/\/legrenierdelatour.be\/brocante\/wp-json\/wp\/v2\/product\/665","targetHints":{"allow":["GET"]}}],"collection":[{"href":"https:\/\/legrenierdelatour.be\/brocante\/wp-json\/wp\/v2\/product"}],"about":[{"href":"https:\/\/legrenierdelatour.be\/brocante\/wp-json\/wp\/v2\/types\/product"}],"replies":[{"embeddable":true,"href":"https:\/\/legrenierdelatour.be\/brocante\/wp-json\/wp\/v2\/comments?post=665"}],"wp:featuredmedia":[{"embeddable":true,"href":"https:\/\/legrenierdelatour.be\/brocante\/wp-json\/wp\/v2\/media\/655"}],"wp:attachment":[{"href":"https:\/\/legrenierdelatour.be\/brocante\/wp-json\/wp\/v2\/media?parent=665"}],"wp:term":[{"taxonomy":"product_brand","embeddable":true,"href":"https:\/\/legrenierdelatour.be\/brocante\/wp-json\/wp\/v2\/product_brand?post=665"},{"taxonomy":"product_cat","embeddable":true,"href":"https:\/\/legrenierdelatour.be\/brocante\/wp-json\/wp\/v2\/product_cat?post=665"},{"taxonomy":"product_tag","embeddable":true,"href":"https:\/\/legrenierdelatour.be\/brocante\/wp-json\/wp\/v2\/product_tag?post=665"}],"curies":[{"name":"wp","href":"https:\/\/api.w.org\/{rel}","templated":true}]}}