{"id":6646,"date":"2023-10-25T13:54:31","date_gmt":"2023-10-25T11:54:31","guid":{"rendered":"https:\/\/legrenierdelatour.be\/brocante\/?post_type=product&#038;p=6646"},"modified":"2023-10-25T13:54:31","modified_gmt":"2023-10-25T11:54:31","slug":"pot-a-lait-villeroy-boch-4","status":"publish","type":"product","link":"https:\/\/legrenierdelatour.be\/brocante\/produit\/pot-a-lait-villeroy-boch-4\/","title":{"rendered":"Pot \u00e0 lait Villeroy &#038; Boch 4"},"content":{"rendered":"<p>Pot \u00e0 lait (10 cm de haut) issu de la manufacture Villeroy &amp; Boch, dans les ann\u00e9es 1954-1967 (d\u2019apr\u00e8s le cachet dessous). Il porte le num\u00e9ro de taille 4. Il est en parfait \u00e9tat.<\/p>\n<div>R\u00e9f 25.55<\/div>\n","protected":false},"excerpt":{"rendered":"<p>Pot \u00e0 lait (10 cm de haut) issu de la manufacture Villeroy &amp; Boch, dans les ann\u00e9es 1954-1967 (d\u2019apr\u00e8s le cachet dessous). Il porte le num\u00e9ro de taille 4. Il est en parfait \u00e9tat. R\u00e9f 25.55<\/p>\n","protected":false},"featured_media":6647,"comment_status":"open","ping_status":"closed","template":"","meta":{"neve_meta_sidebar":"","neve_meta_container":"","neve_meta_enable_content_width":"off","neve_meta_content_width":100,"neve_meta_title_alignment":"","neve_meta_author_avatar":"","neve_post_elements_order":"","neve_meta_disable_header":"","neve_meta_disable_footer":"","neve_meta_disable_title":""},"product_brand":[],"product_cat":[172,16,29],"product_tag":[32],"class_list":{"0":"post-6646","1":"product","2":"type-product","3":"status-publish","4":"has-post-thumbnail","6":"product_cat-en-cuisine","7":"product_cat-ceramique","8":"product_cat-villeroy-boch","9":"product_tag-villeroy-et-boch","11":"first","12":"instock","13":"shipping-taxable","14":"purchasable","15":"product-type-simple"},"_links":{"self":[{"href":"https:\/\/legrenierdelatour.be\/brocante\/wp-json\/wp\/v2\/product\/6646","targetHints":{"allow":["GET"]}}],"collection":[{"href":"https:\/\/legrenierdelatour.be\/brocante\/wp-json\/wp\/v2\/product"}],"about":[{"href":"https:\/\/legrenierdelatour.be\/brocante\/wp-json\/wp\/v2\/types\/product"}],"replies":[{"embeddable":true,"href":"https:\/\/legrenierdelatour.be\/brocante\/wp-json\/wp\/v2\/comments?post=6646"}],"wp:featuredmedia":[{"embeddable":true,"href":"https:\/\/legrenierdelatour.be\/brocante\/wp-json\/wp\/v2\/media\/6647"}],"wp:attachment":[{"href":"https:\/\/legrenierdelatour.be\/brocante\/wp-json\/wp\/v2\/media?parent=6646"}],"wp:term":[{"taxonomy":"product_brand","embeddable":true,"href":"https:\/\/legrenierdelatour.be\/brocante\/wp-json\/wp\/v2\/product_brand?post=6646"},{"taxonomy":"product_cat","embeddable":true,"href":"https:\/\/legrenierdelatour.be\/brocante\/wp-json\/wp\/v2\/product_cat?post=6646"},{"taxonomy":"product_tag","embeddable":true,"href":"https:\/\/legrenierdelatour.be\/brocante\/wp-json\/wp\/v2\/product_tag?post=6646"}],"curies":[{"name":"wp","href":"https:\/\/api.w.org\/{rel}","templated":true}]}}