{"id":6633,"date":"2023-10-25T13:04:01","date_gmt":"2023-10-25T11:04:01","guid":{"rendered":"https:\/\/legrenierdelatour.be\/brocante\/?post_type=product&#038;p=6633"},"modified":"2023-10-25T13:04:02","modified_gmt":"2023-10-25T11:04:02","slug":"theiere-et-sucrier-bird-cage-par-raymond-loewy-pour-rosenthal","status":"publish","type":"product","link":"https:\/\/legrenierdelatour.be\/brocante\/produit\/theiere-et-sucrier-bird-cage-par-raymond-loewy-pour-rosenthal\/","title":{"rendered":"Th\u00e9i\u00e8re et sucrier Bird Cage, par Raymond Loewy pour Rosenthal"},"content":{"rendered":"<p>Petite th\u00e9i\u00e8re (16 cm de haut) et sucrier (5,5 cm de haut) en porcelaine. L\u2019ensemble est de la collection \u00ab\u00a0Bird Cage\u00a0\u00bb et a \u00e9t\u00e9 design\u00e9e par Raymond Loewy (1893 Paris &#8211; 1986 Monaco) pour Rosenthal dans les ann\u00e9es 1950.<\/p>\n<div>La th\u00e9i\u00e8re est vendue au prix de 30\u20ac, le sucrier au prix de 10\u20ac.<\/div>\n<div>R\u00e9f 25.48<\/div>\n","protected":false},"excerpt":{"rendered":"<p>Petite th\u00e9i\u00e8re (16 cm de haut) et sucrier (5,5 cm de haut) en porcelaine. L\u2019ensemble est de la collection \u00ab\u00a0Bird Cage\u00a0\u00bb et a \u00e9t\u00e9 design\u00e9e par Raymond Loewy (1893 Paris &#8211; 1986 Monaco) pour Rosenthal dans les ann\u00e9es 1950. La th\u00e9i\u00e8re est vendue au prix de 30\u20ac, le sucrier au prix de 10\u20ac. R\u00e9f 25.48<\/p>\n","protected":false},"featured_media":6634,"comment_status":"open","ping_status":"closed","template":"","meta":{"neve_meta_sidebar":"","neve_meta_container":"","neve_meta_enable_content_width":"off","neve_meta_content_width":100,"neve_meta_title_alignment":"","neve_meta_author_avatar":"","neve_post_elements_order":"","neve_meta_disable_header":"","neve_meta_disable_footer":"","neve_meta_disable_title":""},"product_brand":[],"product_cat":[48,168,172,16],"product_tag":[154],"class_list":{"0":"post-6633","1":"product","2":"type-product","3":"status-publish","4":"has-post-thumbnail","6":"product_cat-allemagne","7":"product_cat-bavaria","8":"product_cat-en-cuisine","9":"product_cat-ceramique","10":"product_tag-bavaria","12":"first","13":"instock","14":"shipping-taxable","15":"purchasable","16":"product-type-simple"},"_links":{"self":[{"href":"https:\/\/legrenierdelatour.be\/brocante\/wp-json\/wp\/v2\/product\/6633","targetHints":{"allow":["GET"]}}],"collection":[{"href":"https:\/\/legrenierdelatour.be\/brocante\/wp-json\/wp\/v2\/product"}],"about":[{"href":"https:\/\/legrenierdelatour.be\/brocante\/wp-json\/wp\/v2\/types\/product"}],"replies":[{"embeddable":true,"href":"https:\/\/legrenierdelatour.be\/brocante\/wp-json\/wp\/v2\/comments?post=6633"}],"wp:featuredmedia":[{"embeddable":true,"href":"https:\/\/legrenierdelatour.be\/brocante\/wp-json\/wp\/v2\/media\/6634"}],"wp:attachment":[{"href":"https:\/\/legrenierdelatour.be\/brocante\/wp-json\/wp\/v2\/media?parent=6633"}],"wp:term":[{"taxonomy":"product_brand","embeddable":true,"href":"https:\/\/legrenierdelatour.be\/brocante\/wp-json\/wp\/v2\/product_brand?post=6633"},{"taxonomy":"product_cat","embeddable":true,"href":"https:\/\/legrenierdelatour.be\/brocante\/wp-json\/wp\/v2\/product_cat?post=6633"},{"taxonomy":"product_tag","embeddable":true,"href":"https:\/\/legrenierdelatour.be\/brocante\/wp-json\/wp\/v2\/product_tag?post=6633"}],"curies":[{"name":"wp","href":"https:\/\/api.w.org\/{rel}","templated":true}]}}