{"id":6629,"date":"2023-10-24T16:52:51","date_gmt":"2023-10-24T14:52:51","guid":{"rendered":"https:\/\/legrenierdelatour.be\/brocante\/?post_type=product&#038;p=6629"},"modified":"2023-10-24T16:52:51","modified_gmt":"2023-10-24T14:52:51","slug":"peinture-de-luxembourg-josy-klein","status":"publish","type":"product","link":"https:\/\/legrenierdelatour.be\/brocante\/produit\/peinture-de-luxembourg-josy-klein\/","title":{"rendered":"Peinture de Luxembourg, Josy Klein"},"content":{"rendered":"<p>Grande peinture \u00e0 l\u2019huile (80&#215;60 hors cadre) repr\u00e9sentant les Trois Tours \u00e0 Luxembourg. Elle est sign\u00e9e de J Klein en bas \u00e0 gauche. Josy Klein est n\u00e9 \u00e0 Differdange en 1924 et s\u2019est form\u00e9 \u00e0 la peinture dans diff\u00e9rents ateliers d\u2019artistes. Il est connu pour ses peintures \u00e0 l&rsquo;huile repr\u00e9sentant des sc\u00e8nes de march\u00e9, des paysages et des portraits. Tout au long de sa carri\u00e8re, il a particip\u00e9 \u00e0 plusieurs expositions internationales et ses \u0153uvres ont \u00e9t\u00e9 vendues aux ench\u00e8res \u00e0 de nombreuses reprises.\u00a0Cette grande peinture est en parfait \u00e9tat.<\/p>\n<div>R\u00e9f 25.45<\/div>\n","protected":false},"excerpt":{"rendered":"<p>Grande peinture \u00e0 l\u2019huile (80&#215;60 hors cadre) repr\u00e9sentant les Trois Tours \u00e0 Luxembourg. Elle est sign\u00e9e de J Klein en bas \u00e0 gauche. Josy Klein est n\u00e9 \u00e0 Differdange en 1924 et s\u2019est form\u00e9 \u00e0 la peinture dans diff\u00e9rents ateliers d\u2019artistes. Il est connu pour ses peintures \u00e0 l&rsquo;huile repr\u00e9sentant des sc\u00e8nes de march\u00e9, des&hellip;&nbsp;<a href=\"https:\/\/legrenierdelatour.be\/brocante\/produit\/peinture-de-luxembourg-josy-klein\/\" class=\"\" rel=\"bookmark\">Lire la suite &raquo;<span class=\"screen-reader-text\">Peinture de Luxembourg, Josy Klein<\/span><\/a><\/p>\n","protected":false},"featured_media":6630,"comment_status":"open","ping_status":"closed","template":"","meta":{"neve_meta_sidebar":"","neve_meta_container":"","neve_meta_enable_content_width":"off","neve_meta_content_width":100,"neve_meta_title_alignment":"","neve_meta_author_avatar":"","neve_post_elements_order":"","neve_meta_disable_header":"","neve_meta_disable_footer":"","neve_meta_disable_title":""},"product_brand":[],"product_cat":[30,166,167],"product_tag":[79,83],"class_list":{"0":"post-6629","1":"product","2":"type-product","3":"status-publish","4":"has-post-thumbnail","6":"product_cat-luxemburgensia","7":"product_cat-luxemburgensia-luxemburgensia","8":"product_cat-peintures-et-sculptures","9":"product_tag-art","10":"product_tag-luxemburgensia","12":"first","13":"instock","14":"shipping-taxable","15":"purchasable","16":"product-type-simple"},"_links":{"self":[{"href":"https:\/\/legrenierdelatour.be\/brocante\/wp-json\/wp\/v2\/product\/6629","targetHints":{"allow":["GET"]}}],"collection":[{"href":"https:\/\/legrenierdelatour.be\/brocante\/wp-json\/wp\/v2\/product"}],"about":[{"href":"https:\/\/legrenierdelatour.be\/brocante\/wp-json\/wp\/v2\/types\/product"}],"replies":[{"embeddable":true,"href":"https:\/\/legrenierdelatour.be\/brocante\/wp-json\/wp\/v2\/comments?post=6629"}],"wp:featuredmedia":[{"embeddable":true,"href":"https:\/\/legrenierdelatour.be\/brocante\/wp-json\/wp\/v2\/media\/6630"}],"wp:attachment":[{"href":"https:\/\/legrenierdelatour.be\/brocante\/wp-json\/wp\/v2\/media?parent=6629"}],"wp:term":[{"taxonomy":"product_brand","embeddable":true,"href":"https:\/\/legrenierdelatour.be\/brocante\/wp-json\/wp\/v2\/product_brand?post=6629"},{"taxonomy":"product_cat","embeddable":true,"href":"https:\/\/legrenierdelatour.be\/brocante\/wp-json\/wp\/v2\/product_cat?post=6629"},{"taxonomy":"product_tag","embeddable":true,"href":"https:\/\/legrenierdelatour.be\/brocante\/wp-json\/wp\/v2\/product_tag?post=6629"}],"curies":[{"name":"wp","href":"https:\/\/api.w.org\/{rel}","templated":true}]}}