{"id":6627,"date":"2023-10-24T13:52:19","date_gmt":"2023-10-24T11:52:19","guid":{"rendered":"https:\/\/legrenierdelatour.be\/brocante\/?post_type=product&#038;p=6627"},"modified":"2024-06-06T20:27:57","modified_gmt":"2024-06-06T18:27:57","slug":"boite-en-cristal-val-st-lambert","status":"publish","type":"product","link":"https:\/\/legrenierdelatour.be\/brocante\/produit\/boite-en-cristal-val-st-lambert\/","title":{"rendered":"Bo\u00eete en cristal Val St Lambert"},"content":{"rendered":"<div>Belle bo\u00eete en cristal avec couvercle (10 cm de c\u00f4t\u00e9), produite par Val saint Lambert (\u00e9tiquette pr\u00e9sente). Le couvercle sert de cendrier (encoches pour cigarettes). Boite \u00e9galement sign\u00e9e en gravure dessous.<\/div>\n<div>Deux exemplaires disponibles<\/div>\n<div>R\u00e9f 25.41<\/div>\n","protected":false},"excerpt":{"rendered":"<p>Belle bo\u00eete en cristal avec couvercle (10 cm de c\u00f4t\u00e9), produite par Val saint Lambert (\u00e9tiquette pr\u00e9sente). Le couvercle sert de cendrier (encoches pour cigarettes). Boite \u00e9galement sign\u00e9e en gravure dessous. Deux exemplaires disponibles R\u00e9f 25.41<\/p>\n","protected":false},"featured_media":6620,"comment_status":"open","ping_status":"closed","template":"","meta":{"neve_meta_sidebar":"","neve_meta_container":"","neve_meta_enable_content_width":"off","neve_meta_content_width":100,"neve_meta_title_alignment":"","neve_meta_author_avatar":"","neve_post_elements_order":"","neve_meta_disable_header":"","neve_meta_disable_footer":"","neve_meta_disable_title":""},"product_brand":[],"product_cat":[162,63,22],"product_tag":[],"class_list":{"0":"post-6627","1":"product","2":"type-product","3":"status-publish","4":"has-post-thumbnail","6":"product_cat-productions-belges","7":"product_cat-val-saint-lambert","8":"product_cat-verrerie","10":"first","11":"instock","12":"shipping-taxable","13":"purchasable","14":"product-type-simple"},"_links":{"self":[{"href":"https:\/\/legrenierdelatour.be\/brocante\/wp-json\/wp\/v2\/product\/6627","targetHints":{"allow":["GET"]}}],"collection":[{"href":"https:\/\/legrenierdelatour.be\/brocante\/wp-json\/wp\/v2\/product"}],"about":[{"href":"https:\/\/legrenierdelatour.be\/brocante\/wp-json\/wp\/v2\/types\/product"}],"replies":[{"embeddable":true,"href":"https:\/\/legrenierdelatour.be\/brocante\/wp-json\/wp\/v2\/comments?post=6627"}],"wp:featuredmedia":[{"embeddable":true,"href":"https:\/\/legrenierdelatour.be\/brocante\/wp-json\/wp\/v2\/media\/6620"}],"wp:attachment":[{"href":"https:\/\/legrenierdelatour.be\/brocante\/wp-json\/wp\/v2\/media?parent=6627"}],"wp:term":[{"taxonomy":"product_brand","embeddable":true,"href":"https:\/\/legrenierdelatour.be\/brocante\/wp-json\/wp\/v2\/product_brand?post=6627"},{"taxonomy":"product_cat","embeddable":true,"href":"https:\/\/legrenierdelatour.be\/brocante\/wp-json\/wp\/v2\/product_cat?post=6627"},{"taxonomy":"product_tag","embeddable":true,"href":"https:\/\/legrenierdelatour.be\/brocante\/wp-json\/wp\/v2\/product_tag?post=6627"}],"curies":[{"name":"wp","href":"https:\/\/api.w.org\/{rel}","templated":true}]}}