{"id":6626,"date":"2023-10-24T13:34:47","date_gmt":"2023-10-24T11:34:47","guid":{"rendered":"https:\/\/legrenierdelatour.be\/brocante\/?post_type=product&#038;p=6626"},"modified":"2024-07-27T15:09:29","modified_gmt":"2024-07-27T13:09:29","slug":"filtre-a-cafe-melitta-102","status":"publish","type":"product","link":"https:\/\/legrenierdelatour.be\/brocante\/produit\/filtre-a-cafe-melitta-102\/","title":{"rendered":"Filtre \u00e0 caf\u00e9 Melitta 102"},"content":{"rendered":"<p>Beau filtre \u00e0 caf\u00e9 en fa\u00efence, de Melitta, portant le num\u00e9ro 102. Il est en parfait \u00e9tat et date sans doute des ann\u00e9es 1970-80.<\/p>\n<div>R\u00e9f 25.40<\/div>\n","protected":false},"excerpt":{"rendered":"<p>Beau filtre \u00e0 caf\u00e9 en fa\u00efence, de Melitta, portant le num\u00e9ro 102. Il est en parfait \u00e9tat et date sans doute des ann\u00e9es 1970-80. R\u00e9f 25.40<\/p>\n","protected":false},"featured_media":6619,"comment_status":"open","ping_status":"closed","template":"","meta":{"neve_meta_sidebar":"","neve_meta_container":"","neve_meta_enable_content_width":"off","neve_meta_content_width":100,"neve_meta_title_alignment":"","neve_meta_author_avatar":"","neve_post_elements_order":"","neve_meta_disable_header":"","neve_meta_disable_footer":"","neve_meta_disable_title":""},"product_brand":[],"product_cat":[48,172,16,173],"product_tag":[68,32,28],"class_list":{"0":"post-6626","1":"product","2":"type-product","3":"status-publish","4":"has-post-thumbnail","6":"product_cat-allemagne","7":"product_cat-en-cuisine","8":"product_cat-ceramique","9":"product_cat-objets-de-publicite","10":"product_tag-publicite","11":"product_tag-villeroy-et-boch","12":"product_tag-vintage","14":"first","15":"instock","16":"shipping-taxable","17":"purchasable","18":"product-type-simple"},"_links":{"self":[{"href":"https:\/\/legrenierdelatour.be\/brocante\/wp-json\/wp\/v2\/product\/6626","targetHints":{"allow":["GET"]}}],"collection":[{"href":"https:\/\/legrenierdelatour.be\/brocante\/wp-json\/wp\/v2\/product"}],"about":[{"href":"https:\/\/legrenierdelatour.be\/brocante\/wp-json\/wp\/v2\/types\/product"}],"replies":[{"embeddable":true,"href":"https:\/\/legrenierdelatour.be\/brocante\/wp-json\/wp\/v2\/comments?post=6626"}],"wp:featuredmedia":[{"embeddable":true,"href":"https:\/\/legrenierdelatour.be\/brocante\/wp-json\/wp\/v2\/media\/6619"}],"wp:attachment":[{"href":"https:\/\/legrenierdelatour.be\/brocante\/wp-json\/wp\/v2\/media?parent=6626"}],"wp:term":[{"taxonomy":"product_brand","embeddable":true,"href":"https:\/\/legrenierdelatour.be\/brocante\/wp-json\/wp\/v2\/product_brand?post=6626"},{"taxonomy":"product_cat","embeddable":true,"href":"https:\/\/legrenierdelatour.be\/brocante\/wp-json\/wp\/v2\/product_cat?post=6626"},{"taxonomy":"product_tag","embeddable":true,"href":"https:\/\/legrenierdelatour.be\/brocante\/wp-json\/wp\/v2\/product_tag?post=6626"}],"curies":[{"name":"wp","href":"https:\/\/api.w.org\/{rel}","templated":true}]}}