{"id":6597,"date":"2023-10-22T13:54:38","date_gmt":"2023-10-22T11:54:38","guid":{"rendered":"https:\/\/legrenierdelatour.be\/brocante\/?post_type=product&#038;p=6597"},"modified":"2023-10-22T13:54:39","modified_gmt":"2023-10-22T11:54:39","slug":"assiette-hosingen-leon-nosbusch-1968","status":"publish","type":"product","link":"https:\/\/legrenierdelatour.be\/brocante\/produit\/assiette-hosingen-leon-nosbusch-1968\/","title":{"rendered":"Assiette Hosingen L\u00e9on Nosbusch 1968"},"content":{"rendered":"<p>Grande assiette de d\u00e9coration (28 cm de diam\u00e8tre) de la commune de Hosingen avec monument et \u00e9cussons des villages. Elle est sign\u00e9e L.Nosbusch et dat\u00e9e 1968. L\u00e9on Nosbusch (1897-1979) est un sculpteur et peintre luxembourgeois, entre autres directeur d\u2019une fabrique de porcelaine \u00e0 Bruxelles. Il a obtenu le Prix Grand-Duc Adolphe en 1929. L\u2019assiette a un petit coup.<\/p>\n<div>R\u00e9f 25.25<\/div>\n","protected":false},"excerpt":{"rendered":"<p>Grande assiette de d\u00e9coration (28 cm de diam\u00e8tre) de la commune de Hosingen avec monument et \u00e9cussons des villages. Elle est sign\u00e9e L.Nosbusch et dat\u00e9e 1968. L\u00e9on Nosbusch (1897-1979) est un sculpteur et peintre luxembourgeois, entre autres directeur d\u2019une fabrique de porcelaine \u00e0 Bruxelles. Il a obtenu le Prix Grand-Duc Adolphe en 1929. L\u2019assiette a&hellip;&nbsp;<a href=\"https:\/\/legrenierdelatour.be\/brocante\/produit\/assiette-hosingen-leon-nosbusch-1968\/\" class=\"\" rel=\"bookmark\">Lire la suite &raquo;<span class=\"screen-reader-text\">Assiette Hosingen L\u00e9on Nosbusch 1968<\/span><\/a><\/p>\n","protected":false},"featured_media":6600,"comment_status":"open","ping_status":"closed","template":"","meta":{"neve_meta_sidebar":"","neve_meta_container":"","neve_meta_enable_content_width":"off","neve_meta_content_width":100,"neve_meta_title_alignment":"","neve_meta_author_avatar":"","neve_post_elements_order":"","neve_meta_disable_header":"","neve_meta_disable_footer":"","neve_meta_disable_title":""},"product_brand":[],"product_cat":[165,30,166,167],"product_tag":[79,83],"class_list":{"0":"post-6597","1":"product","2":"type-product","3":"status-publish","4":"has-post-thumbnail","6":"product_cat-luxembourg","7":"product_cat-luxemburgensia","8":"product_cat-luxemburgensia-luxemburgensia","9":"product_cat-peintures-et-sculptures","10":"product_tag-art","11":"product_tag-luxemburgensia","13":"first","14":"instock","15":"shipping-taxable","16":"purchasable","17":"product-type-simple"},"_links":{"self":[{"href":"https:\/\/legrenierdelatour.be\/brocante\/wp-json\/wp\/v2\/product\/6597","targetHints":{"allow":["GET"]}}],"collection":[{"href":"https:\/\/legrenierdelatour.be\/brocante\/wp-json\/wp\/v2\/product"}],"about":[{"href":"https:\/\/legrenierdelatour.be\/brocante\/wp-json\/wp\/v2\/types\/product"}],"replies":[{"embeddable":true,"href":"https:\/\/legrenierdelatour.be\/brocante\/wp-json\/wp\/v2\/comments?post=6597"}],"wp:featuredmedia":[{"embeddable":true,"href":"https:\/\/legrenierdelatour.be\/brocante\/wp-json\/wp\/v2\/media\/6600"}],"wp:attachment":[{"href":"https:\/\/legrenierdelatour.be\/brocante\/wp-json\/wp\/v2\/media?parent=6597"}],"wp:term":[{"taxonomy":"product_brand","embeddable":true,"href":"https:\/\/legrenierdelatour.be\/brocante\/wp-json\/wp\/v2\/product_brand?post=6597"},{"taxonomy":"product_cat","embeddable":true,"href":"https:\/\/legrenierdelatour.be\/brocante\/wp-json\/wp\/v2\/product_cat?post=6597"},{"taxonomy":"product_tag","embeddable":true,"href":"https:\/\/legrenierdelatour.be\/brocante\/wp-json\/wp\/v2\/product_tag?post=6597"}],"curies":[{"name":"wp","href":"https:\/\/api.w.org\/{rel}","templated":true}]}}