{"id":6578,"date":"2023-10-19T15:00:20","date_gmt":"2023-10-19T13:00:20","guid":{"rendered":"https:\/\/legrenierdelatour.be\/brocante\/?post_type=product&#038;p=6578"},"modified":"2023-10-19T15:06:38","modified_gmt":"2023-10-19T13:06:38","slug":"peintre-paysage-charles-mauri-2015","status":"publish","type":"product","link":"https:\/\/legrenierdelatour.be\/brocante\/produit\/peintre-paysage-charles-mauri-2015\/","title":{"rendered":"Peintre Paysage, Charles Mauri 2015"},"content":{"rendered":"<p>Petite peinture \u00e0 l\u2019huile (16,5&#215;15,5 cm hors cadre) repr\u00e9sentant un paysage de Semois. Elle est sign\u00e9e Ch.Mauri et dat\u00e9e de 2015. Charles Mauri un\u00a0gaumais d\u2019origine fran\u00e7aise, est dipl\u00f4m\u00e9 des Beaux-Arts de Paris et vit \u00e0 Sainte-C\u00e9cile. Il peint essentiellement des paysages le long de la Semois, son fil d\u2019Ariane (exposition \u00e0 Villers devant Orval en 2012, \u00e0 Florenville en 2016, \u00e0 Vresse sur Semois en 2018, \u00e0 Paliseul).<\/p>\n<div>R\u00e9f 25.16<\/div>\n","protected":false},"excerpt":{"rendered":"<p>Petite peinture \u00e0 l\u2019huile (16,5&#215;15,5 cm hors cadre) repr\u00e9sentant un paysage de Semois. Elle est sign\u00e9e Ch.Mauri et dat\u00e9e de 2015. Charles Mauri un\u00a0gaumais d\u2019origine fran\u00e7aise, est dipl\u00f4m\u00e9 des Beaux-Arts de Paris et vit \u00e0 Sainte-C\u00e9cile. Il peint essentiellement des paysages le long de la Semois, son fil d\u2019Ariane (exposition \u00e0 Villers devant Orval en&hellip;&nbsp;<a href=\"https:\/\/legrenierdelatour.be\/brocante\/produit\/peintre-paysage-charles-mauri-2015\/\" class=\"\" rel=\"bookmark\">Lire la suite &raquo;<span class=\"screen-reader-text\">Peintre Paysage, Charles Mauri 2015<\/span><\/a><\/p>\n","protected":false},"featured_media":6568,"comment_status":"open","ping_status":"closed","template":"","meta":{"neve_meta_sidebar":"","neve_meta_container":"","neve_meta_enable_content_width":"off","neve_meta_content_width":100,"neve_meta_title_alignment":"","neve_meta_author_avatar":"","neve_post_elements_order":"","neve_meta_disable_header":"","neve_meta_disable_footer":"","neve_meta_disable_title":""},"product_brand":[],"product_cat":[30,31,167],"product_tag":[79,112],"class_list":{"0":"post-6578","1":"product","2":"type-product","3":"status-publish","4":"has-post-thumbnail","6":"product_cat-luxemburgensia","7":"product_cat-pays-darlon","8":"product_cat-peintures-et-sculptures","9":"product_tag-art","10":"product_tag-pays-darlon","12":"first","13":"instock","14":"shipping-taxable","15":"purchasable","16":"product-type-simple"},"_links":{"self":[{"href":"https:\/\/legrenierdelatour.be\/brocante\/wp-json\/wp\/v2\/product\/6578","targetHints":{"allow":["GET"]}}],"collection":[{"href":"https:\/\/legrenierdelatour.be\/brocante\/wp-json\/wp\/v2\/product"}],"about":[{"href":"https:\/\/legrenierdelatour.be\/brocante\/wp-json\/wp\/v2\/types\/product"}],"replies":[{"embeddable":true,"href":"https:\/\/legrenierdelatour.be\/brocante\/wp-json\/wp\/v2\/comments?post=6578"}],"wp:featuredmedia":[{"embeddable":true,"href":"https:\/\/legrenierdelatour.be\/brocante\/wp-json\/wp\/v2\/media\/6568"}],"wp:attachment":[{"href":"https:\/\/legrenierdelatour.be\/brocante\/wp-json\/wp\/v2\/media?parent=6578"}],"wp:term":[{"taxonomy":"product_brand","embeddable":true,"href":"https:\/\/legrenierdelatour.be\/brocante\/wp-json\/wp\/v2\/product_brand?post=6578"},{"taxonomy":"product_cat","embeddable":true,"href":"https:\/\/legrenierdelatour.be\/brocante\/wp-json\/wp\/v2\/product_cat?post=6578"},{"taxonomy":"product_tag","embeddable":true,"href":"https:\/\/legrenierdelatour.be\/brocante\/wp-json\/wp\/v2\/product_tag?post=6578"}],"curies":[{"name":"wp","href":"https:\/\/api.w.org\/{rel}","templated":true}]}}