{"id":6559,"date":"2023-10-19T14:44:32","date_gmt":"2023-10-19T12:44:32","guid":{"rendered":"https:\/\/legrenierdelatour.be\/brocante\/?post_type=product&#038;p=6559"},"modified":"2023-10-19T14:44:32","modified_gmt":"2023-10-19T12:44:32","slug":"verres-a-vin-doyen","status":"publish","type":"product","link":"https:\/\/legrenierdelatour.be\/brocante\/produit\/verres-a-vin-doyen\/","title":{"rendered":"Verres \u00e0 vin Doyen"},"content":{"rendered":"<p>6 beaux verres \u00e0 vin en cristal (17 cm de haut) avec un beau d\u00e9cor de losanges et de \u00ab\u00a0feuilles\u00a0\u00bb grav\u00e9s. Un des verres portent \u00a0une \u00e9tiquette \u00ab \u00a0made in Belgium VD\u00a0\u00bb. Il s\u2019agit d\u2019une production des verreries Doyen.\u00a0Vers 1906, Jean-Baptiste Doyen fonda \u00e0 Havre-Ville une manufacture, qui \u00e9tait jusque dans les ann\u00e9es 1960 propri\u00e9t\u00e9 de la famille. Pendant les temps difficiles apr\u00e8s 1968, qui avaient entra\u00een\u00e9 la disparition des verreries, Doyen fusionna d\u2019abord avec la verrerie\u00a0<a href=\"https:\/\/gr-atlas.uni.lu\/index.php\/fr\/articles\/wi55\/gl103\/wa122\/he377\/bo401?task=view&amp;id=868\" target=\"_blank\" rel=\"noopener\">Boussu<\/a>, fond\u00e9e en 1960, puis fut absorb\u00e9e par\u00a0<em>\u00ab Manubelver \u00bb<\/em>\u00a0(<em>Manufactures Belgiques du Verre<\/em>) qui d\u00e9posa le bilan en 1975.\u00a0Doyen produisait encore jusqu\u2019\u00e0 1986 sous le nom de\u00a0<em>\u00ab Gelb \u00bb<\/em>, puis\u00a0<em>\u00ab Vereno \u00bb<\/em>. La verrerie s\u2019\u00e9tait sp\u00e9cialis\u00e9e sur un type de vase sp\u00e9cial, ce que l\u2019on appelle les\u00a0<em>\u00ab Vases Floralies \u00bb<\/em>.<\/p>\n<div>R\u00e9f 25.14<\/div>\n","protected":false},"excerpt":{"rendered":"<p>6 beaux verres \u00e0 vin en cristal (17 cm de haut) avec un beau d\u00e9cor de losanges et de \u00ab\u00a0feuilles\u00a0\u00bb grav\u00e9s. Un des verres portent \u00a0une \u00e9tiquette \u00ab \u00a0made in Belgium VD\u00a0\u00bb. Il s\u2019agit d\u2019une production des verreries Doyen.\u00a0Vers 1906, Jean-Baptiste Doyen fonda \u00e0 Havre-Ville une manufacture, qui \u00e9tait jusque dans les ann\u00e9es 1960 propri\u00e9t\u00e9&hellip;&nbsp;<a href=\"https:\/\/legrenierdelatour.be\/brocante\/produit\/verres-a-vin-doyen\/\" class=\"\" rel=\"bookmark\">Lire la suite &raquo;<span class=\"screen-reader-text\">Verres \u00e0 vin Doyen<\/span><\/a><\/p>\n","protected":false},"featured_media":6560,"comment_status":"open","ping_status":"closed","template":"","meta":{"neve_meta_sidebar":"","neve_meta_container":"","neve_meta_enable_content_width":"off","neve_meta_content_width":100,"neve_meta_title_alignment":"","neve_meta_author_avatar":"","neve_post_elements_order":"","neve_meta_disable_header":"","neve_meta_disable_footer":"","neve_meta_disable_title":""},"product_brand":[],"product_cat":[107,172,162,22],"product_tag":[],"class_list":{"0":"post-6559","1":"product","2":"type-product","3":"status-publish","4":"has-post-thumbnail","6":"product_cat-doyen","7":"product_cat-en-cuisine","8":"product_cat-productions-belges","9":"product_cat-verrerie","11":"first","12":"instock","13":"shipping-taxable","14":"purchasable","15":"product-type-simple"},"_links":{"self":[{"href":"https:\/\/legrenierdelatour.be\/brocante\/wp-json\/wp\/v2\/product\/6559","targetHints":{"allow":["GET"]}}],"collection":[{"href":"https:\/\/legrenierdelatour.be\/brocante\/wp-json\/wp\/v2\/product"}],"about":[{"href":"https:\/\/legrenierdelatour.be\/brocante\/wp-json\/wp\/v2\/types\/product"}],"replies":[{"embeddable":true,"href":"https:\/\/legrenierdelatour.be\/brocante\/wp-json\/wp\/v2\/comments?post=6559"}],"wp:featuredmedia":[{"embeddable":true,"href":"https:\/\/legrenierdelatour.be\/brocante\/wp-json\/wp\/v2\/media\/6560"}],"wp:attachment":[{"href":"https:\/\/legrenierdelatour.be\/brocante\/wp-json\/wp\/v2\/media?parent=6559"}],"wp:term":[{"taxonomy":"product_brand","embeddable":true,"href":"https:\/\/legrenierdelatour.be\/brocante\/wp-json\/wp\/v2\/product_brand?post=6559"},{"taxonomy":"product_cat","embeddable":true,"href":"https:\/\/legrenierdelatour.be\/brocante\/wp-json\/wp\/v2\/product_cat?post=6559"},{"taxonomy":"product_tag","embeddable":true,"href":"https:\/\/legrenierdelatour.be\/brocante\/wp-json\/wp\/v2\/product_tag?post=6559"}],"curies":[{"name":"wp","href":"https:\/\/api.w.org\/{rel}","templated":true}]}}