{"id":6558,"date":"2023-10-18T19:01:30","date_gmt":"2023-10-18T17:01:30","guid":{"rendered":"https:\/\/legrenierdelatour.be\/brocante\/?post_type=product&#038;p=6558"},"modified":"2023-10-19T14:17:54","modified_gmt":"2023-10-19T12:17:54","slug":"plaque-en-bronze-post-besuch-1985-zu-letzeburg","status":"publish","type":"product","link":"https:\/\/legrenierdelatour.be\/brocante\/produit\/plaque-en-bronze-post-besuch-1985-zu-letzeburg\/","title":{"rendered":"Plaque en bronze \u00ab\u00a0Popst Besuch 1985 zu Letzeburg\u00a0\u00bb"},"content":{"rendered":"<div>Plaque en bronze (8,5 cm de diam\u00e8tre) r\u00e9alis\u00e9e \u00e0 l\u2019occasion de la venur de Jean-Paul II \u00e0 Luxembourg en 1985. Inscription \u00ab\u00a0Popst Besuch 1985 zu Letzeburg\u00a0\u00bb.<\/div>\n<div>R\u00e9f 25.13<\/div>\n","protected":false},"excerpt":{"rendered":"<p>Plaque en bronze (8,5 cm de diam\u00e8tre) r\u00e9alis\u00e9e \u00e0 l\u2019occasion de la venur de Jean-Paul II \u00e0 Luxembourg en 1985. Inscription \u00ab\u00a0Popst Besuch 1985 zu Letzeburg\u00a0\u00bb. R\u00e9f 25.13<\/p>\n","protected":false},"featured_media":6555,"comment_status":"open","ping_status":"closed","template":"","meta":{"neve_meta_sidebar":"","neve_meta_container":"","neve_meta_enable_content_width":"off","neve_meta_content_width":100,"neve_meta_title_alignment":"","neve_meta_author_avatar":"","neve_post_elements_order":"","neve_meta_disable_header":"","neve_meta_disable_footer":"","neve_meta_disable_title":""},"product_brand":[],"product_cat":[109,30,166,69,34],"product_tag":[83,35],"class_list":{"0":"post-6558","1":"product","2":"type-product","3":"status-publish","4":"has-post-thumbnail","6":"product_cat-metal","7":"product_cat-luxemburgensia","8":"product_cat-luxemburgensia-luxemburgensia","9":"product_cat-numismatique","10":"product_cat-religiosa","11":"product_tag-luxemburgensia","12":"product_tag-religion","14":"first","15":"instock","16":"shipping-taxable","17":"purchasable","18":"product-type-simple"},"_links":{"self":[{"href":"https:\/\/legrenierdelatour.be\/brocante\/wp-json\/wp\/v2\/product\/6558","targetHints":{"allow":["GET"]}}],"collection":[{"href":"https:\/\/legrenierdelatour.be\/brocante\/wp-json\/wp\/v2\/product"}],"about":[{"href":"https:\/\/legrenierdelatour.be\/brocante\/wp-json\/wp\/v2\/types\/product"}],"replies":[{"embeddable":true,"href":"https:\/\/legrenierdelatour.be\/brocante\/wp-json\/wp\/v2\/comments?post=6558"}],"wp:featuredmedia":[{"embeddable":true,"href":"https:\/\/legrenierdelatour.be\/brocante\/wp-json\/wp\/v2\/media\/6555"}],"wp:attachment":[{"href":"https:\/\/legrenierdelatour.be\/brocante\/wp-json\/wp\/v2\/media?parent=6558"}],"wp:term":[{"taxonomy":"product_brand","embeddable":true,"href":"https:\/\/legrenierdelatour.be\/brocante\/wp-json\/wp\/v2\/product_brand?post=6558"},{"taxonomy":"product_cat","embeddable":true,"href":"https:\/\/legrenierdelatour.be\/brocante\/wp-json\/wp\/v2\/product_cat?post=6558"},{"taxonomy":"product_tag","embeddable":true,"href":"https:\/\/legrenierdelatour.be\/brocante\/wp-json\/wp\/v2\/product_tag?post=6558"}],"curies":[{"name":"wp","href":"https:\/\/api.w.org\/{rel}","templated":true}]}}