{"id":6547,"date":"2023-10-18T18:40:59","date_gmt":"2023-10-18T16:40:59","guid":{"rendered":"https:\/\/legrenierdelatour.be\/brocante\/?post_type=product&#038;p=6547"},"modified":"2025-02-15T17:11:27","modified_gmt":"2025-02-15T16:11:27","slug":"assiette-en-emaux-de-longwy-province-de-luxembourg","status":"publish","type":"product","link":"https:\/\/legrenierdelatour.be\/brocante\/produit\/assiette-en-emaux-de-longwy-province-de-luxembourg\/","title":{"rendered":"Assiette en \u00e9maux de Longwy, Province de Luxembourg"},"content":{"rendered":"<p>Belle assiettes en \u00e9maux (22 cm de diam\u00e8tre) provenant de la fa\u00efencerie de Longwy (cr\u00e9\u00e9e en 1798). Elle porte les armoiries de la Province de Luxembourg. Elle porte l\u2019estampe des Emaux de Longwy utilis\u00e9 \u00e0 partir de 1994, ainsi que l\u2019inscription F3205. Elle est en parfait \u00e9tat et peut \u00eatre suspendue.<\/p>\n<div>R\u00e9f 25.10<\/div>\n","protected":false},"excerpt":{"rendered":"<p>Belle assiettes en \u00e9maux (22 cm de diam\u00e8tre) provenant de la fa\u00efencerie de Longwy (cr\u00e9\u00e9e en 1798). Elle porte les armoiries de la Province de Luxembourg. Elle porte l\u2019estampe des Emaux de Longwy utilis\u00e9 \u00e0 partir de 1994, ainsi que l\u2019inscription F3205. Elle est en parfait \u00e9tat et peut \u00eatre suspendue. R\u00e9f 25.10<\/p>\n","protected":false},"featured_media":6548,"comment_status":"open","ping_status":"closed","template":"","meta":{"neve_meta_sidebar":"","neve_meta_container":"","neve_meta_enable_content_width":"off","neve_meta_content_width":100,"neve_meta_title_alignment":"","neve_meta_author_avatar":"","neve_post_elements_order":"","neve_meta_disable_header":"","neve_meta_disable_footer":"","neve_meta_disable_title":""},"product_brand":[],"product_cat":[16,59,66,30,31],"product_tag":[112],"class_list":{"0":"post-6547","1":"product","2":"type-product","3":"status-publish","4":"has-post-thumbnail","6":"product_cat-ceramique","7":"product_cat-france","8":"product_cat-longwy","9":"product_cat-luxemburgensia","10":"product_cat-pays-darlon","11":"product_tag-pays-darlon","13":"first","14":"instock","15":"shipping-taxable","16":"purchasable","17":"product-type-simple"},"_links":{"self":[{"href":"https:\/\/legrenierdelatour.be\/brocante\/wp-json\/wp\/v2\/product\/6547","targetHints":{"allow":["GET"]}}],"collection":[{"href":"https:\/\/legrenierdelatour.be\/brocante\/wp-json\/wp\/v2\/product"}],"about":[{"href":"https:\/\/legrenierdelatour.be\/brocante\/wp-json\/wp\/v2\/types\/product"}],"replies":[{"embeddable":true,"href":"https:\/\/legrenierdelatour.be\/brocante\/wp-json\/wp\/v2\/comments?post=6547"}],"wp:featuredmedia":[{"embeddable":true,"href":"https:\/\/legrenierdelatour.be\/brocante\/wp-json\/wp\/v2\/media\/6548"}],"wp:attachment":[{"href":"https:\/\/legrenierdelatour.be\/brocante\/wp-json\/wp\/v2\/media?parent=6547"}],"wp:term":[{"taxonomy":"product_brand","embeddable":true,"href":"https:\/\/legrenierdelatour.be\/brocante\/wp-json\/wp\/v2\/product_brand?post=6547"},{"taxonomy":"product_cat","embeddable":true,"href":"https:\/\/legrenierdelatour.be\/brocante\/wp-json\/wp\/v2\/product_cat?post=6547"},{"taxonomy":"product_tag","embeddable":true,"href":"https:\/\/legrenierdelatour.be\/brocante\/wp-json\/wp\/v2\/product_tag?post=6547"}],"curies":[{"name":"wp","href":"https:\/\/api.w.org\/{rel}","templated":true}]}}