{"id":6528,"date":"2023-10-17T12:11:41","date_gmt":"2023-10-17T10:11:41","guid":{"rendered":"https:\/\/legrenierdelatour.be\/brocante\/?post_type=product&#038;p=6528"},"modified":"2023-10-19T14:19:07","modified_gmt":"2023-10-19T12:19:07","slug":"theiere-arcta-par-richard-scharrer-pour-thomas","status":"publish","type":"product","link":"https:\/\/legrenierdelatour.be\/brocante\/produit\/theiere-arcta-par-richard-scharrer-pour-thomas\/","title":{"rendered":"Th\u00e9i\u00e8re \u00ab\u00a0Arcta\u00a0\u00bb par Richard Scharrer pour Thomas"},"content":{"rendered":"<p>Jolie th\u00e9i\u00e8re (13 cm de haut couvercle compris) en porcelaine de la manufacture Thomas (depuis 1903, fait partie du Groupe Rosenthal). Elle fait partie de la collection Arcta design\u00e9e par Richard Scharrer (1914-2001) pour Thomas en Allemagne, en 1973. Son design discret et moderniste subtil \u00e9voque les paysages d\u2019hiver du Nord. Elle pr\u00e9sente une failure int\u00e9rieure non d\u00e9rangeante.<\/p>\n<div>R\u00e9f 25.03<\/div>\n","protected":false},"excerpt":{"rendered":"<p>Jolie th\u00e9i\u00e8re (13 cm de haut couvercle compris) en porcelaine de la manufacture Thomas (depuis 1903, fait partie du Groupe Rosenthal). Elle fait partie de la collection Arcta design\u00e9e par Richard Scharrer (1914-2001) pour Thomas en Allemagne, en 1973. Son design discret et moderniste subtil \u00e9voque les paysages d\u2019hiver du Nord. Elle pr\u00e9sente une failure&hellip;&nbsp;<a href=\"https:\/\/legrenierdelatour.be\/brocante\/produit\/theiere-arcta-par-richard-scharrer-pour-thomas\/\" class=\"\" rel=\"bookmark\">Lire la suite &raquo;<span class=\"screen-reader-text\">Th\u00e9i\u00e8re \u00ab\u00a0Arcta\u00a0\u00bb par Richard Scharrer pour Thomas<\/span><\/a><\/p>\n","protected":false},"featured_media":6522,"comment_status":"open","ping_status":"closed","template":"","meta":{"neve_meta_sidebar":"","neve_meta_container":"","neve_meta_enable_content_width":"off","neve_meta_content_width":100,"neve_meta_title_alignment":"","neve_meta_author_avatar":"","neve_post_elements_order":"","neve_meta_disable_header":"","neve_meta_disable_footer":"","neve_meta_disable_title":""},"product_brand":[],"product_cat":[15,48,168,172,16],"product_tag":[154],"class_list":{"0":"post-6528","1":"product","2":"type-product","3":"status-publish","4":"has-post-thumbnail","6":"product_cat-non-classe","7":"product_cat-allemagne","8":"product_cat-bavaria","9":"product_cat-en-cuisine","10":"product_cat-ceramique","11":"product_tag-bavaria","13":"first","14":"instock","15":"shipping-taxable","16":"purchasable","17":"product-type-simple"},"_links":{"self":[{"href":"https:\/\/legrenierdelatour.be\/brocante\/wp-json\/wp\/v2\/product\/6528","targetHints":{"allow":["GET"]}}],"collection":[{"href":"https:\/\/legrenierdelatour.be\/brocante\/wp-json\/wp\/v2\/product"}],"about":[{"href":"https:\/\/legrenierdelatour.be\/brocante\/wp-json\/wp\/v2\/types\/product"}],"replies":[{"embeddable":true,"href":"https:\/\/legrenierdelatour.be\/brocante\/wp-json\/wp\/v2\/comments?post=6528"}],"wp:featuredmedia":[{"embeddable":true,"href":"https:\/\/legrenierdelatour.be\/brocante\/wp-json\/wp\/v2\/media\/6522"}],"wp:attachment":[{"href":"https:\/\/legrenierdelatour.be\/brocante\/wp-json\/wp\/v2\/media?parent=6528"}],"wp:term":[{"taxonomy":"product_brand","embeddable":true,"href":"https:\/\/legrenierdelatour.be\/brocante\/wp-json\/wp\/v2\/product_brand?post=6528"},{"taxonomy":"product_cat","embeddable":true,"href":"https:\/\/legrenierdelatour.be\/brocante\/wp-json\/wp\/v2\/product_cat?post=6528"},{"taxonomy":"product_tag","embeddable":true,"href":"https:\/\/legrenierdelatour.be\/brocante\/wp-json\/wp\/v2\/product_tag?post=6528"}],"curies":[{"name":"wp","href":"https:\/\/api.w.org\/{rel}","templated":true}]}}